{"id":168079,"date":"2025-12-01T07:17:03","date_gmt":"2025-12-01T07:17:03","guid":{"rendered":"https:\/\/horecacenter.com\/?post_type=product&#038;p=168079"},"modified":"2026-03-24T13:44:17","modified_gmt":"2026-03-24T13:44:17","slug":"chaise-de-restaurant-avec-accoudoirs-omega-simili-cuir-cognac","status":"publish","type":"product","link":"https:\/\/horecacenter.com\/fr\/produit\/chaise-de-restaurant-avec-accoudoirs-omega-simili-cuir-cognac\/","title":{"rendered":"Chaise de Restaurant Avec Accoudoirs &#8211; OMEGA &#8211; Simili Cuir Cognac"},"content":{"rendered":"<p>Cette <strong>fauteuil horeca en simili cuir cognac<\/strong> est fabriqu\u00e9e \u00e0 partir de mat\u00e9riaux synth\u00e9tiques de haute qualit\u00e9 con\u00e7us pour un usage intensif. Le simili cuir offre une apparence luxueuse, une excellente r\u00e9sistance et un entretien facile. Associ\u00e9 \u00e0 un cadre robuste en h\u00eatre weng\u00e9, il garantit durabilit\u00e9 et \u00e9l\u00e9gance.<\/p>\n<p><strong>\u00c9l\u00e9gance et Confort Professionnel<\/strong><\/p>\n<p>Le <strong>Fauteuil Horeca OMEGA \u2013 Simili cuir Cognac<\/strong> combine design raffin\u00e9 et confort optimal. L\u2019assise ergonomique et les accoudoirs assurent un confort durable pour vos clients. La couleur cognac apporte une ambiance chaleureuse et accueillante id\u00e9ale pour restaurants, caf\u00e9s et bars. Cette chaise est parfaite pour les \u00e9tablissements recherchant une atmosph\u00e8re \u00e9l\u00e9gante et conviviale. Sa construction solide et ses mat\u00e9riaux de qualit\u00e9 assurent une longue dur\u00e9e de vie, m\u00eame en cas d\u2019utilisation intensive. L\u2019entretien est simple : un chiffon humide et un nettoyage doux suffisent. Le simili cuir reste propre et \u00e9l\u00e9gant avec un minimum d\u2019effort. \u00c9vitez les produits agressifs afin de pr\u00e9server sa qualit\u00e9.<\/p>\n<p>Vous lancez ou r\u00e9novez un \u00e9tablissement horeca ? Notre \u00e9quipe vous accompagne avec des conseils professionnels. Contactez-nous par <strong>T\u00e9l\u00e9phone<\/strong>, <strong>WhatsApp<\/strong> ou <strong>e-mail<\/strong> ou visitez notre showroom.<\/p>\n<p><strong>Informations suppl\u00e9mentaires :<\/strong> Patins inclus \u2022 Pr\u00eat \u00e0 l\u2019emploi \u2022 Fabrication europ\u00e9enne \u2022 Garantie 1 an \u2022 Traitement protecteur inclus<\/p>\n","protected":false},"excerpt":{"rendered":"<p>Cette fauteuil horeca en simili cuir cognac est fabriqu\u00e9e \u00e0 partir de mat\u00e9riaux synth\u00e9tiques de haute qualit\u00e9 con\u00e7us pour un<\/p>\n","protected":false},"featured_media":145056,"comment_status":"open","ping_status":"closed","template":"","meta":[],"product_brand":[],"product_cat":[10052],"product_tag":[10652,10653,10654,10655,10533,10656,10535,10540,10579,10580,10584,10585,10588,10589,10593,10610,10651],"class_list":{"0":"post-168079","1":"product","2":"type-product","3":"status-publish","4":"has-post-thumbnail","6":"product_cat-chaise-avec-accoudoir","7":"product_tag-stoel","8":"product_tag-stuhl","9":"product_tag-restaurant-st-hle","10":"product_tag-chair-2","11":"product_tag-horeca-meubelen","12":"product_tag-chaise","13":"product_tag-horeca-m-bel","14":"product_tag-horeca-furniture","15":"product_tag-horeca-stoelen","16":"product_tag-restaurant-stoelen","17":"product_tag-chaises-de-restaurant","18":"product_tag-chaises-horeca","19":"product_tag-restaurant-chairs","20":"product_tag-horeca-chairs","21":"product_tag-horeca-st-hle","22":"product_tag-meubles-horeca","23":"product_tag-horeca-inrichting","24":"pa_armrest-armrest-oui-fr","25":"pa_frame-non-empilable-frame-fr","26":"pa_product-arm-height-cm-7050-arm-height-cm-fr","27":"pa_product-color-color-cognac-fr","28":"pa_product-frame-color-wenge-frame-color-fr","29":"pa_product-material-material-cadre-en-bois-fr","30":"pa_product-more-colors-oui-fr","31":"pa_product-more-dimensions-oui-fr","32":"pa_product-seat-height-cm-49-seat-height-cm-fr","33":"pa_product-seat-width-cm-41-50-seat-width-cm-fr","34":"pa_product-seats-1-seats-fr","35":"pa_product-upholstery-upholstery-simili-cuir-fr","36":"pa_product-usage-usage-interieur-fr","38":"first","39":"onbackorder","40":"sale","41":"taxable","42":"shipping-taxable","43":"purchasable","44":"product-type-simple"},"_links":{"self":[{"href":"https:\/\/horecacenter.com\/fr\/wp-json\/wp\/v2\/product\/168079","targetHints":{"allow":["GET"]}}],"collection":[{"href":"https:\/\/horecacenter.com\/fr\/wp-json\/wp\/v2\/product"}],"about":[{"href":"https:\/\/horecacenter.com\/fr\/wp-json\/wp\/v2\/types\/product"}],"replies":[{"embeddable":true,"href":"https:\/\/horecacenter.com\/fr\/wp-json\/wp\/v2\/comments?post=168079"}],"version-history":[{"count":4,"href":"https:\/\/horecacenter.com\/fr\/wp-json\/wp\/v2\/product\/168079\/revisions"}],"predecessor-version":[{"id":191129,"href":"https:\/\/horecacenter.com\/fr\/wp-json\/wp\/v2\/product\/168079\/revisions\/191129"}],"wp:featuredmedia":[{"embeddable":true,"href":"https:\/\/horecacenter.com\/fr\/wp-json\/wp\/v2\/media\/145056"}],"wp:attachment":[{"href":"https:\/\/horecacenter.com\/fr\/wp-json\/wp\/v2\/media?parent=168079"}],"wp:term":[{"taxonomy":"product_brand","embeddable":true,"href":"https:\/\/horecacenter.com\/fr\/wp-json\/wp\/v2\/product_brand?post=168079"},{"taxonomy":"product_cat","embeddable":true,"href":"https:\/\/horecacenter.com\/fr\/wp-json\/wp\/v2\/product_cat?post=168079"},{"taxonomy":"product_tag","embeddable":true,"href":"https:\/\/horecacenter.com\/fr\/wp-json\/wp\/v2\/product_tag?post=168079"}],"curies":[{"name":"wp","href":"https:\/\/api.w.org\/{rel}","templated":true}]}}