{"id":169092,"date":"2025-12-01T11:35:50","date_gmt":"2025-12-01T11:35:50","guid":{"rendered":"https:\/\/horecacenter.com\/?post_type=product&#038;p=169092"},"modified":"2026-03-25T07:43:01","modified_gmt":"2026-03-25T07:43:01","slug":"fauteuil-de-restaurant-prag-simili-cuir-brun","status":"publish","type":"product","link":"https:\/\/horecacenter.com\/fr\/produit\/fauteuil-de-restaurant-prag-simili-cuir-brun\/","title":{"rendered":"Fauteuil de Restaurant &#8211; PRAG &#8211; Simili Cuir Brun"},"content":{"rendered":"<p>Ce fauteuil est recouvert de <strong>similicuir brun<\/strong>, un mat\u00e9riau durable et facile d\u2019entretien. Il est id\u00e9al pour un usage intensif en horeca tout en conservant une apparence \u00e9l\u00e9gante.<\/p>\n<p><strong>Fauteuil Horeca Luxe au Design Intemporel<\/strong><\/p>\n<p>Ce fauteuil en similicuir haut de gamme, disponible en plusieurs couleurs, offre une \u00e9l\u00e9gance remarquable gr\u00e2ce \u00e0 sa structure en h\u00eatre weng\u00e9. Il combine confort et style. Le <strong>Fauteuil Horeca PRAG \u2013 Similicuir Brun<\/strong> est id\u00e9al pour restaurants, caf\u00e9s et bars. Il invite les clients \u00e0 se d\u00e9tendre et \u00e0 profiter pleinement. Pour l\u2019entretien, nettoyer avec un chiffon doux l\u00e9g\u00e8rement humide. \u00c9vitez les produits agressifs afin de pr\u00e9server la qualit\u00e9.<\/p>\n<p>Vous lancez un projet horeca ? Contactez-nous via <strong>T\u00e9l\u00e9phone<\/strong>, <strong>WhatsApp<\/strong> ou <strong>e-mail<\/strong> ou visitez notre showroom.<\/p>\n<p><strong>Informations suppl\u00e9mentaires :<\/strong><\/p>\n<p>Couleurs disponibles : blanc, taupe, rouge, bordeaux, brun &amp; noir<br \/>\nLivr\u00e9 enti\u00e8rement mont\u00e9<br \/>\nProduit europ\u00e9en garanti<br \/>\nGarantie 1 an<\/p>\n","protected":false},"excerpt":{"rendered":"<p>Ce fauteuil est recouvert de similicuir brun, un mat\u00e9riau durable et facile d\u2019entretien. Il est id\u00e9al pour un usage intensif<\/p>\n","protected":false},"featured_media":92969,"comment_status":"open","ping_status":"closed","template":"","meta":[],"product_brand":[],"product_cat":[10052],"product_tag":[],"class_list":{"0":"post-169092","1":"product","2":"type-product","3":"status-publish","4":"has-post-thumbnail","6":"product_cat-chaise-avec-accoudoir","7":"pa_armrest-armrest-oui-fr","8":"pa_frame-non-empilable-frame-fr","9":"pa_product-color-color-brun-fr","10":"pa_product-frame-color-wenge-frame-color-fr","11":"pa_product-material-material-cadre-en-bois-fr","12":"pa_product-more-colors-oui-fr","13":"pa_product-seat-height-cm-47-seat-height-cm-fr","14":"pa_product-seat-width-cm-47-seat-width-cm-fr","15":"pa_product-seats-1-seats-fr","16":"pa_product-upholstery-upholstery-simili-cuir-fr","17":"pa_product-usage-usage-interieur-fr","19":"first","20":"onbackorder","21":"sale","22":"taxable","23":"shipping-taxable","24":"purchasable","25":"product-type-simple"},"_links":{"self":[{"href":"https:\/\/horecacenter.com\/fr\/wp-json\/wp\/v2\/product\/169092","targetHints":{"allow":["GET"]}}],"collection":[{"href":"https:\/\/horecacenter.com\/fr\/wp-json\/wp\/v2\/product"}],"about":[{"href":"https:\/\/horecacenter.com\/fr\/wp-json\/wp\/v2\/types\/product"}],"replies":[{"embeddable":true,"href":"https:\/\/horecacenter.com\/fr\/wp-json\/wp\/v2\/comments?post=169092"}],"version-history":[{"count":3,"href":"https:\/\/horecacenter.com\/fr\/wp-json\/wp\/v2\/product\/169092\/revisions"}],"predecessor-version":[{"id":191271,"href":"https:\/\/horecacenter.com\/fr\/wp-json\/wp\/v2\/product\/169092\/revisions\/191271"}],"wp:featuredmedia":[{"embeddable":true,"href":"https:\/\/horecacenter.com\/fr\/wp-json\/wp\/v2\/media\/92969"}],"wp:attachment":[{"href":"https:\/\/horecacenter.com\/fr\/wp-json\/wp\/v2\/media?parent=169092"}],"wp:term":[{"taxonomy":"product_brand","embeddable":true,"href":"https:\/\/horecacenter.com\/fr\/wp-json\/wp\/v2\/product_brand?post=169092"},{"taxonomy":"product_cat","embeddable":true,"href":"https:\/\/horecacenter.com\/fr\/wp-json\/wp\/v2\/product_cat?post=169092"},{"taxonomy":"product_tag","embeddable":true,"href":"https:\/\/horecacenter.com\/fr\/wp-json\/wp\/v2\/product_tag?post=169092"}],"curies":[{"name":"wp","href":"https:\/\/api.w.org\/{rel}","templated":true}]}}