{"id":169622,"date":"2025-11-22T10:51:28","date_gmt":"2025-11-22T10:51:28","guid":{"rendered":"https:\/\/horecacenter.com\/?post_type=product&#038;p=169622"},"modified":"2026-04-08T13:27:40","modified_gmt":"2026-04-08T13:27:40","slug":"chaise-de-bar-en-bois-pour-restaurant-lila-simili-cuir-noir","status":"publish","type":"product","link":"https:\/\/horecacenter.com\/fr\/produit\/chaise-de-bar-en-bois-pour-restaurant-lila-simili-cuir-noir\/","title":{"rendered":"Chaise de Bar en Bois Pour Restaurant &#8211; LILA &#8211; Simili Cuir Noir"},"content":{"rendered":"<p>Le rev\u00eatement en <strong>simili cuir noir<\/strong> offre une apparence \u00e9l\u00e9gante et est facile \u00e0 entretenir. Le simili cuir est r\u00e9sistant et adapt\u00e9 \u00e0 un usage intensif en horeca. La couleur noire apporte une touche intemporelle.<\/p>\n<p><strong>Chaise de Bar en Bois avec Dossier Crois\u00e9<\/strong><\/p>\n<p>La <strong>Chaise de bar Horeca LILA \u2013 Simili Cuir Noir<\/strong> associe une structure en bois solide \u00e0 un dossier crois\u00e9 \u00e9l\u00e9gant. L\u2019assise confortable offre un bon soutien. Le design est durable et pratique. Cette chaise de bar s\u2019int\u00e8gre parfaitement dans diff\u00e9rents styles d\u2019int\u00e9rieur. La couleur noire garantit une grande polyvalence. Parfaite pour bars, restaurants et caf\u00e9s. Nettoyez le simili cuir avec un chiffon humide. \u00c9vitez les produits agressifs pour pr\u00e9server la mati\u00e8re. Un entretien r\u00e9gulier prolonge la dur\u00e9e de vie.<\/p>\n<p>Vous lancez un projet horeca ou r\u00e9novez votre int\u00e9rieur ? Contactez-nous via <strong>T\u00e9l\u00e9phone<\/strong>, <strong>WhatsApp<\/strong> ou <strong>e-mail<\/strong> ou visitez notre showroom.<\/p>\n<p><strong>Informations suppl\u00e9mentaires :<\/strong><\/p>\n<p>Disponible en plusieurs couleurs. Livr\u00e9e avec patins en plastique r\u00e9glables. Produit pr\u00eat \u00e0 l\u2019emploi. Produit europ\u00e9en garanti avec 1 an de garantie fabricant.<\/p>\n","protected":false},"excerpt":{"rendered":"<p>Le rev\u00eatement en simili cuir noir offre une apparence \u00e9l\u00e9gante et est facile \u00e0 entretenir. Le simili cuir est r\u00e9sistant<\/p>\n","protected":false},"featured_media":73585,"comment_status":"closed","ping_status":"closed","template":"","meta":[],"product_brand":[],"product_cat":[10268],"product_tag":[],"class_list":{"0":"post-169622","1":"product","2":"type-product","3":"status-publish","4":"has-post-thumbnail","6":"product_cat-chaises-de-bar-en-bois","7":"pa_frame-non-empilable-frame-fr","8":"pa_product-color-color-noir-fr","9":"pa_product-frame-color-wenge-frame-color-fr","10":"pa_product-material-cadre-en-hetre-material-fr","11":"pa_product-more-colors-oui-fr","12":"pa_product-more-dimensions-oui-fr","13":"pa_product-seat-depth-cm-41-seat-depth-cm-nl-fr","14":"pa_product-seat-height-cm-80-seat-height-cm-fr","15":"pa_product-seat-width-cm-43-50-seat-width-cm-fr","16":"pa_product-seats-1-seats-fr","17":"pa_product-upholstery-upholstery-simili-cuir-fr","18":"pa_product-usage-usage-interieur-fr","20":"first","21":"instock","22":"sale","23":"taxable","24":"shipping-taxable","25":"purchasable","26":"product-type-simple"},"_links":{"self":[{"href":"https:\/\/horecacenter.com\/fr\/wp-json\/wp\/v2\/product\/169622","targetHints":{"allow":["GET"]}}],"collection":[{"href":"https:\/\/horecacenter.com\/fr\/wp-json\/wp\/v2\/product"}],"about":[{"href":"https:\/\/horecacenter.com\/fr\/wp-json\/wp\/v2\/types\/product"}],"replies":[{"embeddable":true,"href":"https:\/\/horecacenter.com\/fr\/wp-json\/wp\/v2\/comments?post=169622"}],"version-history":[{"count":3,"href":"https:\/\/horecacenter.com\/fr\/wp-json\/wp\/v2\/product\/169622\/revisions"}],"predecessor-version":[{"id":192286,"href":"https:\/\/horecacenter.com\/fr\/wp-json\/wp\/v2\/product\/169622\/revisions\/192286"}],"wp:featuredmedia":[{"embeddable":true,"href":"https:\/\/horecacenter.com\/fr\/wp-json\/wp\/v2\/media\/73585"}],"wp:attachment":[{"href":"https:\/\/horecacenter.com\/fr\/wp-json\/wp\/v2\/media?parent=169622"}],"wp:term":[{"taxonomy":"product_brand","embeddable":true,"href":"https:\/\/horecacenter.com\/fr\/wp-json\/wp\/v2\/product_brand?post=169622"},{"taxonomy":"product_cat","embeddable":true,"href":"https:\/\/horecacenter.com\/fr\/wp-json\/wp\/v2\/product_cat?post=169622"},{"taxonomy":"product_tag","embeddable":true,"href":"https:\/\/horecacenter.com\/fr\/wp-json\/wp\/v2\/product_tag?post=169622"}],"curies":[{"name":"wp","href":"https:\/\/api.w.org\/{rel}","templated":true}]}}