{"id":169630,"date":"2025-11-22T07:19:35","date_gmt":"2025-11-22T07:19:35","guid":{"rendered":"https:\/\/horecacenter.com\/?post_type=product&#038;p=169630"},"modified":"2025-12-03T10:27:32","modified_gmt":"2025-12-03T10:27:32","slug":"horeca-holz-barstuhl-jarno-grun-kunstleder","status":"publish","type":"product","link":"https:\/\/horecacenter.com\/fr\/produit\/horeca-holz-barstuhl-jarno-grun-kunstleder\/","title":{"rendered":"Chaise de Bar en Bois Pour Restaurant &#8211; JARNO &#8211; Simili Cuir Vert"},"content":{"rendered":"<p><span style=\"color: #000000;\">Apportez une touche d&rsquo;\u00e9l\u00e9gance \u00e0 votre int\u00e9rieur avec ce tabouret de bar haut de gamme, rev\u00eatu de similicuir durable et disponible dans une gamme de couleurs \u00e9l\u00e9gantes. Le cadre en h\u00eatre teint\u00e9 weng\u00e9 d\u00e9gage une sophistication intemporelle et offre un soutien solide, id\u00e9al pour une utilisation intensive quotidienne. Le rev\u00eatement en similicuir est doux au toucher et facile \u00e0 nettoyer, parfait pour un environnement h\u00f4telier dynamique.<\/span><\/p>\n<p><span style=\"color: #000000;\">Con\u00e7u pour les restaurants, caf\u00e9s et bars souhaitant cr\u00e9er une ambiance accueillante, ce tabouret de bar allie confort et apparence luxueuse. Son design \u00e9pur\u00e9 et ses tons chauds permettent de donner facilement \u00e0 votre int\u00e9rieur une allure \u00e9l\u00e9gante et professionnelle, garantissant \u00e0 vos clients de se sentir les bienvenus et de prolonger leur s\u00e9jour. Optez pour un tabouret de bar qui allie esth\u00e9tique, fonctionnalit\u00e9 et durabilit\u00e9 \u2013 le choix id\u00e9al pour un concept h\u00f4telier moderne qui impressionne.<\/span><\/p>\n<p><span style=\"color: #000000;\"><strong>Informations suppl\u00e9mentaires :<\/strong><\/span><\/p>\n<ul>\n<li><span style=\"color: #000000;\">Fourni avec un clou de glissement en plastique standard.<\/span><\/li>\n<li><span style=\"color: #000000;\">Livr\u00e9 enti\u00e8rement pr\u00eat \u00e0 l&#8217;emploi.<\/span><\/li>\n<li><span style=\"color: #000000;\">Produit europ\u00e9en garantie.<\/span><\/li>\n<li><span style=\"color: #000000;\">Garantie d&rsquo;usine d&rsquo;un an.<\/span><\/li>\n<\/ul>\n","protected":false},"excerpt":{"rendered":"<p>Apportez une touche d&rsquo;\u00e9l\u00e9gance \u00e0 votre int\u00e9rieur avec ce tabouret de bar haut de gamme, rev\u00eatu de similicuir durable et<\/p>\n","protected":false},"featured_media":70201,"comment_status":"closed","ping_status":"closed","template":"","meta":[],"product_brand":[],"product_cat":[10268],"product_tag":[],"class_list":{"0":"post-169630","1":"product","2":"type-product","3":"status-publish","4":"has-post-thumbnail","6":"product_cat-chaises-de-bar-en-bois","7":"pa_frame-non-empilable-frame-fr","8":"pa_product-color-color-vert-fr","9":"pa_product-frame-color-wenge-frame-color-fr","10":"pa_product-material-cadre-en-hetre-material-fr","11":"pa_product-more-colors-oui-fr","12":"pa_product-more-dimensions-oui-fr","13":"pa_product-seat-depth-cm-36-depth-cm-fr","14":"pa_product-seat-height-cm-80-seat-height-cm-fr","15":"pa_product-seat-width-cm-40-seat-width-cm-fr","16":"pa_product-seats-1-seats-fr","17":"pa_product-upholstery-upholstery-simili-cuir-fr","18":"pa_product-usage-usage-interieur-fr","20":"first","21":"onbackorder","22":"sale","23":"taxable","24":"shipping-taxable","25":"purchasable","26":"product-type-simple"},"_links":{"self":[{"href":"https:\/\/horecacenter.com\/fr\/wp-json\/wp\/v2\/product\/169630","targetHints":{"allow":["GET"]}}],"collection":[{"href":"https:\/\/horecacenter.com\/fr\/wp-json\/wp\/v2\/product"}],"about":[{"href":"https:\/\/horecacenter.com\/fr\/wp-json\/wp\/v2\/types\/product"}],"replies":[{"embeddable":true,"href":"https:\/\/horecacenter.com\/fr\/wp-json\/wp\/v2\/comments?post=169630"}],"version-history":[{"count":2,"href":"https:\/\/horecacenter.com\/fr\/wp-json\/wp\/v2\/product\/169630\/revisions"}],"predecessor-version":[{"id":169760,"href":"https:\/\/horecacenter.com\/fr\/wp-json\/wp\/v2\/product\/169630\/revisions\/169760"}],"wp:featuredmedia":[{"embeddable":true,"href":"https:\/\/horecacenter.com\/fr\/wp-json\/wp\/v2\/media\/70201"}],"wp:attachment":[{"href":"https:\/\/horecacenter.com\/fr\/wp-json\/wp\/v2\/media?parent=169630"}],"wp:term":[{"taxonomy":"product_brand","embeddable":true,"href":"https:\/\/horecacenter.com\/fr\/wp-json\/wp\/v2\/product_brand?post=169630"},{"taxonomy":"product_cat","embeddable":true,"href":"https:\/\/horecacenter.com\/fr\/wp-json\/wp\/v2\/product_cat?post=169630"},{"taxonomy":"product_tag","embeddable":true,"href":"https:\/\/horecacenter.com\/fr\/wp-json\/wp\/v2\/product_tag?post=169630"}],"curies":[{"name":"wp","href":"https:\/\/api.w.org\/{rel}","templated":true}]}}