{"id":170288,"date":"2025-12-05T11:31:34","date_gmt":"2025-12-05T11:31:34","guid":{"rendered":"https:\/\/horecacenter.com\/?post_type=product&#038;p=170288"},"modified":"2026-01-26T11:12:50","modified_gmt":"2026-01-26T11:12:50","slug":"chaise-de-bar-en-metal-pour-restaurant-carmen-simili-cuir-cognac-2","status":"publish","type":"product","link":"https:\/\/horecacenter.com\/fr\/produit\/chaise-de-bar-en-metal-pour-restaurant-carmen-simili-cuir-cognac-2\/","title":{"rendered":"Chaise de Bar en M\u00e9tal Pour Restaurant &#8211; LUCIANO &#8211; Microfibre Cognac"},"content":{"rendered":"<p><span style=\"color: #000000;\">Notre collection Vintage offre un look \u00e9l\u00e9gant et robuste.<\/span><br \/>\n<span style=\"color: #000000;\">Gr\u00e2ce \u00e0 ses pieds \u00e9troits et ses lignes distinctes, cette collection offre l\u2019atmosph\u00e8re et le confort n\u00e9cessaires \u00e0 votre int\u00e9rieur.<\/span><br \/>\n<span style=\"color: #000000;\">Cette collection Luxury Vintage est disponible en diff\u00e9rentes couleurs.<\/span><\/p>\n<p><span style=\"color: #000000;\"><strong>Informations suppl\u00e9mentaires :<\/strong><\/span><\/p>\n<ul>\n<li><span style=\"color: #000000;\">Les chaises ne sont pas assembl\u00e9es et sont toujours emball\u00e9es par 2 dans des bo\u00eetes en carton.<\/span><\/li>\n<li><span style=\"color: #000000;\">Le mat\u00e9riel n\u00e9cessaire pour l\u2019assemblage est inclus dans la bo\u00eete.<\/span><\/li>\n<\/ul>\n","protected":false},"excerpt":{"rendered":"<p>Notre collection Vintage offre un look \u00e9l\u00e9gant et robuste. Gr\u00e2ce \u00e0 ses pieds \u00e9troits et ses lignes distinctes, cette collection<\/p>\n","protected":false},"featured_media":178941,"comment_status":"closed","ping_status":"closed","template":"","meta":[],"product_brand":[],"product_cat":[10272,9860,10512],"product_tag":[],"class_list":{"0":"post-170288","1":"product","2":"type-product","3":"status-publish","4":"has-post-thumbnail","6":"product_cat-chaises-de-bar-en-m-tal","7":"product_cat-nouveau","8":"product_cat-bientot-disponible","9":"pa_frame-non-empilable-frame-fr","10":"pa_product-color-color-cognac-fr","11":"pa_product-frame-color-noir-framecolor-fr","12":"pa_product-material-cadre-en-metal-material-fr","13":"pa_product-more-colors-oui-fr","14":"pa_product-more-dimensions-oui-fr","15":"pa_product-seat-height-cm-78-seat-height-cm-fr","16":"pa_product-seat-width-cm-48-seat-width-cm-fr","17":"pa_product-seats-1-seats-fr","18":"pa_product-upholstery-upholstery-microfibre-fr","19":"pa_product-usage-usage-interieur-fr","21":"first","22":"instock","23":"sale","24":"taxable","25":"shipping-taxable","26":"purchasable","27":"product-type-simple"},"_links":{"self":[{"href":"https:\/\/horecacenter.com\/fr\/wp-json\/wp\/v2\/product\/170288","targetHints":{"allow":["GET"]}}],"collection":[{"href":"https:\/\/horecacenter.com\/fr\/wp-json\/wp\/v2\/product"}],"about":[{"href":"https:\/\/horecacenter.com\/fr\/wp-json\/wp\/v2\/types\/product"}],"replies":[{"embeddable":true,"href":"https:\/\/horecacenter.com\/fr\/wp-json\/wp\/v2\/comments?post=170288"}],"version-history":[{"count":4,"href":"https:\/\/horecacenter.com\/fr\/wp-json\/wp\/v2\/product\/170288\/revisions"}],"predecessor-version":[{"id":178780,"href":"https:\/\/horecacenter.com\/fr\/wp-json\/wp\/v2\/product\/170288\/revisions\/178780"}],"wp:featuredmedia":[{"embeddable":true,"href":"https:\/\/horecacenter.com\/fr\/wp-json\/wp\/v2\/media\/178941"}],"wp:attachment":[{"href":"https:\/\/horecacenter.com\/fr\/wp-json\/wp\/v2\/media?parent=170288"}],"wp:term":[{"taxonomy":"product_brand","embeddable":true,"href":"https:\/\/horecacenter.com\/fr\/wp-json\/wp\/v2\/product_brand?post=170288"},{"taxonomy":"product_cat","embeddable":true,"href":"https:\/\/horecacenter.com\/fr\/wp-json\/wp\/v2\/product_cat?post=170288"},{"taxonomy":"product_tag","embeddable":true,"href":"https:\/\/horecacenter.com\/fr\/wp-json\/wp\/v2\/product_tag?post=170288"}],"curies":[{"name":"wp","href":"https:\/\/api.w.org\/{rel}","templated":true}]}}