{"id":170336,"date":"2025-12-06T07:10:45","date_gmt":"2025-12-06T07:10:45","guid":{"rendered":"https:\/\/horecacenter.com\/?post_type=product&#038;p=170336"},"modified":"2026-03-13T09:08:10","modified_gmt":"2026-03-13T09:08:10","slug":"chaise-de-restaurant-avec-accoudoirs-oslo-velours-rouille","status":"publish","type":"product","link":"https:\/\/horecacenter.com\/fr\/produit\/chaise-de-restaurant-avec-accoudoirs-oslo-velours-rouille\/","title":{"rendered":"Chaise de Restaurant Avec Accoudoirs &#8211; OSLO &#8211; Velours Rouille"},"content":{"rendered":"<p>Cette chaise avec accoudoirs est recouverte de <strong>velours couleur rouille<\/strong>, un tissu luxueux reconnu pour sa douceur et son \u00e9l\u00e9gance. Le velours apporte une atmosph\u00e8re chaleureuse et raffin\u00e9e aux restaurants, caf\u00e9s et h\u00f4tels.<\/p>\n<p><strong>Chaise Horeca \u00c9l\u00e9gant et Confortable<\/strong><\/p>\n<p>La<strong> Chaise Horeca OSLO \u2013 Velours Rouille<\/strong> associe un design moderne avec une assise ergonomique et des accoudoirs int\u00e9gr\u00e9s pour un confort optimal. La couleur rouille apporte une ambiance chaleureuse et contemporaine aux restaurants, brasseries et h\u00f4tels. Le pi\u00e8tement m\u00e9tallique noir assure stabilit\u00e9 et contraste \u00e9l\u00e9gant. Pour l\u2019entretien, nettoyez le velours avec une brosse douce ou un chiffon l\u00e9g\u00e8rement humide. \u00c9vitez les produits agressifs afin de pr\u00e9server la texture et la couleur. Vous ouvrez un restaurant ou r\u00e9novez votre int\u00e9rieur ? Contactez-nous par <strong>T\u00e9l\u00e9phone<\/strong>, <strong>WhatsApp<\/strong> ou <strong>e-mail<\/strong> ou visitez notre showroom pour un accompagnement professionnel.<\/p>\n<p><span style=\"color: #000000;\"><strong>Informations suppl\u00e9mentaires :<\/strong><\/span><\/p>\n<ul>\n<li><span style=\"color: #000000;\">Les chaises ne sont pas assembl\u00e9es et sont toujours emball\u00e9es par paires dans des bo\u00eetes en carton.<\/span><\/li>\n<li><span style=\"color: #000000;\">L&rsquo;assise est fix\u00e9e au cadre \u00e0 l&rsquo;aide de 4 vis.<\/span><\/li>\n<li><span style=\"color: #000000;\">Le mat\u00e9riel n\u00e9cessaire pour l&rsquo;assemblage est inclus dans la bo\u00eete.<\/span><\/li>\n<li><span style=\"color: #000000;\">Les chaises sont faciles \u00e0 assembler.<\/span><\/li>\n<\/ul>\n","protected":false},"excerpt":{"rendered":"<p>Cette chaise avec accoudoirs est recouverte de velours couleur rouille, un tissu luxueux reconnu pour sa douceur et son \u00e9l\u00e9gance.<\/p>\n","protected":false},"featured_media":172069,"comment_status":"closed","ping_status":"closed","template":"","meta":[],"product_brand":[],"product_cat":[17399,10052],"product_tag":[10590,10535,10591,10540,10593,10578,10610,10579,10663,10582,10664,10583,10665,10585,10927,10586,13000,10587,10589],"class_list":{"0":"post-170336","1":"product","2":"type-product","3":"status-publish","4":"has-post-thumbnail","6":"product_cat-chaises-en-metal-tissu","7":"product_cat-chaise-avec-accoudoir","8":"product_tag-st-hle","9":"product_tag-horeca-m-bel","10":"product_tag-industriest-hle","11":"product_tag-horeca-furniture","12":"product_tag-horeca-st-hle","13":"product_tag-stoelen-2","14":"product_tag-meubles-horeca","15":"product_tag-horeca-stoelen","16":"product_tag-meubles-de-restaurant","17":"product_tag-chaises-2","18":"product_tag-restaurant-furniture","19":"product_tag-chaises-industrielles","20":"product_tag-restaurant-m-bel","21":"product_tag-chaises-horeca","22":"product_tag-restaurant-inrichting","23":"product_tag-chairs-2","24":"product_tag-restaurant-meubels","25":"product_tag-industrial-chairs","26":"product_tag-horeca-chairs","27":"pa_armrest-armrest-oui-fr","28":"pa_frame-non-empilable-frame-fr","29":"pa_product-arm-height-cm-64-arm-height-cm-fr","30":"pa_product-color-color-rouille-fr","31":"pa_product-frame-color-noir-framecolor-fr","32":"pa_product-material-cadre-en-metal-material-fr","33":"pa_product-more-colors-oui-fr","34":"pa_product-seat-height-cm-4850-seat-height-cm-fr","35":"pa_product-seat-width-cm-41-50-seat-width-cm-fr","36":"pa_product-seats-1-seats-fr","37":"pa_product-upholstery-upholstery-velours-fr","38":"pa_product-usage-usage-interieur-fr","40":"first","41":"instock","42":"sale","43":"taxable","44":"shipping-taxable","45":"purchasable","46":"product-type-simple"},"_links":{"self":[{"href":"https:\/\/horecacenter.com\/fr\/wp-json\/wp\/v2\/product\/170336","targetHints":{"allow":["GET"]}}],"collection":[{"href":"https:\/\/horecacenter.com\/fr\/wp-json\/wp\/v2\/product"}],"about":[{"href":"https:\/\/horecacenter.com\/fr\/wp-json\/wp\/v2\/types\/product"}],"replies":[{"embeddable":true,"href":"https:\/\/horecacenter.com\/fr\/wp-json\/wp\/v2\/comments?post=170336"}],"version-history":[{"count":5,"href":"https:\/\/horecacenter.com\/fr\/wp-json\/wp\/v2\/product\/170336\/revisions"}],"predecessor-version":[{"id":189435,"href":"https:\/\/horecacenter.com\/fr\/wp-json\/wp\/v2\/product\/170336\/revisions\/189435"}],"wp:featuredmedia":[{"embeddable":true,"href":"https:\/\/horecacenter.com\/fr\/wp-json\/wp\/v2\/media\/172069"}],"wp:attachment":[{"href":"https:\/\/horecacenter.com\/fr\/wp-json\/wp\/v2\/media?parent=170336"}],"wp:term":[{"taxonomy":"product_brand","embeddable":true,"href":"https:\/\/horecacenter.com\/fr\/wp-json\/wp\/v2\/product_brand?post=170336"},{"taxonomy":"product_cat","embeddable":true,"href":"https:\/\/horecacenter.com\/fr\/wp-json\/wp\/v2\/product_cat?post=170336"},{"taxonomy":"product_tag","embeddable":true,"href":"https:\/\/horecacenter.com\/fr\/wp-json\/wp\/v2\/product_tag?post=170336"}],"curies":[{"name":"wp","href":"https:\/\/api.w.org\/{rel}","templated":true}]}}