{"id":170523,"date":"2025-12-09T06:15:52","date_gmt":"2025-12-09T06:15:52","guid":{"rendered":"https:\/\/horecacenter.com\/?post_type=product&#038;p=170523"},"modified":"2026-03-13T09:20:33","modified_gmt":"2026-03-13T09:20:33","slug":"chaise-de-restaurant-avec-accoudoirs-luuk-vintage-tissu-elite-argile","status":"publish","type":"product","link":"https:\/\/horecacenter.com\/fr\/produit\/chaise-de-restaurant-avec-accoudoirs-luuk-vintage-tissu-elite-argile\/","title":{"rendered":"Chaise de Restaurant Avec Accoudoirs &#8211; LUUK &#8211;  Tissu Elite Argile"},"content":{"rendered":"<p>Cette chaise avec accoudoirs est recouverte de <strong>tissu vintage elite couleur argile<\/strong>, une mati\u00e8re durable offrant une texture douce et une apparence naturelle. Elle est parfaitement adapt\u00e9e aux restaurants, caf\u00e9s et h\u00f4tels.<\/p>\n<p><strong>Chaise Horeca \u00c9l\u00e9gant et Confortable<\/strong><\/p>\n<p>Le <strong>Chaise Horeca LUUK \u2013 Tissu Vintage Elite Argile<\/strong> combine un design moderne avec une assise ergonomique et des accoudoirs int\u00e9gr\u00e9s pour un confort optimal. La teinte argile apporte une atmosph\u00e8re chaleureuse et naturelle aux restaurants et brasseries. Le pi\u00e8tement m\u00e9tallique noir ajoute une touche contemporaine et assure stabilit\u00e9. Pour l\u2019entretien, nettoyez le tissu avec une brosse douce ou un chiffon l\u00e9g\u00e8rement humide. \u00c9vitez les produits agressifs afin de pr\u00e9server la texture et la couleur. Vous ouvrez un restaurant ou r\u00e9novez votre int\u00e9rieur ? Contactez-nous par <strong>T\u00e9l\u00e9phone<\/strong>, <strong>WhatsApp<\/strong> ou <strong>e-mail<\/strong> ou visitez notre showroom pour un accompagnement professionnel.<\/p>\n<p><span style=\"color: #000000;\"><strong>Informations suppl\u00e9mentaires :<\/strong><\/span><\/p>\n<ul>\n<li><span style=\"color: #000000;\">Les chaises ne sont pas assembl\u00e9es et sont toujours emball\u00e9es par paires dans des bo\u00eetes en carton.<\/span><\/li>\n<li><span style=\"color: #000000;\">L&rsquo;assise est fix\u00e9e au cadre \u00e0 l&rsquo;aide de 4 vis.<\/span><\/li>\n<li><span style=\"color: #000000;\">Le mat\u00e9riel n\u00e9cessaire pour l&rsquo;assemblage est inclus dans la bo\u00eete.<\/span><\/li>\n<li><span style=\"color: #000000;\">Les chaises sont faciles \u00e0 assembler.<\/span><\/li>\n<\/ul>\n","protected":false},"excerpt":{"rendered":"<p>Cette chaise avec accoudoirs est recouverte de tissu vintage elite couleur argile, une mati\u00e8re durable offrant une texture douce et<\/p>\n","protected":false},"featured_media":170525,"comment_status":"closed","ping_status":"closed","template":"","meta":[],"product_brand":[],"product_cat":[17402,17399,9860,10512],"product_tag":[10579,10663,10582,10664,10583,10665,10585,10927,10586,13000,10587,10589,10590,10535,10591,10540,10593,10578,10610],"class_list":{"0":"post-170523","1":"product","2":"type-product","3":"status-publish","4":"has-post-thumbnail","6":"product_cat-chaises-en-metal-tissu-vintage","7":"product_cat-chaises-en-metal-tissu","8":"product_cat-nouveau","9":"product_cat-bientot-disponible","10":"product_tag-horeca-stoelen","11":"product_tag-meubles-de-restaurant","12":"product_tag-chaises-2","13":"product_tag-restaurant-furniture","14":"product_tag-chaises-industrielles","15":"product_tag-restaurant-m-bel","16":"product_tag-chaises-horeca","17":"product_tag-restaurant-inrichting","18":"product_tag-chairs-2","19":"product_tag-restaurant-meubels","20":"product_tag-industrial-chairs","21":"product_tag-horeca-chairs","22":"product_tag-st-hle","23":"product_tag-horeca-m-bel","24":"product_tag-industriest-hle","25":"product_tag-horeca-furniture","26":"product_tag-horeca-st-hle","27":"product_tag-stoelen-2","28":"product_tag-meubles-horeca","29":"pa_armrest-armrest-oui-fr","30":"pa_frame-non-empilable-frame-fr","31":"pa_product-arm-height-cm-74-arm-height-cm-fr","32":"pa_product-backrest-cm-80-backrest-cm-fr","33":"pa_product-color-color-argile-fr","34":"pa_product-color-color-taupe-fr","35":"pa_product-frame-color-noir-framecolor-fr","36":"pa_product-material-cadre-en-metal-material-fr","37":"pa_product-more-colors-oui-fr","38":"pa_product-seat-depth-cm-45-seat-depth-cm-fr","39":"pa_product-seat-height-cm-49-seat-height-cm-fr","40":"pa_product-seat-width-cm-48-seat-width-cm-fr","41":"pa_product-seats-1-seats-fr","42":"pa_product-upholstery-upholstery-tissu-fr","43":"pa_product-usage-usage-interieur-fr","45":"first","46":"onbackorder","47":"sale","48":"taxable","49":"shipping-taxable","50":"purchasable","51":"product-type-simple"},"_links":{"self":[{"href":"https:\/\/horecacenter.com\/fr\/wp-json\/wp\/v2\/product\/170523","targetHints":{"allow":["GET"]}}],"collection":[{"href":"https:\/\/horecacenter.com\/fr\/wp-json\/wp\/v2\/product"}],"about":[{"href":"https:\/\/horecacenter.com\/fr\/wp-json\/wp\/v2\/types\/product"}],"replies":[{"embeddable":true,"href":"https:\/\/horecacenter.com\/fr\/wp-json\/wp\/v2\/comments?post=170523"}],"version-history":[{"count":4,"href":"https:\/\/horecacenter.com\/fr\/wp-json\/wp\/v2\/product\/170523\/revisions"}],"predecessor-version":[{"id":189448,"href":"https:\/\/horecacenter.com\/fr\/wp-json\/wp\/v2\/product\/170523\/revisions\/189448"}],"wp:featuredmedia":[{"embeddable":true,"href":"https:\/\/horecacenter.com\/fr\/wp-json\/wp\/v2\/media\/170525"}],"wp:attachment":[{"href":"https:\/\/horecacenter.com\/fr\/wp-json\/wp\/v2\/media?parent=170523"}],"wp:term":[{"taxonomy":"product_brand","embeddable":true,"href":"https:\/\/horecacenter.com\/fr\/wp-json\/wp\/v2\/product_brand?post=170523"},{"taxonomy":"product_cat","embeddable":true,"href":"https:\/\/horecacenter.com\/fr\/wp-json\/wp\/v2\/product_cat?post=170523"},{"taxonomy":"product_tag","embeddable":true,"href":"https:\/\/horecacenter.com\/fr\/wp-json\/wp\/v2\/product_tag?post=170523"}],"curies":[{"name":"wp","href":"https:\/\/api.w.org\/{rel}","templated":true}]}}