{"id":170558,"date":"2025-12-09T13:57:37","date_gmt":"2025-12-09T13:57:37","guid":{"rendered":"https:\/\/horecacenter.com\/?post_type=product&#038;p=170558"},"modified":"2026-03-10T13:48:07","modified_gmt":"2026-03-10T13:48:07","slug":"chaise-de-restaurant-avec-accoudoirs-flore-vintage-boucle-naturel","status":"publish","type":"product","link":"https:\/\/horecacenter.com\/fr\/produit\/chaise-de-restaurant-avec-accoudoirs-flore-vintage-boucle-naturel\/","title":{"rendered":"Chaise de Restaurant Avec Accoudoirs &#8211; FLORE &#8211;  Boucl\u00e9 Naturel"},"content":{"rendered":"<p>Ce fauteuil est recouvert de <strong>tissu boucl\u00e9 naturel<\/strong>, une mati\u00e8re douce et luxueuse reconnue pour sa texture riche et confortable. Le boucl\u00e9 apporte une ambiance chaleureuse et \u00e9l\u00e9gante.<\/p>\n<p><strong>Chaise Horeca \u00c9l\u00e9gant et Confortable<\/strong><\/p>\n<p>La <strong>Chaise Horeca FLORE \u2013 Boucl\u00e9 Naturel<\/strong> combine un design moderne avec une assise ergonomique et des accoudoirs confortables. Les clients profitent ainsi d\u2019une excellente exp\u00e9rience d\u2019assise. Cette chaise \u00e9l\u00e9gante apporte luxe et confort aux restaurants, caf\u00e9s et h\u00f4tels. Le pi\u00e8tement m\u00e9tallique noir assure stabilit\u00e9 et style contemporain. Le tissu boucl\u00e9 cr\u00e9e une atmosph\u00e8re chaleureuse et accueillante. Id\u00e9al pour un usage intensif et facile \u00e0 combiner avec diff\u00e9rents styles d\u2019int\u00e9rieur. Pour l\u2019entretien, nettoyez le boucl\u00e9 avec une brosse douce ou un chiffon l\u00e9g\u00e8rement humide. \u00c9vitez les produits agressifs pour pr\u00e9server la texture.<\/p>\n<p><span style=\"color: #000000;\"><strong>Informations suppl\u00e9mentaires :<\/strong><\/span><\/p>\n<ul>\n<li><span style=\"color: #000000;\">Les chaises ne sont pas assembl\u00e9es et sont toujours emball\u00e9es par 2 dans des bo\u00eetes en carton.<\/span><\/li>\n<li><span style=\"color: #000000;\">Le si\u00e8ge est viss\u00e9 au ch\u00e2ssis au moyen de 4 vis.<\/span><\/li>\n<li><span style=\"color: #000000;\">Le mat\u00e9riel n\u00e9cessaire pour l&rsquo;assemblage est inclus dans la bo\u00eete.<\/span><\/li>\n<li><span style=\"color: #000000;\"> Les chaises sont faciles \u00e0 assembler.<\/span><\/li>\n<\/ul>\n","protected":false},"excerpt":{"rendered":"<p>Ce fauteuil est recouvert de tissu boucl\u00e9 naturel, une mati\u00e8re douce et luxueuse reconnue pour sa texture riche et confortable.<\/p>\n","protected":false},"featured_media":170560,"comment_status":"open","ping_status":"closed","template":"","meta":[],"product_brand":[],"product_cat":[10052,17402,17399,9860,10512],"product_tag":[10584,10588,10592,10610,12459,12609,12957,10533,10535,10540,10580],"class_list":{"0":"post-170558","1":"product","2":"type-product","3":"status-publish","4":"has-post-thumbnail","6":"product_cat-chaise-avec-accoudoir","7":"product_cat-chaises-en-metal-tissu-vintage","8":"product_cat-chaises-en-metal-tissu","9":"product_cat-nouveau","10":"product_cat-bientot-disponible","11":"product_tag-chaises-de-restaurant","12":"product_tag-restaurant-chairs","13":"product_tag-restaurantst-hle","14":"product_tag-meubles-horeca","15":"product_tag-sessel-2","16":"product_tag-armchair","17":"product_tag-armstoel","18":"product_tag-horeca-meubelen","19":"product_tag-horeca-m-bel","20":"product_tag-horeca-furniture","21":"product_tag-restaurant-stoelen","22":"pa_armrest-armrest-oui-fr","23":"pa_frame-non-empilable-frame-fr","24":"pa_leg-height-43-leg-height-fr","25":"pa_product-arm-height-cm-65-arm-height-cm-fr","26":"pa_product-backrest-cm-87-backrest-cm-fr-fr","27":"pa_product-color-color-naturel-fr","28":"pa_product-frame-color-noir-framecolor-fr","29":"pa_product-material-cadre-en-metal-material-fr","30":"pa_product-more-colors-oui-fr","31":"pa_product-seat-depth-cm-44-seat-depth-cm-fr","32":"pa_product-seat-height-cm-48-seat-height-cm-fr","33":"pa_product-seat-width-cm-37-seat-width-cm-fr","34":"pa_product-seats-1-seats-fr","35":"pa_product-upholstery-upholstery-tissu-fr","36":"pa_product-usage-usage-interieur-fr","38":"first","39":"onbackorder","40":"sale","41":"taxable","42":"shipping-taxable","43":"purchasable","44":"product-type-simple"},"_links":{"self":[{"href":"https:\/\/horecacenter.com\/fr\/wp-json\/wp\/v2\/product\/170558","targetHints":{"allow":["GET"]}}],"collection":[{"href":"https:\/\/horecacenter.com\/fr\/wp-json\/wp\/v2\/product"}],"about":[{"href":"https:\/\/horecacenter.com\/fr\/wp-json\/wp\/v2\/types\/product"}],"replies":[{"embeddable":true,"href":"https:\/\/horecacenter.com\/fr\/wp-json\/wp\/v2\/comments?post=170558"}],"version-history":[{"count":4,"href":"https:\/\/horecacenter.com\/fr\/wp-json\/wp\/v2\/product\/170558\/revisions"}],"predecessor-version":[{"id":188630,"href":"https:\/\/horecacenter.com\/fr\/wp-json\/wp\/v2\/product\/170558\/revisions\/188630"}],"wp:featuredmedia":[{"embeddable":true,"href":"https:\/\/horecacenter.com\/fr\/wp-json\/wp\/v2\/media\/170560"}],"wp:attachment":[{"href":"https:\/\/horecacenter.com\/fr\/wp-json\/wp\/v2\/media?parent=170558"}],"wp:term":[{"taxonomy":"product_brand","embeddable":true,"href":"https:\/\/horecacenter.com\/fr\/wp-json\/wp\/v2\/product_brand?post=170558"},{"taxonomy":"product_cat","embeddable":true,"href":"https:\/\/horecacenter.com\/fr\/wp-json\/wp\/v2\/product_cat?post=170558"},{"taxonomy":"product_tag","embeddable":true,"href":"https:\/\/horecacenter.com\/fr\/wp-json\/wp\/v2\/product_tag?post=170558"}],"curies":[{"name":"wp","href":"https:\/\/api.w.org\/{rel}","templated":true}]}}