{"id":170619,"date":"2025-12-10T05:57:20","date_gmt":"2025-12-10T05:57:20","guid":{"rendered":"https:\/\/horecacenter.com\/?post_type=product&#038;p=170619"},"modified":"2026-03-13T11:43:45","modified_gmt":"2026-03-13T11:43:45","slug":"chaise-de-restaurant-zadig-vintage-tissu-cotele-naturel","status":"publish","type":"product","link":"https:\/\/horecacenter.com\/fr\/produit\/chaise-de-restaurant-zadig-vintage-tissu-cotele-naturel\/","title":{"rendered":"Chaise de Restaurant &#8211; ZADIG &#8211;  Tissu C\u00f4tel\u00e9 Naturel"},"content":{"rendered":"<p>Cette chaise horeca est recouverte de <strong>tissu ribcord naturel<\/strong>, une mati\u00e8re confortable avec une texture douce et caract\u00e9ristique.<\/p>\n<p><strong>Chaise Horeca \u00c9l\u00e9gante et Confortable<\/strong><\/p>\n<p>La <strong>Chaise Horeca ZADIG \u2013 Ribcord Naturel<\/strong> combine un design moderne avec une assise confortable et ergonomique. La couleur naturelle apporte une ambiance lumineuse et chaleureuse aux restaurants et caf\u00e9s. Le cadre m\u00e9tallique noir ajoute une touche contemporaine. Pour l\u2019entretien, nettoyez le tissu ribcord avec une brosse douce ou un chiffon l\u00e9g\u00e8rement humide. \u00c9vitez les produits agressifs. Vous ouvrez un restaurant ou modernisez votre \u00e9tablissement ? Contactez-nous par <strong>T\u00e9l\u00e9phone<\/strong>, <strong>WhatsApp<\/strong> ou <strong>e-mail<\/strong>.<\/p>\n<p><span style=\"color: #000000;\"><strong>Informations suppl\u00e9mentaires :<\/strong><\/span><\/p>\n<ul>\n<li><span style=\"color: #000000;\">Les chaises ne sont pas assembl\u00e9es et sont toujours emball\u00e9es par paires dans des bo\u00eetes en carton.<\/span><\/li>\n<li><span style=\"color: #000000;\">L&rsquo;assise est fix\u00e9e au cadre \u00e0 l&rsquo;aide de 4 vis.<\/span><\/li>\n<li><span style=\"color: #000000;\">Le mat\u00e9riel n\u00e9cessaire pour l&rsquo;assemblage est inclus dans la bo\u00eete.<\/span><\/li>\n<li><span style=\"color: #000000;\">Les chaises sont faciles \u00e0 assembler.<\/span><\/li>\n<\/ul>\n","protected":false},"excerpt":{"rendered":"<p>Cette chaise horeca est recouverte de tissu ribcord naturel, une mati\u00e8re confortable avec une texture douce et caract\u00e9ristique. Chaise Horeca<\/p>\n","protected":false},"featured_media":170639,"comment_status":"closed","ping_status":"closed","template":"","meta":[],"product_brand":[],"product_cat":[17402,17399],"product_tag":[10582,10664,10583,10665,10585,10927,10586,13000,10587,10589,10590,10535,10591,10540,10593,10578,10610,10579,10663],"class_list":{"0":"post-170619","1":"product","2":"type-product","3":"status-publish","4":"has-post-thumbnail","6":"product_cat-chaises-en-metal-tissu-vintage","7":"product_cat-chaises-en-metal-tissu","8":"product_tag-chaises-2","9":"product_tag-restaurant-furniture","10":"product_tag-chaises-industrielles","11":"product_tag-restaurant-m-bel","12":"product_tag-chaises-horeca","13":"product_tag-restaurant-inrichting","14":"product_tag-chairs-2","15":"product_tag-restaurant-meubels","16":"product_tag-industrial-chairs","17":"product_tag-horeca-chairs","18":"product_tag-st-hle","19":"product_tag-horeca-m-bel","20":"product_tag-industriest-hle","21":"product_tag-horeca-furniture","22":"product_tag-horeca-st-hle","23":"product_tag-stoelen-2","24":"product_tag-meubles-horeca","25":"product_tag-horeca-stoelen","26":"product_tag-meubles-de-restaurant","27":"pa_armrest-armrest-non-fr","28":"pa_frame-non-empilable-frame-fr","29":"pa_leg-height-43-leg-height-fr","30":"pa_leg-width-190-leg-width-fr","31":"pa_product-backrest-cm-79-backrest-cm-fr","32":"pa_product-color-color-naturel-fr","33":"pa_product-frame-color-noir-framecolor-fr","34":"pa_product-material-cadre-en-metal-material-fr","35":"pa_product-more-colors-oui-fr","36":"pa_product-more-dimensions-oui-fr","37":"pa_product-seat-depth-cm-45-seat-depth-cm-fr","38":"pa_product-seat-height-cm-50-seat-height-cm-fr","39":"pa_product-seats-1-seats-fr","40":"pa_product-upholstery-upholstery-tissu-fr","41":"pa_product-usage-usage-interieur-fr","43":"first","44":"onbackorder","45":"sale","46":"taxable","47":"shipping-taxable","48":"purchasable","49":"product-type-simple"},"_links":{"self":[{"href":"https:\/\/horecacenter.com\/fr\/wp-json\/wp\/v2\/product\/170619","targetHints":{"allow":["GET"]}}],"collection":[{"href":"https:\/\/horecacenter.com\/fr\/wp-json\/wp\/v2\/product"}],"about":[{"href":"https:\/\/horecacenter.com\/fr\/wp-json\/wp\/v2\/types\/product"}],"replies":[{"embeddable":true,"href":"https:\/\/horecacenter.com\/fr\/wp-json\/wp\/v2\/comments?post=170619"}],"version-history":[{"count":5,"href":"https:\/\/horecacenter.com\/fr\/wp-json\/wp\/v2\/product\/170619\/revisions"}],"predecessor-version":[{"id":189604,"href":"https:\/\/horecacenter.com\/fr\/wp-json\/wp\/v2\/product\/170619\/revisions\/189604"}],"wp:featuredmedia":[{"embeddable":true,"href":"https:\/\/horecacenter.com\/fr\/wp-json\/wp\/v2\/media\/170639"}],"wp:attachment":[{"href":"https:\/\/horecacenter.com\/fr\/wp-json\/wp\/v2\/media?parent=170619"}],"wp:term":[{"taxonomy":"product_brand","embeddable":true,"href":"https:\/\/horecacenter.com\/fr\/wp-json\/wp\/v2\/product_brand?post=170619"},{"taxonomy":"product_cat","embeddable":true,"href":"https:\/\/horecacenter.com\/fr\/wp-json\/wp\/v2\/product_cat?post=170619"},{"taxonomy":"product_tag","embeddable":true,"href":"https:\/\/horecacenter.com\/fr\/wp-json\/wp\/v2\/product_tag?post=170619"}],"curies":[{"name":"wp","href":"https:\/\/api.w.org\/{rel}","templated":true}]}}