{"id":170980,"date":"2025-12-15T08:34:54","date_gmt":"2025-12-15T08:34:54","guid":{"rendered":"https:\/\/horecacenter.com\/?post_type=product&#038;p=170980"},"modified":"2026-03-17T06:50:14","modified_gmt":"2026-03-17T06:50:14","slug":"chaise-de-restaurant-roko-simili-cuir-brun","status":"publish","type":"product","link":"https:\/\/horecacenter.com\/fr\/produit\/chaise-de-restaurant-roko-simili-cuir-brun\/","title":{"rendered":"Chaise de Restaurant &#8211; ROKO &#8211; Simili Cuir Brun"},"content":{"rendered":"<p>Cette chaise horeca est rev\u00eatue de <strong>similicuir brun<\/strong>, un mat\u00e9riau durable reconnu pour son entretien facile et son apparence \u00e9l\u00e9gante. Le similicuir est souvent utilis\u00e9 dans les restaurants, caf\u00e9s et h\u00f4tels gr\u00e2ce \u00e0 sa r\u00e9sistance et sa facilit\u00e9 de nettoyage. Ainsi, la chaise reste esth\u00e9tique et pratique m\u00eame en cas d\u2019utilisation intensive.<\/p>\n<p><strong>Chaise Horeca \u00c9l\u00e9gante avec Design \u00c9lanc\u00e9<\/strong><\/p>\n<p>La <strong>Chaise Horeca ROKO \u2013 Similicuir Brun<\/strong> associe un design moderne et \u00e9lanc\u00e9 \u00e0 une assise confortable. La couleur brune apporte une ambiance chaleureuse et \u00e9l\u00e9gante dans les restaurants, bistrots et h\u00f4tels. Le dossier haut offre un meilleur soutien et une allure raffin\u00e9e. La structure solide assure stabilit\u00e9 et durabilit\u00e9 pour une utilisation quotidienne. Son design minimaliste permet de l\u2019int\u00e9grer facilement dans diff\u00e9rents styles d\u2019int\u00e9rieur horeca. Pour l\u2019entretien du similicuir, nettoyez simplement l\u2019assise avec un chiffon doux l\u00e9g\u00e8rement humide. \u00c9vitez les produits agressifs afin de pr\u00e9server la couleur et la texture. Vous d\u00e9marrez un projet horeca ou souhaitez renouveler votre int\u00e9rieur ? Contactez-nous par <strong>T\u00e9l\u00e9phone<\/strong>, <strong>WhatsApp<\/strong> ou <strong>e-mail<\/strong> ou visitez notre showroom pour un conseil professionnel.<\/p>\n<p><span style=\"color: #000000;\"><strong>Informations suppl\u00e9mentaires :<\/strong><\/span><\/p>\n<ul>\n<li><span style=\"color: #000000;\">Profondeur d\u2019assise : 38 cm.<\/span><\/li>\n<li><span style=\"color: #000000;\">Livr\u00e9 avec un clou de glissement en plastique standard.<\/span><\/li>\n<li><span style=\"color: #000000;\">Livr\u00e9 enti\u00e8rement pr\u00eat \u00e0 l&#8217;emploi.<\/span><\/li>\n<li><span style=\"color: #000000;\">Produit europ\u00e9en garantie.<\/span><\/li>\n<li><span style=\"color: #000000;\">1 an de garantie.<\/span><\/li>\n<\/ul>\n","protected":false},"excerpt":{"rendered":"<p>Cette chaise horeca est rev\u00eatue de similicuir brun, un mat\u00e9riau durable reconnu pour son entretien facile et son apparence \u00e9l\u00e9gante.<\/p>\n","protected":false},"featured_media":171260,"comment_status":"closed","ping_status":"closed","template":"","meta":[],"product_brand":[],"product_cat":[9856],"product_tag":[10535,10540,10580,10584,10588,10592,10610,10651],"class_list":{"0":"post-170980","1":"product","2":"type-product","3":"status-publish","4":"has-post-thumbnail","6":"product_cat-chaises-en-cuir","7":"product_tag-horeca-m-bel","8":"product_tag-horeca-furniture","9":"product_tag-restaurant-stoelen","10":"product_tag-chaises-de-restaurant","11":"product_tag-restaurant-chairs","12":"product_tag-restaurantst-hle","13":"product_tag-meubles-horeca","14":"product_tag-horeca-inrichting","15":"pa_armrest-armrest-non-fr","16":"pa_frame-non-empilable-frame-fr","17":"pa_product-color-color-brun-fr","18":"pa_product-frame-color-wenge-frame-color-fr","19":"pa_product-material-material-cadre-en-bois-fr","20":"pa_product-more-colors-oui-fr","21":"pa_product-seat-height-cm-49-seat-height-cm-fr","22":"pa_product-seat-width-cm-44-50-seat-width-cm-fr","23":"pa_product-seats-1-seats-fr","24":"pa_product-upholstery-upholstery-simili-cuir-fr","25":"pa_product-usage-usage-interieur-fr","27":"first","28":"onbackorder","29":"sale","30":"taxable","31":"shipping-taxable","32":"purchasable","33":"product-type-simple"},"_links":{"self":[{"href":"https:\/\/horecacenter.com\/fr\/wp-json\/wp\/v2\/product\/170980","targetHints":{"allow":["GET"]}}],"collection":[{"href":"https:\/\/horecacenter.com\/fr\/wp-json\/wp\/v2\/product"}],"about":[{"href":"https:\/\/horecacenter.com\/fr\/wp-json\/wp\/v2\/types\/product"}],"replies":[{"embeddable":true,"href":"https:\/\/horecacenter.com\/fr\/wp-json\/wp\/v2\/comments?post=170980"}],"version-history":[{"count":2,"href":"https:\/\/horecacenter.com\/fr\/wp-json\/wp\/v2\/product\/170980\/revisions"}],"predecessor-version":[{"id":189885,"href":"https:\/\/horecacenter.com\/fr\/wp-json\/wp\/v2\/product\/170980\/revisions\/189885"}],"wp:featuredmedia":[{"embeddable":true,"href":"https:\/\/horecacenter.com\/fr\/wp-json\/wp\/v2\/media\/171260"}],"wp:attachment":[{"href":"https:\/\/horecacenter.com\/fr\/wp-json\/wp\/v2\/media?parent=170980"}],"wp:term":[{"taxonomy":"product_brand","embeddable":true,"href":"https:\/\/horecacenter.com\/fr\/wp-json\/wp\/v2\/product_brand?post=170980"},{"taxonomy":"product_cat","embeddable":true,"href":"https:\/\/horecacenter.com\/fr\/wp-json\/wp\/v2\/product_cat?post=170980"},{"taxonomy":"product_tag","embeddable":true,"href":"https:\/\/horecacenter.com\/fr\/wp-json\/wp\/v2\/product_tag?post=170980"}],"curies":[{"name":"wp","href":"https:\/\/api.w.org\/{rel}","templated":true}]}}