{"id":171593,"date":"2025-12-17T13:55:41","date_gmt":"2025-12-17T13:55:41","guid":{"rendered":"https:\/\/horecacenter.com\/?post_type=product&#038;p=171593"},"modified":"2026-03-05T07:33:30","modified_gmt":"2026-03-05T07:33:30","slug":"chaise-de-restaurant-joris-simili-cuir-vintage-graphite","status":"publish","type":"product","link":"https:\/\/horecacenter.com\/fr\/produit\/chaise-de-restaurant-joris-simili-cuir-vintage-graphite\/","title":{"rendered":"Chaise de Restaurant &#8211; JORIS &#8211; Simili Cuir  Graphite"},"content":{"rendered":"<p>Cette chaise horeca est rev\u00eatue de <strong>microcuir graphite<\/strong> compos\u00e9 de 60% de cuir v\u00e9ritable et 40% de similicuir. Ce mat\u00e9riau combine l\u2019\u00e9l\u00e9gance du cuir avec la r\u00e9sistance n\u00e9cessaire pour un usage intensif.<\/p>\n<p><strong>Chaise Horeca \u00c9l\u00e9gante avec Confort Premium<\/strong><\/p>\n<p>La <strong>Chaise Horeca JORIS \u2013 Microcuir Graphite<\/strong> associe un design moderne \u00e0 un confort id\u00e9al pour les environnements professionnels. L\u2019assise ergonomique et le dossier soutiennent les clients lors de repas prolong\u00e9s. Le motif matelass\u00e9 en losange dans le dossier apporte une touche luxueuse aux restaurants, brasseries et h\u00f4tels contemporains. Le pi\u00e8tement m\u00e9tallique noir assure stabilit\u00e9 et robustesse. Pour pr\u00e9server la qualit\u00e9 du microcuir, nettoyez la surface avec un chiffon doux l\u00e9g\u00e8rement humide. Les taches peuvent \u00eatre retir\u00e9es avec une solution savonneuse douce. Vous ouvrez un restaurant ou modernisez votre int\u00e9rieur ? Contactez-nous par <strong>T\u00e9l\u00e9phone<\/strong>, <strong>WhatsApp<\/strong> ou <strong>e-mail<\/strong> ou visitez notre showroom pour un conseil professionnel.<\/p>\n<p><span style=\"color: #000000;\"><strong>Informations suppl\u00e9mentaires :<\/strong><\/span><\/p>\n<ul>\n<li><span style=\"color: #000000;\">Les chaises ne sont pas assembl\u00e9es et sont toujours emball\u00e9es par paires dans des bo\u00eetes en carton.<\/span><\/li>\n<li><span style=\"color: #000000;\">L&rsquo;assise est fix\u00e9e au cadre \u00e0 l&rsquo;aide de 4 vis.<\/span><\/li>\n<li><span style=\"color: #000000;\">Le mat\u00e9riel n\u00e9cessaire pour l&rsquo;assemblage est inclus dans la bo\u00eete.<\/span><\/li>\n<li><span style=\"color: #000000;\">Les chaises sont faciles \u00e0 assembler.<\/span><\/li>\n<\/ul>\n","protected":false},"excerpt":{"rendered":"<p>Cette chaise horeca est rev\u00eatue de microcuir graphite compos\u00e9 de 60% de cuir v\u00e9ritable et 40% de similicuir. Ce mat\u00e9riau<\/p>\n","protected":false},"featured_media":122190,"comment_status":"open","ping_status":"closed","template":"","meta":[],"product_brand":[],"product_cat":[17393,17396],"product_tag":[10656,11042,12972,10652,10653,10655],"class_list":{"0":"post-171593","1":"product","2":"type-product","3":"status-publish","4":"has-post-thumbnail","6":"product_cat-chaises-en-metal-simili-cuir","7":"product_cat-chaises-en-metal-simili-cuir-industrielles","8":"product_tag-chaise","9":"product_tag-restaurant","10":"product_tag-horeca-stoel","11":"product_tag-stoel","12":"product_tag-stuhl","13":"product_tag-chair-2","14":"pa_armrest-armrest-non-fr","15":"pa_frame-non-empilable-frame-fr","16":"pa_product-color-color-graphite-fr","17":"pa_product-frame-color-noir-framecolor-fr","18":"pa_product-material-cadre-en-metal-material-fr","19":"pa_product-more-colors-oui-fr","20":"pa_product-more-dimensions-oui-fr","21":"pa_product-seat-depth-cm-42-seat-depth-cm-fr","22":"pa_product-seat-height-cm-48-seat-height-cm-fr","23":"pa_product-seat-width-cm-41-50-seat-width-cm-fr","24":"pa_product-seats-1-seats-fr","25":"pa_product-upholstery-upholstery-simili-cuir-fr","26":"pa_product-usage-usage-interieur-fr","28":"first","29":"onbackorder","30":"sale","31":"taxable","32":"shipping-taxable","33":"purchasable","34":"product-type-simple"},"_links":{"self":[{"href":"https:\/\/horecacenter.com\/fr\/wp-json\/wp\/v2\/product\/171593","targetHints":{"allow":["GET"]}}],"collection":[{"href":"https:\/\/horecacenter.com\/fr\/wp-json\/wp\/v2\/product"}],"about":[{"href":"https:\/\/horecacenter.com\/fr\/wp-json\/wp\/v2\/types\/product"}],"replies":[{"embeddable":true,"href":"https:\/\/horecacenter.com\/fr\/wp-json\/wp\/v2\/comments?post=171593"}],"version-history":[{"count":4,"href":"https:\/\/horecacenter.com\/fr\/wp-json\/wp\/v2\/product\/171593\/revisions"}],"predecessor-version":[{"id":186030,"href":"https:\/\/horecacenter.com\/fr\/wp-json\/wp\/v2\/product\/171593\/revisions\/186030"}],"wp:featuredmedia":[{"embeddable":true,"href":"https:\/\/horecacenter.com\/fr\/wp-json\/wp\/v2\/media\/122190"}],"wp:attachment":[{"href":"https:\/\/horecacenter.com\/fr\/wp-json\/wp\/v2\/media?parent=171593"}],"wp:term":[{"taxonomy":"product_brand","embeddable":true,"href":"https:\/\/horecacenter.com\/fr\/wp-json\/wp\/v2\/product_brand?post=171593"},{"taxonomy":"product_cat","embeddable":true,"href":"https:\/\/horecacenter.com\/fr\/wp-json\/wp\/v2\/product_cat?post=171593"},{"taxonomy":"product_tag","embeddable":true,"href":"https:\/\/horecacenter.com\/fr\/wp-json\/wp\/v2\/product_tag?post=171593"}],"curies":[{"name":"wp","href":"https:\/\/api.w.org\/{rel}","templated":true}]}}