{"id":175619,"date":"2026-01-07T09:44:36","date_gmt":"2026-01-07T09:44:36","guid":{"rendered":"https:\/\/horecacenter.com\/?post_type=product&#038;p=175619"},"modified":"2026-01-07T10:04:45","modified_gmt":"2026-01-07T10:04:45","slug":"table-de-restaurant-avec-pied-madrid-bk16-70x70-cm","status":"publish","type":"product","link":"https:\/\/horecacenter.com\/fr\/produit\/table-de-restaurant-avec-pied-madrid-bk16-70x70-cm\/","title":{"rendered":"Table de Restaurant Avec Pied &#8211; MADRID BK16 &#8211; 70&#215;70 cm"},"content":{"rendered":"<p><i class=\"fas fa-check-circle description-icon-green\" aria-hidden=\"true\"><\/i><span style=\"color: #ff6600;\"> Les tables ne sont pas assembl\u00e9es.<\/span><br \/>\n<i class=\"fas fa-check-circle description-icon-green\" aria-hidden=\"true\"><\/i><span style=\"color: #339966;\"> Les plateaux de table ne sont pas pr\u00e9-perc\u00e9s.<\/span><br \/>\n<i class=\"fas fa-check-circle description-icon-green\" aria-hidden=\"true\"><\/i><span style=\"color: #ff6600;\"> Les vis sont incluses si les plateaux de table sont command\u00e9s avec les pieds de table.<\/span><br \/>\n<i class=\"fas fa-check-circle description-icon-green\" aria-hidden=\"true\"><\/i><span style=\"color: #339966;\"> Le mat\u00e9riel n\u00e9cessaire pour l\u2019assemblage est inclus dans la bo\u00eete.<\/span><\/p>\n","protected":false},"excerpt":{"rendered":"<p>Les tables ne sont pas assembl\u00e9es. Les plateaux de table ne sont pas pr\u00e9-perc\u00e9s. Les vis sont incluses si les<\/p>\n","protected":false},"featured_media":175621,"comment_status":"open","ping_status":"closed","template":"","meta":[],"product_brand":[],"product_cat":[18070],"product_tag":[10787,10731,10732,10660,10733,10663,10744,10664,10745,10665,10746,10666,10747,10667,10748,10727,10749,10729,10750,10730],"class_list":{"0":"post-175619","1":"product","2":"type-product","3":"status-publish","4":"has-post-thumbnail","6":"product_cat-madrid-bk16-assortiment-de-table","7":"product_tag-table-2","8":"product_tag-tables-horeca","9":"product_tag-horeca-tables","10":"product_tag-restaurant-meubelen","11":"product_tag-tische-3","12":"product_tag-meubles-de-restaurant","13":"product_tag-tafel-onderstel","14":"product_tag-restaurant-furniture","15":"product_tag-restaurant-tafels","16":"product_tag-restaurant-m-bel","17":"product_tag-tables-de-restaurant","18":"product_tag-table-base","19":"product_tag-pied-de-table","20":"product_tag-tischbasis","21":"product_tag-restaurant-tables","22":"product_tag-tafels-3","23":"product_tag-restaurant-tabellen","24":"product_tag-horeca-tafels","25":"product_tag-horeca-tabellen","26":"product_tag-tables-5","27":"pa_product-frame-color-noir-framecolor-fr","28":"pa_product-more-colors-oui-fr","29":"pa_product-more-dimensions-oui-fr","30":"pa_product-seats-2-seats-fr","31":"pa_product-tabletop-color-anthracite-tabletop-color-fr","32":"pa_product-usage-usage-interieur-fr","33":"pa_table-height-cm-75-cm-fr","35":"first","36":"instock","37":"sale","38":"taxable","39":"shipping-taxable","40":"purchasable","41":"product-type-simple"},"_links":{"self":[{"href":"https:\/\/horecacenter.com\/fr\/wp-json\/wp\/v2\/product\/175619","targetHints":{"allow":["GET"]}}],"collection":[{"href":"https:\/\/horecacenter.com\/fr\/wp-json\/wp\/v2\/product"}],"about":[{"href":"https:\/\/horecacenter.com\/fr\/wp-json\/wp\/v2\/types\/product"}],"replies":[{"embeddable":true,"href":"https:\/\/horecacenter.com\/fr\/wp-json\/wp\/v2\/comments?post=175619"}],"version-history":[{"count":2,"href":"https:\/\/horecacenter.com\/fr\/wp-json\/wp\/v2\/product\/175619\/revisions"}],"predecessor-version":[{"id":175628,"href":"https:\/\/horecacenter.com\/fr\/wp-json\/wp\/v2\/product\/175619\/revisions\/175628"}],"wp:featuredmedia":[{"embeddable":true,"href":"https:\/\/horecacenter.com\/fr\/wp-json\/wp\/v2\/media\/175621"}],"wp:attachment":[{"href":"https:\/\/horecacenter.com\/fr\/wp-json\/wp\/v2\/media?parent=175619"}],"wp:term":[{"taxonomy":"product_brand","embeddable":true,"href":"https:\/\/horecacenter.com\/fr\/wp-json\/wp\/v2\/product_brand?post=175619"},{"taxonomy":"product_cat","embeddable":true,"href":"https:\/\/horecacenter.com\/fr\/wp-json\/wp\/v2\/product_cat?post=175619"},{"taxonomy":"product_tag","embeddable":true,"href":"https:\/\/horecacenter.com\/fr\/wp-json\/wp\/v2\/product_tag?post=175619"}],"curies":[{"name":"wp","href":"https:\/\/api.w.org\/{rel}","templated":true}]}}