{"id":177188,"date":"2026-01-16T12:05:07","date_gmt":"2026-01-16T12:05:07","guid":{"rendered":"https:\/\/horecacenter.com\/?post_type=product&#038;p=177188"},"modified":"2026-04-07T11:27:53","modified_gmt":"2026-04-07T11:27:53","slug":"chaise-de-bar-en-metal-avec-accourdoirs-pour-restaurant-bias-velours-cognac","status":"publish","type":"product","link":"https:\/\/horecacenter.com\/fr\/produit\/chaise-de-bar-en-metal-avec-accourdoirs-pour-restaurant-bias-velours-cognac\/","title":{"rendered":"Chaise de Bar en M\u00e9tal Avec Accourdoirs Pour Restaurant &#8211; BIAS &#8211; Velours Cognac"},"content":{"rendered":"<p><span style=\"color: #000000;\">Apportez raffinement et polyvalence \u00e0 votre int\u00e9rieur avec ce tabouret de bar en velours, disponible dans une gamme de couleurs \u00e9l\u00e9gantes. Le rev\u00eatement en velours doux offre une apparence luxueuse et un confort optimal, tandis que le cadre en m\u00e9tal noir \u00e9l\u00e9gant ajoute une touche moderne et industrielle. La fonction pivotante \u00e0 360\u00b0 rend ce tabouret particuli\u00e8rement pratique, id\u00e9al pour les \u00e9tablissements h\u00f4teliers dynamiques o\u00f9 flexibilit\u00e9 et style se rencontrent.<\/span><\/p>\n<p><span style=\"color: #000000;\">Con\u00e7u parfaitement pour les restaurants, caf\u00e9s et bars, ce tabouret de bar cr\u00e9e une ambiance accueillante qui incite vos clients \u00e0 prolonger leur s\u00e9jour. Les mat\u00e9riaux durables et la forme ergonomique garantissent un confort optimal m\u00eame lors d\u2019une utilisation intensive, tandis que la fonction pivotante favorise l\u2019interaction et la commodit\u00e9. Optez pour un tabouret qui allie fonctionnalit\u00e9 et allure chic \u2013 le choix parfait pour les entreprises h\u00f4teli\u00e8res souhaitant impressionner avec un int\u00e9rieur tendance et convivial.<\/span><\/p>\n<p><span style=\"color: #000000;\"><strong>Informations suppl\u00e9mentaires :<\/strong><\/span><\/p>\n<ul>\n<li><span style=\"color: #000000;\">Les chaises ne sont pas assembl\u00e9es et sont toujours emball\u00e9es par paires dans des bo\u00eetes en carton.<\/span><\/li>\n<li><span style=\"color: #000000;\">L&rsquo;assise est fix\u00e9e au cadre \u00e0 l&rsquo;aide de 4 vis.<\/span><\/li>\n<li><span style=\"color: #000000;\">Le mat\u00e9riel n\u00e9cessaire pour l&rsquo;assemblage est inclus dans la bo\u00eete.<\/span><\/li>\n<li><span style=\"color: #000000;\">Les chaises sont faciles \u00e0 assembler.<\/span><\/li>\n<\/ul>\n","protected":false},"excerpt":{"rendered":"<p>Apportez raffinement et polyvalence \u00e0 votre int\u00e9rieur avec ce tabouret de bar en velours, disponible dans une gamme de couleurs<\/p>\n","protected":false},"featured_media":90613,"comment_status":"closed","ping_status":"closed","template":"","meta":[],"product_brand":[],"product_cat":[10484],"product_tag":[17684,17700,17685,17701,17686,17702,17687,17703,17688,17704,17689,17705,17690,17706,17691,17707,17692,17708,17693,17694,17679,17695,17680,17696,17681,17697,17682,17698,17683,17699],"class_list":{"0":"post-177188","1":"product","2":"type-product","3":"status-publish","4":"has-post-thumbnail","6":"product_cat-chaises-de-bar-basses-en-metal","7":"product_tag-cafe-barstoel","8":"product_tag-black-metal-bar-stool","9":"product_tag-binnen-barkrukken","10":"product_tag-industrieller-barstuhl","11":"product_tag-zwarte-metalen-barkruk","12":"product_tag-vintage-barstuhl","13":"product_tag-chaise-de-bar-industrielle","14":"product_tag-moderne-metallbarstuhle","15":"product_tag-chaise-de-bar-vintage","16":"product_tag-metall","17":"product_tag-chaises-de-bar-en-metal-modernes","18":"product_tag-gastronomie-barstuhle","19":"product_tag-chaises-de-bar-pour-lhotellerie","20":"product_tag-cafe-barstuhl","21":"product_tag-chaise-de-bar-de-cafe","22":"product_tag-barhocker-fur-den-innenbereich","23":"product_tag-tabourets-de-bar-dinterieur","24":"product_tag-schwarzer-metallbarhocker","25":"product_tag-tabouret-de-bar-en-metal-noir","26":"product_tag-industrial-bar-stool","27":"product_tag-industriele-barstoel","28":"product_tag-vintage-bar-stool","29":"product_tag-vintage-barstoel","30":"product_tag-modern-metal-bar-stools","31":"product_tag-moderne-metalen-barstoelen","32":"product_tag-hospitality-bar-stools","33":"product_tag-metaal","34":"product_tag-cafe-bar-stool","35":"product_tag-horeca-barstoelen","36":"product_tag-indoor-bar-stools","37":"pa_armrest-armrest-oui-fr","38":"pa_frame-non-empilable-frame-fr","39":"pa_product-arm-height-cm-76-arm-height-cm-fr","40":"pa_product-color-color-cognac-fr","41":"pa_product-frame-color-noir-framecolor-fr","42":"pa_product-material-cadre-en-metal-material-fr","43":"pa_product-more-colors-oui-fr","44":"pa_product-more-dimensions-oui-fr","45":"pa_product-seat-depth-cm-40-seat-depth-cm-fr","46":"pa_product-seat-height-cm-65-seat-height-cm-fr","47":"pa_product-seat-width-cm-36-seat-width-cm-fr","48":"pa_product-seats-1-seats-fr","49":"pa_product-upholstery-upholstery-velours-fr","50":"pa_product-usage-usage-interieur-fr","52":"first","53":"instock","54":"sale","55":"taxable","56":"shipping-taxable","57":"purchasable","58":"product-type-simple"},"_links":{"self":[{"href":"https:\/\/horecacenter.com\/fr\/wp-json\/wp\/v2\/product\/177188","targetHints":{"allow":["GET"]}}],"collection":[{"href":"https:\/\/horecacenter.com\/fr\/wp-json\/wp\/v2\/product"}],"about":[{"href":"https:\/\/horecacenter.com\/fr\/wp-json\/wp\/v2\/types\/product"}],"replies":[{"embeddable":true,"href":"https:\/\/horecacenter.com\/fr\/wp-json\/wp\/v2\/comments?post=177188"}],"version-history":[{"count":2,"href":"https:\/\/horecacenter.com\/fr\/wp-json\/wp\/v2\/product\/177188\/revisions"}],"predecessor-version":[{"id":177219,"href":"https:\/\/horecacenter.com\/fr\/wp-json\/wp\/v2\/product\/177188\/revisions\/177219"}],"wp:featuredmedia":[{"embeddable":true,"href":"https:\/\/horecacenter.com\/fr\/wp-json\/wp\/v2\/media\/90613"}],"wp:attachment":[{"href":"https:\/\/horecacenter.com\/fr\/wp-json\/wp\/v2\/media?parent=177188"}],"wp:term":[{"taxonomy":"product_brand","embeddable":true,"href":"https:\/\/horecacenter.com\/fr\/wp-json\/wp\/v2\/product_brand?post=177188"},{"taxonomy":"product_cat","embeddable":true,"href":"https:\/\/horecacenter.com\/fr\/wp-json\/wp\/v2\/product_cat?post=177188"},{"taxonomy":"product_tag","embeddable":true,"href":"https:\/\/horecacenter.com\/fr\/wp-json\/wp\/v2\/product_tag?post=177188"}],"curies":[{"name":"wp","href":"https:\/\/api.w.org\/{rel}","templated":true}]}}