{"id":177247,"date":"2026-01-16T12:22:28","date_gmt":"2026-01-16T12:22:28","guid":{"rendered":"https:\/\/horecacenter.com\/?post_type=product&#038;p=177247"},"modified":"2026-01-16T12:31:57","modified_gmt":"2026-01-16T12:31:57","slug":"chaise-de-bar-en-bois-pour-restaurant-jarno-velours-cognac","status":"publish","type":"product","link":"https:\/\/horecacenter.com\/fr\/produit\/chaise-de-bar-en-bois-pour-restaurant-jarno-velours-cognac\/","title":{"rendered":"Chaise de Bar en Bois Pour Restaurant &#8211; JARNO &#8211; Velours Cognac"},"content":{"rendered":"<p><span style=\"color: #000000;\">Sublimez votre int\u00e9rieur avec ce tabouret de bar en velours \u00e9l\u00e9gant, disponible dans une gamme de couleurs magnifiques. Le cadre robuste en h\u00eatre teint\u00e9 weng\u00e9 d\u00e9gage une sophistication et garantit stabilit\u00e9 et durabilit\u00e9, id\u00e9al pour un usage intensif quotidien. Le rev\u00eatement en velours doux offre une sensation agr\u00e9able au toucher et un confort d&rsquo;assise exceptionnel, permettant \u00e0 vos clients de profiter pleinement de leur exp\u00e9rience.<\/span><\/p>\n<p><span style=\"color: #000000;\">Parfaitement adapt\u00e9 aux besoins des \u00e9tablissements h\u00f4teliers tels que restaurants, caf\u00e9s et bars, ce tabouret de bar ajoute une touche de luxe \u00e0 tout int\u00e9rieur. Que vous optiez pour un design moderne ou classique, ce tabouret cr\u00e9e une ambiance accueillante qui incite vos clients \u00e0 rester plus longtemps et \u00e0 revenir plus souvent. Avec ce tabouret de bar en velours, vous alliez sans effort style, confort et fonctionnalit\u00e9 \u2013 le choix parfait pour un concept h\u00f4telier tendance et convivial.<\/span><\/p>\n<p><span style=\"color: #000000;\"><strong>Informations suppl\u00e9mentaires :<\/strong><\/span><\/p>\n<ul>\n<li><span style=\"color: #000000;\">Fourni avec un clou de glissement en plastique standard.<\/span><\/li>\n<li><span style=\"color: #000000;\">Livr\u00e9 enti\u00e8rement pr\u00eat \u00e0 l&#8217;emploi.<\/span><\/li>\n<li><span style=\"color: #000000;\">Produit europ\u00e9en garantie.<\/span><\/li>\n<li><span style=\"color: #000000;\">Garantie d&rsquo;usine d&rsquo;un an.<\/span><\/li>\n<\/ul>\n","protected":false},"excerpt":{"rendered":"<p>Sublimez votre int\u00e9rieur avec ce tabouret de bar en velours \u00e9l\u00e9gant, disponible dans une gamme de couleurs magnifiques. Le cadre<\/p>\n","protected":false},"featured_media":116679,"comment_status":"open","ping_status":"closed","template":"","meta":[],"product_brand":[],"product_cat":[16306],"product_tag":[],"class_list":{"0":"post-177247","1":"product","2":"type-product","3":"status-publish","4":"has-post-thumbnail","6":"product_cat-tabourets-de-bar-en-velours","7":"pa_frame-non-empilable-frame-fr","8":"pa_product-color-color-cognac-fr","9":"pa_product-frame-color-wenge-frame-color-fr","10":"pa_product-material-cadre-en-hetre-material-fr","11":"pa_product-more-colors-oui-fr","12":"pa_product-seat-depth-cm-36-depth-cm-fr","13":"pa_product-seat-height-cm-80-seat-height-cm-fr","14":"pa_product-seat-width-cm-40-seat-width-cm-fr","15":"pa_product-seats-1-seats-fr","16":"pa_product-upholstery-upholstery-velours-fr","17":"pa_product-usage-usage-interieur-fr","19":"first","20":"onbackorder","21":"sale","22":"taxable","23":"shipping-taxable","24":"purchasable","25":"product-type-simple"},"_links":{"self":[{"href":"https:\/\/horecacenter.com\/fr\/wp-json\/wp\/v2\/product\/177247","targetHints":{"allow":["GET"]}}],"collection":[{"href":"https:\/\/horecacenter.com\/fr\/wp-json\/wp\/v2\/product"}],"about":[{"href":"https:\/\/horecacenter.com\/fr\/wp-json\/wp\/v2\/types\/product"}],"replies":[{"embeddable":true,"href":"https:\/\/horecacenter.com\/fr\/wp-json\/wp\/v2\/comments?post=177247"}],"version-history":[{"count":3,"href":"https:\/\/horecacenter.com\/fr\/wp-json\/wp\/v2\/product\/177247\/revisions"}],"predecessor-version":[{"id":177266,"href":"https:\/\/horecacenter.com\/fr\/wp-json\/wp\/v2\/product\/177247\/revisions\/177266"}],"wp:featuredmedia":[{"embeddable":true,"href":"https:\/\/horecacenter.com\/fr\/wp-json\/wp\/v2\/media\/116679"}],"wp:attachment":[{"href":"https:\/\/horecacenter.com\/fr\/wp-json\/wp\/v2\/media?parent=177247"}],"wp:term":[{"taxonomy":"product_brand","embeddable":true,"href":"https:\/\/horecacenter.com\/fr\/wp-json\/wp\/v2\/product_brand?post=177247"},{"taxonomy":"product_cat","embeddable":true,"href":"https:\/\/horecacenter.com\/fr\/wp-json\/wp\/v2\/product_cat?post=177247"},{"taxonomy":"product_tag","embeddable":true,"href":"https:\/\/horecacenter.com\/fr\/wp-json\/wp\/v2\/product_tag?post=177247"}],"curies":[{"name":"wp","href":"https:\/\/api.w.org\/{rel}","templated":true}]}}