{"id":177285,"date":"2026-01-16T12:37:21","date_gmt":"2026-01-16T12:37:21","guid":{"rendered":"https:\/\/horecacenter.com\/?post_type=product&#038;p=177285"},"modified":"2026-01-16T13:00:48","modified_gmt":"2026-01-16T13:00:48","slug":"chaise-de-bar-en-bois-pour-restaurant-tara-velours-cognac","status":"publish","type":"product","link":"https:\/\/horecacenter.com\/fr\/produit\/chaise-de-bar-en-bois-pour-restaurant-tara-velours-cognac\/","title":{"rendered":"Chaise de Bar en Bois Pour Restaurant &#8211; TARA &#8211; Velours Cognac"},"content":{"rendered":"<p><span style=\"color: #000000;\">Apportez une touche de luxe \u00e0 votre int\u00e9rieur avec ce tabouret de bar \u00e9l\u00e9gant en velours, disponible dans une gamme de couleurs tendance telles que cognac, anthracite et vert fonc\u00e9. Le cadre robuste en h\u00eatre teint\u00e9 weng\u00e9 offre non seulement une base solide, mais ajoute \u00e9galement une \u00e9l\u00e9gance intemporelle. Le rev\u00eatement en velours doux assure un confort d&rsquo;assise ultime, id\u00e9al pour les longues soir\u00e9es dans les restaurants, caf\u00e9s ou bars tendance.<\/span><\/p>\n<p><span style=\"color: #000000;\">Ce tabouret de bar allie raffinement et durabilit\u00e9, parfait pour une utilisation intensive dans les \u00e9tablissements h\u00f4teliers souhaitant cr\u00e9er une ambiance chaleureuse et accueillante. Que vous souhaitiez ajouter une touche moderne \u00e0 votre restaurant ou instaurer une ambiance conviviale dans votre caf\u00e9, ce tabouret de bar en velours est le point fort qui incitera vos clients \u00e0 se d\u00e9tendre et \u00e0 rester plus longtemps.\u00a0Cr\u00e9ez un int\u00e9rieur qui allie confort et style avec aisance \u2013 parfait pour les designs h\u00f4teliers contemporains.<\/span><\/p>\n<p><span style=\"color: #000000;\"><strong>Informations suppl\u00e9mentaires :<\/strong><\/span><\/p>\n<ul>\n<li><span style=\"color: #000000;\">Fourni en standard avec des pieds de bouton coulissants en plastique.<\/span><\/li>\n<li><span style=\"color: #000000;\">Compl\u00e8tement pr\u00eat \u00e0 l&#8217;emploi.<\/span><\/li>\n<li><span style=\"color: #000000;\">Produit europ\u00e9en garantie.<\/span><\/li>\n<li><span style=\"color: #000000;\">Garantie constructeur 1 an.<\/span><\/li>\n<\/ul>\n<p><span style=\"color: #000000;\"><strong>Options :<\/strong><\/span><\/p>\n<ul>\n<li><span style=\"color: #000000;\">Cadre naturel +7,50 \u20ac<\/span><\/li>\n<li><span style=\"color: #000000;\">Double couleur + 10,00 \u20ac<\/span><\/li>\n<li><span style=\"color: #000000;\">Ravenne (si\u00e8ge seul) + 15.00 \u20ac<\/span><\/li>\n<\/ul>\n","protected":false},"excerpt":{"rendered":"<p>Apportez une touche de luxe \u00e0 votre int\u00e9rieur avec ce tabouret de bar \u00e9l\u00e9gant en velours, disponible dans une gamme<\/p>\n","protected":false},"featured_media":116659,"comment_status":"open","ping_status":"closed","template":"","meta":[],"product_brand":[],"product_cat":[16306],"product_tag":[],"class_list":{"0":"post-177285","1":"product","2":"type-product","3":"status-publish","4":"has-post-thumbnail","6":"product_cat-tabourets-de-bar-en-velours","7":"pa_frame-non-empilable-frame-fr","8":"pa_product-color-color-cognac-fr","9":"pa_product-frame-color-wenge-frame-color-fr","10":"pa_product-material-cadre-en-hetre-material-fr","11":"pa_product-more-colors-oui-fr","12":"pa_product-seat-cm-45x45-seat-cm-fr","13":"pa_product-seat-height-cm-83-seat-height-cm-fr","14":"pa_product-seats-1-seats-fr","15":"pa_product-upholstery-upholstery-velours-fr","16":"pa_product-usage-usage-interieur-fr","18":"first","19":"onbackorder","20":"sale","21":"taxable","22":"shipping-taxable","23":"purchasable","24":"product-type-simple"},"_links":{"self":[{"href":"https:\/\/horecacenter.com\/fr\/wp-json\/wp\/v2\/product\/177285","targetHints":{"allow":["GET"]}}],"collection":[{"href":"https:\/\/horecacenter.com\/fr\/wp-json\/wp\/v2\/product"}],"about":[{"href":"https:\/\/horecacenter.com\/fr\/wp-json\/wp\/v2\/types\/product"}],"replies":[{"embeddable":true,"href":"https:\/\/horecacenter.com\/fr\/wp-json\/wp\/v2\/comments?post=177285"}],"version-history":[{"count":2,"href":"https:\/\/horecacenter.com\/fr\/wp-json\/wp\/v2\/product\/177285\/revisions"}],"predecessor-version":[{"id":177298,"href":"https:\/\/horecacenter.com\/fr\/wp-json\/wp\/v2\/product\/177285\/revisions\/177298"}],"wp:featuredmedia":[{"embeddable":true,"href":"https:\/\/horecacenter.com\/fr\/wp-json\/wp\/v2\/media\/116659"}],"wp:attachment":[{"href":"https:\/\/horecacenter.com\/fr\/wp-json\/wp\/v2\/media?parent=177285"}],"wp:term":[{"taxonomy":"product_brand","embeddable":true,"href":"https:\/\/horecacenter.com\/fr\/wp-json\/wp\/v2\/product_brand?post=177285"},{"taxonomy":"product_cat","embeddable":true,"href":"https:\/\/horecacenter.com\/fr\/wp-json\/wp\/v2\/product_cat?post=177285"},{"taxonomy":"product_tag","embeddable":true,"href":"https:\/\/horecacenter.com\/fr\/wp-json\/wp\/v2\/product_tag?post=177285"}],"curies":[{"name":"wp","href":"https:\/\/api.w.org\/{rel}","templated":true}]}}