{"id":177392,"date":"2026-01-16T13:52:17","date_gmt":"2026-01-16T13:52:17","guid":{"rendered":"https:\/\/horecacenter.com\/?post_type=product&#038;p=177392"},"modified":"2026-03-09T13:45:37","modified_gmt":"2026-03-09T13:45:37","slug":"chaise-de-restaurant-avec-accoudoirs-nelson-microfibre-vintage-gris","status":"publish","type":"product","link":"https:\/\/horecacenter.com\/fr\/produit\/chaise-de-restaurant-avec-accoudoirs-nelson-microfibre-vintage-gris\/","title":{"rendered":"Chaise de Restaurant Avec Accoudoirs &#8211; NELSON &#8211; Microfibre  Gris"},"content":{"rendered":"<p>Ce fauteuil est recouvert de <strong>microfibre vintage gris Chicago<\/strong>, un tissu durable avec une texture douce rappelant le su\u00e8de. La microfibre offre un excellent confort et une grande r\u00e9sistance.<\/p>\n<p><strong>Fauteuil Horeca Moderne et Confortable<\/strong><\/p>\n<p>Le <strong>Fauteuil Horeca NELSON \u2013 Microfibre Vintage Gris<\/strong> combine design contemporain et assise ergonomique avec accoudoirs int\u00e9gr\u00e9s. Le cadre m\u00e9tallique noir robuste assure une base solide et donne \u00e0 la chaise un style moderne. Id\u00e9al pour les caf\u00e9s, restaurants et autres \u00e9tablissements horeca. En cas de salet\u00e9 ou de tache, enlever imm\u00e9diatement avec un chiffon puis nettoyer avec une solution de savon liquide neutre. Rincer ensuite avec de l\u2019eau pure. Vous ouvrez un \u00e9tablissement horeca ou r\u00e9novez votre int\u00e9rieur ? Contactez-nous par <strong>T\u00e9l\u00e9phone<\/strong>, <strong>WhatsApp<\/strong> ou <strong>e-mail<\/strong> ou visitez notre showroom.<\/p>\n<p><span style=\"color: #000000;\"><strong>Informations suppl\u00e9mentaires :<\/strong><\/span><\/p>\n<ul>\n<li><span style=\"color: #000000;\">Les chaises ne sont pas assembl\u00e9es et sont toujours emball\u00e9es par 2 dans des bo\u00eetes en carton.<\/span><\/li>\n<li><span style=\"color: #000000;\">L&rsquo;assise est fix\u00e9e au cadre \u00e0 l&rsquo;aide de 4 vis.<\/span><\/li>\n<li><span style=\"color: #000000;\">Le mat\u00e9riel n\u00e9cessaire pour l&rsquo;assemblage est inclus dans la bo\u00eete.<\/span><\/li>\n<li><span style=\"color: #000000;\"> Les chaises sont faciles \u00e0 assembler.<\/span><\/li>\n<\/ul>\n","protected":false},"excerpt":{"rendered":"<p>Ce fauteuil est recouvert de microfibre vintage gris Chicago, un tissu durable avec une texture douce rappelant le su\u00e8de. La<\/p>\n","protected":false},"featured_media":122048,"comment_status":"open","ping_status":"closed","template":"","meta":[],"product_brand":[],"product_cat":[17402,17399,10052],"product_tag":[],"class_list":{"0":"post-177392","1":"product","2":"type-product","3":"status-publish","4":"has-post-thumbnail","6":"product_cat-chaises-en-metal-tissu-vintage","7":"product_cat-chaises-en-metal-tissu","8":"product_cat-chaise-avec-accoudoir","9":"pa_armrest-armrest-oui-fr","10":"pa_frame-non-empilable-frame-fr","11":"pa_product-arm-height-cm-6550-arm-height-cm-fr","12":"pa_product-color-color-gris-fr","13":"pa_product-frame-color-noir-framecolor-fr","14":"pa_product-material-cadre-en-metal-material-fr","15":"pa_product-more-colors-oui-fr","16":"pa_product-seat-depth-cm-43-seat-depth-cm-fr","17":"pa_product-seat-height-cm-51-3850-seat-height-cm-fr","18":"pa_product-seat-width-cm-40-seat-width-cm-fr","19":"pa_product-seats-1-seats-fr","20":"pa_product-upholstery-upholstery-microfibre-fr","21":"pa_product-usage-usage-interieur-fr","23":"first","24":"onbackorder","25":"sale","26":"taxable","27":"shipping-taxable","28":"purchasable","29":"product-type-simple"},"_links":{"self":[{"href":"https:\/\/horecacenter.com\/fr\/wp-json\/wp\/v2\/product\/177392","targetHints":{"allow":["GET"]}}],"collection":[{"href":"https:\/\/horecacenter.com\/fr\/wp-json\/wp\/v2\/product"}],"about":[{"href":"https:\/\/horecacenter.com\/fr\/wp-json\/wp\/v2\/types\/product"}],"replies":[{"embeddable":true,"href":"https:\/\/horecacenter.com\/fr\/wp-json\/wp\/v2\/comments?post=177392"}],"version-history":[{"count":3,"href":"https:\/\/horecacenter.com\/fr\/wp-json\/wp\/v2\/product\/177392\/revisions"}],"predecessor-version":[{"id":188226,"href":"https:\/\/horecacenter.com\/fr\/wp-json\/wp\/v2\/product\/177392\/revisions\/188226"}],"wp:featuredmedia":[{"embeddable":true,"href":"https:\/\/horecacenter.com\/fr\/wp-json\/wp\/v2\/media\/122048"}],"wp:attachment":[{"href":"https:\/\/horecacenter.com\/fr\/wp-json\/wp\/v2\/media?parent=177392"}],"wp:term":[{"taxonomy":"product_brand","embeddable":true,"href":"https:\/\/horecacenter.com\/fr\/wp-json\/wp\/v2\/product_brand?post=177392"},{"taxonomy":"product_cat","embeddable":true,"href":"https:\/\/horecacenter.com\/fr\/wp-json\/wp\/v2\/product_cat?post=177392"},{"taxonomy":"product_tag","embeddable":true,"href":"https:\/\/horecacenter.com\/fr\/wp-json\/wp\/v2\/product_tag?post=177392"}],"curies":[{"name":"wp","href":"https:\/\/api.w.org\/{rel}","templated":true}]}}