{"id":177610,"date":"2026-01-19T07:16:51","date_gmt":"2026-01-19T07:16:51","guid":{"rendered":"https:\/\/horecacenter.com\/?post_type=product&#038;p=177610"},"modified":"2026-03-25T06:48:43","modified_gmt":"2026-03-25T06:48:43","slug":"chaise-de-cafe-restaurant-et-horeca-prag-velours-cognac","status":"publish","type":"product","link":"https:\/\/horecacenter.com\/fr\/produit\/chaise-de-cafe-restaurant-et-horeca-prag-velours-cognac\/","title":{"rendered":"Chaise De Caf\u00e9, Restaurant Et Horeca &#8211; PRAG &#8211; Velours Cognac"},"content":{"rendered":"<p>Le <strong>velours cognac<\/strong> est fabriqu\u00e9 \u00e0 partir de fibres fines offrant une texture douce et luxueuse. Ce tissu est tr\u00e8s appr\u00e9ci\u00e9 dans le horeca pour son confort et son \u00e9l\u00e9gance. Sa structure dense le rend adapt\u00e9 \u00e0 un usage intensif.<\/p>\n<p><strong>Fauteuil Horeca Luxe et Confort<\/strong><\/p>\n<p>Profitez d\u2019un confort optimal avec ce fauteuil en velours, disponible en cognac, violet et rose. L\u2019assise douce et le dossier incurv\u00e9 offrent une sensation enveloppante. Le cadre en h\u00eatre assure solidit\u00e9 et stabilit\u00e9. Le <strong>Fauteuil Horeca PRAG \u2013 Velours Cognac<\/strong> cr\u00e9e une ambiance chaleureuse et raffin\u00e9e. Parfait pour restaurants, caf\u00e9s et lounges modernes. Nettoyez r\u00e9guli\u00e8rement avec une brosse douce ou un aspirateur. Les taches se retirent avec un chiffon l\u00e9g\u00e8rement humide, sans produits agressifs.<\/p>\n<p>Vous lancez un projet horeca ? Contactez notre \u00e9quipe via <strong>T\u00e9l\u00e9phone<\/strong>, <strong>WhatsApp<\/strong> ou <strong>e-mail<\/strong> ou visitez notre showroom.<\/p>\n<p><strong>Informations suppl\u00e9mentaires :<\/strong><\/p>\n<p>Patins en plastique inclus<br \/>\nPr\u00eat \u00e0 l\u2019emploi<br \/>\nProduit europ\u00e9en garanti<br \/>\nGarantie 1 an<\/p>\n","protected":false},"excerpt":{"rendered":"<p>Le velours cognac est fabriqu\u00e9 \u00e0 partir de fibres fines offrant une texture douce et luxueuse. Ce tissu est tr\u00e8s<\/p>\n","protected":false},"featured_media":127699,"comment_status":"open","ping_status":"closed","template":"","meta":[],"product_brand":[],"product_cat":[10052],"product_tag":[10586,10588,10590,10592,11042,12459,12514,12606,12609,10578,10580,10582,10584],"class_list":{"0":"post-177610","1":"product","2":"type-product","3":"status-publish","4":"has-post-thumbnail","6":"product_cat-chaise-avec-accoudoir","7":"product_tag-chairs-2","8":"product_tag-restaurant-chairs","9":"product_tag-st-hle","10":"product_tag-restaurantst-hle","11":"product_tag-restaurant","12":"product_tag-sessel-2","13":"product_tag-horeca","14":"product_tag-fauteuil","15":"product_tag-armchair","16":"product_tag-stoelen-2","17":"product_tag-restaurant-stoelen","18":"product_tag-chaises-2","19":"product_tag-chaises-de-restaurant","20":"pa_armrest-armrest-oui-fr","21":"pa_frame-non-empilable-frame-fr","22":"pa_product-color-color-cognac-fr","23":"pa_product-material-cadre-en-hetre-material-fr","24":"pa_product-more-colors-oui-fr","25":"pa_product-seat-height-cm-47-seat-height-cm-fr","26":"pa_product-seats-1-seats-fr","27":"pa_product-upholstery-upholstery-velours-fr","28":"pa_product-usage-usage-interieur-fr","30":"first","31":"onbackorder","32":"sale","33":"taxable","34":"shipping-taxable","35":"purchasable","36":"product-type-simple"},"_links":{"self":[{"href":"https:\/\/horecacenter.com\/fr\/wp-json\/wp\/v2\/product\/177610","targetHints":{"allow":["GET"]}}],"collection":[{"href":"https:\/\/horecacenter.com\/fr\/wp-json\/wp\/v2\/product"}],"about":[{"href":"https:\/\/horecacenter.com\/fr\/wp-json\/wp\/v2\/types\/product"}],"replies":[{"embeddable":true,"href":"https:\/\/horecacenter.com\/fr\/wp-json\/wp\/v2\/comments?post=177610"}],"version-history":[{"count":5,"href":"https:\/\/horecacenter.com\/fr\/wp-json\/wp\/v2\/product\/177610\/revisions"}],"predecessor-version":[{"id":191209,"href":"https:\/\/horecacenter.com\/fr\/wp-json\/wp\/v2\/product\/177610\/revisions\/191209"}],"wp:featuredmedia":[{"embeddable":true,"href":"https:\/\/horecacenter.com\/fr\/wp-json\/wp\/v2\/media\/127699"}],"wp:attachment":[{"href":"https:\/\/horecacenter.com\/fr\/wp-json\/wp\/v2\/media?parent=177610"}],"wp:term":[{"taxonomy":"product_brand","embeddable":true,"href":"https:\/\/horecacenter.com\/fr\/wp-json\/wp\/v2\/product_brand?post=177610"},{"taxonomy":"product_cat","embeddable":true,"href":"https:\/\/horecacenter.com\/fr\/wp-json\/wp\/v2\/product_cat?post=177610"},{"taxonomy":"product_tag","embeddable":true,"href":"https:\/\/horecacenter.com\/fr\/wp-json\/wp\/v2\/product_tag?post=177610"}],"curies":[{"name":"wp","href":"https:\/\/api.w.org\/{rel}","templated":true}]}}