{"id":178966,"date":"2026-01-28T07:44:01","date_gmt":"2026-01-28T07:44:01","guid":{"rendered":"https:\/\/horecacenter.com\/?post_type=product&#038;p=178966"},"modified":"2026-03-26T14:32:21","modified_gmt":"2026-03-26T14:32:21","slug":"chaise-de-bar-en-metal-pour-restaurant-luciano-microfibre-olive","status":"publish","type":"product","link":"https:\/\/horecacenter.com\/fr\/produit\/chaise-de-bar-en-metal-pour-restaurant-luciano-microfibre-olive\/","title":{"rendered":"Chaise de Bar en M\u00e9tal Pour Restaurant &#8211; LUCIANO &#8211; Microfibre Olive"},"content":{"rendered":"<p>Le <strong>rev\u00eatement en microfibre olive<\/strong> apporte \u00e0 ce tabouret de bar une apparence chaleureuse et \u00e9l\u00e9gante. Id\u00e9al pour les \u00e9tablissements horeca souhaitant cr\u00e9er une ambiance moderne et raffin\u00e9e.<\/p>\n<p><strong>Tabouret de Bar Industriel pour Horeca<\/strong><\/p>\n<p>Le <strong>Tabouret de Bar LUCIANO \u2013 Microfibre Olive<\/strong> associe une structure m\u00e9tallique noire \u00e9l\u00e9gante \u00e0 une assise ergonomique confortable. Parfait pour bars, restaurants et caf\u00e9s au style contemporain ou industriel.<\/p>\n<p>Notre collection Vintage offre une apparence \u00e9l\u00e9gante et robuste.<br \/>\nGr\u00e2ce \u00e0 ses pieds fins et ses lignes marqu\u00e9es, cette collection apporte ambiance et confort \u00e0 votre int\u00e9rieur.<br \/>\nCette collection Luxe Vintage est disponible en plusieurs coloris.<\/p>\n<p><strong>Informations suppl\u00e9mentaires :<\/strong><\/p>\n<ul>\n<li><span style=\"color: #000000;\">Les chaises sont livr\u00e9es non mont\u00e9es et emball\u00e9es par 2 dans des cartons<\/span><\/li>\n<li><span style=\"color: #000000;\">Le mat\u00e9riel n\u00e9cessaire au montage se trouve dans la bo\u00eete<\/span><\/li>\n<\/ul>\n<p>Le tissu microfibre est facile d\u2019entretien et adapt\u00e9 \u00e0 une utilisation intensive en horeca. Pour vos projets, contactez-nous via <strong>T\u00e9l\u00e9phone<\/strong>, <strong>WhatsApp<\/strong> ou <strong>e-mail<\/strong> ou visitez notre showroom.<\/p>\n","protected":false},"excerpt":{"rendered":"<p>Le rev\u00eatement en microfibre olive apporte \u00e0 ce tabouret de bar une apparence chaleureuse et \u00e9l\u00e9gante. Id\u00e9al pour les \u00e9tablissements<\/p>\n","protected":false},"featured_media":178980,"comment_status":"closed","ping_status":"closed","template":"","meta":[],"product_brand":[],"product_cat":[10272,9860,10512],"product_tag":[],"class_list":{"0":"post-178966","1":"product","2":"type-product","3":"status-publish","4":"has-post-thumbnail","6":"product_cat-chaises-de-bar-en-m-tal","7":"product_cat-nouveau","8":"product_cat-bientot-disponible","9":"pa_frame-non-empilable-frame-fr","10":"pa_product-color-color-olive-fr","11":"pa_product-frame-color-noir-framecolor-fr","12":"pa_product-material-cadre-en-metal-material-fr","13":"pa_product-more-colors-oui-fr","14":"pa_product-more-dimensions-oui-fr","15":"pa_product-seat-height-cm-78-seat-height-cm-fr","16":"pa_product-seat-width-cm-48-seat-width-cm-fr","17":"pa_product-seats-1-seats-fr","18":"pa_product-upholstery-upholstery-microfibre-fr","19":"pa_product-usage-usage-interieur-fr","21":"first","22":"outofstock","23":"sale","24":"taxable","25":"shipping-taxable","26":"purchasable","27":"product-type-simple"},"_links":{"self":[{"href":"https:\/\/horecacenter.com\/fr\/wp-json\/wp\/v2\/product\/178966","targetHints":{"allow":["GET"]}}],"collection":[{"href":"https:\/\/horecacenter.com\/fr\/wp-json\/wp\/v2\/product"}],"about":[{"href":"https:\/\/horecacenter.com\/fr\/wp-json\/wp\/v2\/types\/product"}],"replies":[{"embeddable":true,"href":"https:\/\/horecacenter.com\/fr\/wp-json\/wp\/v2\/comments?post=178966"}],"version-history":[{"count":3,"href":"https:\/\/horecacenter.com\/fr\/wp-json\/wp\/v2\/product\/178966\/revisions"}],"predecessor-version":[{"id":191680,"href":"https:\/\/horecacenter.com\/fr\/wp-json\/wp\/v2\/product\/178966\/revisions\/191680"}],"wp:featuredmedia":[{"embeddable":true,"href":"https:\/\/horecacenter.com\/fr\/wp-json\/wp\/v2\/media\/178980"}],"wp:attachment":[{"href":"https:\/\/horecacenter.com\/fr\/wp-json\/wp\/v2\/media?parent=178966"}],"wp:term":[{"taxonomy":"product_brand","embeddable":true,"href":"https:\/\/horecacenter.com\/fr\/wp-json\/wp\/v2\/product_brand?post=178966"},{"taxonomy":"product_cat","embeddable":true,"href":"https:\/\/horecacenter.com\/fr\/wp-json\/wp\/v2\/product_cat?post=178966"},{"taxonomy":"product_tag","embeddable":true,"href":"https:\/\/horecacenter.com\/fr\/wp-json\/wp\/v2\/product_tag?post=178966"}],"curies":[{"name":"wp","href":"https:\/\/api.w.org\/{rel}","templated":true}]}}