{"id":179922,"date":"2026-02-06T10:51:25","date_gmt":"2026-02-06T10:51:25","guid":{"rendered":"https:\/\/horecacenter.com\/?post_type=product&#038;p=179922"},"modified":"2026-03-17T07:23:10","modified_gmt":"2026-03-17T07:23:10","slug":"chaise-de-restaurant-dex-microfibre-vintage-cognac","status":"publish","type":"product","link":"https:\/\/horecacenter.com\/fr\/produit\/chaise-de-restaurant-dex-microfibre-vintage-cognac\/","title":{"rendered":"Chaise de Restaurant &#8211; DEX &#8211; Microfibre  Cognac"},"content":{"rendered":"<p>Cette chaise horeca est rev\u00eatue de <strong>microfibre cognac<\/strong>, un mat\u00e9riau de haute qualit\u00e9 reconnu pour sa douceur et sa durabilit\u00e9. La microfibre offre un excellent confort et convient parfaitement \u00e0 une utilisation intensive dans les restaurants, caf\u00e9s et h\u00f4tels. La couleur cognac apporte une ambiance chaleureuse et \u00e9l\u00e9gante.<\/p>\n<p><strong>Chaise Horeca \u00c9l\u00e9gante avec Finition Luxe<\/strong><\/p>\n<p>La <strong>Chaise Horeca DEX \u2013 Microfibre Cognac<\/strong> associe un design moderne \u00e0 un confort optimal gr\u00e2ce aux surpiq\u00fbres discr\u00e8tes du dossier. Le rev\u00eatement doux garantit une assise agr\u00e9able, tandis que le pi\u00e8tement noir assure stabilit\u00e9 et style contemporain. Gr\u00e2ce \u00e0 son design intemporel, cette chaise s\u2019int\u00e8gre facilement dans diff\u00e9rents styles d\u2019int\u00e9rieur horeca. Elle cr\u00e9e une atmosph\u00e8re chaleureuse et accueillante pour vos clients. Pour l\u2019entretien, nettoyez la microfibre avec une brosse douce ou un chiffon l\u00e9g\u00e8rement humide. \u00c9vitez les produits agressifs afin de pr\u00e9server la qualit\u00e9 du tissu. Vous d\u00e9marrez un projet horeca ou souhaitez renouveler votre int\u00e9rieur ? Contactez-nous par <strong>T\u00e9l\u00e9phone<\/strong>, <strong>WhatsApp<\/strong> ou <strong>e-mail<\/strong> ou visitez notre showroom pour un conseil professionnel.<\/p>\n<p><span style=\"color: #000000;\"><strong>Instructions d&rsquo;entretien et de nettoyage :<\/strong><\/span><br \/>\n<span style=\"color: #000000;\">En cas de salet\u00e9 et de taches, retirez imm\u00e9diatement la salet\u00e9 avec un chiffon, puis nettoyez doucement avec une solution de savon liquide neutre. Apr\u00e8s le nettoyage \u00e0 l&rsquo;eau pure, par exemple bouillie ou eau de source.<\/span><\/p>\n","protected":false},"excerpt":{"rendered":"<p>Cette chaise horeca est rev\u00eatue de microfibre cognac, un mat\u00e9riau de haute qualit\u00e9 reconnu pour sa douceur et sa durabilit\u00e9.<\/p>\n","protected":false},"featured_media":179964,"comment_status":"open","ping_status":"closed","template":"","meta":[],"product_brand":[],"product_cat":[9856],"product_tag":[10579,10590,10580,10591,10581,10592,10582,10593,10583,10584,10585,10586,10587,10588,10578,10589],"class_list":{"0":"post-179922","1":"product","2":"type-product","3":"status-publish","4":"has-post-thumbnail","6":"product_cat-chaises-en-cuir","7":"product_tag-horeca-stoelen","8":"product_tag-st-hle","9":"product_tag-restaurant-stoelen","10":"product_tag-industriest-hle","11":"product_tag-industrieel-stoelen","12":"product_tag-restaurantst-hle","13":"product_tag-chaises-2","14":"product_tag-horeca-st-hle","15":"product_tag-chaises-industrielles","16":"product_tag-chaises-de-restaurant","17":"product_tag-chaises-horeca","18":"product_tag-chairs-2","19":"product_tag-industrial-chairs","20":"product_tag-restaurant-chairs","21":"product_tag-stoelen-2","22":"product_tag-horeca-chairs","23":"pa_armrest-armrest-non-fr","24":"pa_frame-non-empilable-frame-fr","25":"pa_product-color-color-cognac-fr","26":"pa_product-frame-color-wenge-frame-color-fr","27":"pa_product-material-material-cadre-en-bois-fr","28":"pa_product-more-colors-oui-fr","29":"pa_product-seat-height-cm-51-seat-height-cm-fr","30":"pa_product-seat-width-cm-46-50-seat-width-cm-fr","31":"pa_product-seats-1-seats-fr","32":"pa_product-upholstery-upholstery-microfibre-fr","33":"pa_product-usage-usage-interieur-fr","35":"first","36":"onbackorder","37":"sale","38":"taxable","39":"shipping-taxable","40":"purchasable","41":"product-type-simple"},"_links":{"self":[{"href":"https:\/\/horecacenter.com\/fr\/wp-json\/wp\/v2\/product\/179922","targetHints":{"allow":["GET"]}}],"collection":[{"href":"https:\/\/horecacenter.com\/fr\/wp-json\/wp\/v2\/product"}],"about":[{"href":"https:\/\/horecacenter.com\/fr\/wp-json\/wp\/v2\/types\/product"}],"replies":[{"embeddable":true,"href":"https:\/\/horecacenter.com\/fr\/wp-json\/wp\/v2\/comments?post=179922"}],"version-history":[{"count":3,"href":"https:\/\/horecacenter.com\/fr\/wp-json\/wp\/v2\/product\/179922\/revisions"}],"predecessor-version":[{"id":189912,"href":"https:\/\/horecacenter.com\/fr\/wp-json\/wp\/v2\/product\/179922\/revisions\/189912"}],"wp:featuredmedia":[{"embeddable":true,"href":"https:\/\/horecacenter.com\/fr\/wp-json\/wp\/v2\/media\/179964"}],"wp:attachment":[{"href":"https:\/\/horecacenter.com\/fr\/wp-json\/wp\/v2\/media?parent=179922"}],"wp:term":[{"taxonomy":"product_brand","embeddable":true,"href":"https:\/\/horecacenter.com\/fr\/wp-json\/wp\/v2\/product_brand?post=179922"},{"taxonomy":"product_cat","embeddable":true,"href":"https:\/\/horecacenter.com\/fr\/wp-json\/wp\/v2\/product_cat?post=179922"},{"taxonomy":"product_tag","embeddable":true,"href":"https:\/\/horecacenter.com\/fr\/wp-json\/wp\/v2\/product_tag?post=179922"}],"curies":[{"name":"wp","href":"https:\/\/api.w.org\/{rel}","templated":true}]}}