{"id":180019,"date":"2026-02-06T13:59:11","date_gmt":"2026-02-06T13:59:11","guid":{"rendered":"https:\/\/horecacenter.com\/?post_type=product&#038;p=180019"},"modified":"2026-02-06T14:11:30","modified_gmt":"2026-02-06T14:11:30","slug":"banquette-de-restaurant-king-simili-cuir-noir","status":"publish","type":"product","link":"https:\/\/horecacenter.com\/fr\/produit\/banquette-de-restaurant-king-simili-cuir-noir\/","title":{"rendered":"Banquette de Restaurant &#8211; KING &#8211; Simili Cuir Noir"},"content":{"rendered":"<p><span style=\"color: #000000;\">Ce canap\u00e9 en simili cuir avec une construction solide en MDF et un cadre de couleur weng\u00e9 offre un confort ultime gr\u00e2ce au dossier haut. Le rev\u00eatement doux d\u00e9gage une sensation de luxe et est id\u00e9al pour un usage intensif. Parfait pour les \u00e9tablissements de restauration qui souhaitent combiner confort et style. Un choix \u00e9l\u00e9gant pour tout espace !<\/span><\/p>\n<p><span style=\"color: #000000;\">Cette collection peut \u00e9galement \u00eatre produite dans des tailles allant jusqu&rsquo;\u00e0 200 cm, avec un large choix de tissus et de couleurs.<\/span><\/p>\n<p><span style=\"color: #000000;\">Attention ! Les dimensions des banquettes sont susceptibles de varier de 1 \u00e0 2 cm selon le mat\u00e9riel utilis\u00e9.<\/span><\/p>\n","protected":false},"excerpt":{"rendered":"<p>Ce canap\u00e9 en simili cuir avec une construction solide en MDF et un cadre de couleur weng\u00e9 offre un confort<\/p>\n","protected":false},"featured_media":180024,"comment_status":"open","ping_status":"closed","template":"","meta":[],"product_brand":[],"product_cat":[15870],"product_tag":[10533,10535,10540,10610,10663,10664,10665,10927],"class_list":{"0":"post-180019","1":"product","2":"type-product","3":"status-publish","4":"has-post-thumbnail","6":"product_cat-banque-king","7":"product_tag-horeca-meubelen","8":"product_tag-horeca-m-bel","9":"product_tag-horeca-furniture","10":"product_tag-meubles-horeca","11":"product_tag-meubles-de-restaurant","12":"product_tag-restaurant-furniture","13":"product_tag-restaurant-m-bel","14":"product_tag-restaurant-inrichting","15":"pa_product-color-color-noir-fr","16":"pa_product-frame-color-wenge-frame-color-fr","17":"pa_product-more-colors-oui-fr","18":"pa_product-more-dimensions-oui-fr","19":"pa_product-seat-height-cm-45-seat-height-cm-fr","20":"pa_product-seats-2-seats-fr","21":"pa_product-upholstery-upholstery-simili-cuir-fr","22":"pa_product-usage-usage-interieur-fr","24":"first","25":"onbackorder","26":"taxable","27":"shipping-taxable","28":"purchasable","29":"product-type-simple"},"_links":{"self":[{"href":"https:\/\/horecacenter.com\/fr\/wp-json\/wp\/v2\/product\/180019","targetHints":{"allow":["GET"]}}],"collection":[{"href":"https:\/\/horecacenter.com\/fr\/wp-json\/wp\/v2\/product"}],"about":[{"href":"https:\/\/horecacenter.com\/fr\/wp-json\/wp\/v2\/types\/product"}],"replies":[{"embeddable":true,"href":"https:\/\/horecacenter.com\/fr\/wp-json\/wp\/v2\/comments?post=180019"}],"version-history":[{"count":3,"href":"https:\/\/horecacenter.com\/fr\/wp-json\/wp\/v2\/product\/180019\/revisions"}],"predecessor-version":[{"id":180048,"href":"https:\/\/horecacenter.com\/fr\/wp-json\/wp\/v2\/product\/180019\/revisions\/180048"}],"wp:featuredmedia":[{"embeddable":true,"href":"https:\/\/horecacenter.com\/fr\/wp-json\/wp\/v2\/media\/180024"}],"wp:attachment":[{"href":"https:\/\/horecacenter.com\/fr\/wp-json\/wp\/v2\/media?parent=180019"}],"wp:term":[{"taxonomy":"product_brand","embeddable":true,"href":"https:\/\/horecacenter.com\/fr\/wp-json\/wp\/v2\/product_brand?post=180019"},{"taxonomy":"product_cat","embeddable":true,"href":"https:\/\/horecacenter.com\/fr\/wp-json\/wp\/v2\/product_cat?post=180019"},{"taxonomy":"product_tag","embeddable":true,"href":"https:\/\/horecacenter.com\/fr\/wp-json\/wp\/v2\/product_tag?post=180019"}],"curies":[{"name":"wp","href":"https:\/\/api.w.org\/{rel}","templated":true}]}}