{"id":181685,"date":"2026-02-13T14:28:28","date_gmt":"2026-02-13T14:28:28","guid":{"rendered":"https:\/\/horecacenter.com\/?post_type=product&#038;p=181685"},"modified":"2026-03-02T09:11:56","modified_gmt":"2026-03-02T09:11:56","slug":"ensemble-de-banquettes-de-restaurant-rosso-simili-cuir-rouge","status":"publish","type":"product","link":"https:\/\/horecacenter.com\/fr\/produit\/ensemble-de-banquettes-de-restaurant-rosso-simili-cuir-rouge\/","title":{"rendered":"Ensemble de Banquettes de Restaurant &#8211; ROSSO &#8211; Simili Cuir Rouge"},"content":{"rendered":"<p><span style=\"color: #000000;\">Le canap\u00e9 Rome est assez compact et convient aux petits espaces. Ce canap\u00e9 est \u00e9conomique et facile \u00e0 entretenir. Il convient \u00e0 tous les \u00e9tablissements de restauration et avec sa largeur de 120 cm offre un espace pour deux personnes.<\/span><\/p>\n<p>Attention ! Les dimensions des banquettes sont susceptibles de varier de 1 \u00e0 2 cm selon le mat\u00e9riel utilis\u00e9.<\/p>\n<p><strong><span style=\"color: #000000;\">L&rsquo;ensemble sur l&rsquo;image se compose des produits suivants\u202f:<br \/>\n<\/span><\/strong><span style=\"color: #000000;\">4x Banquettes <span style=\"color: #0000ff;\"><a style=\"color: #0000ff;\" href=\"https:\/\/horecacenter.com\/fr\/produit\/banquette-de-cafe-restaurant-et-horeca-rome-simili-cuir-rouge\/\">B-ROME-RED<\/a><\/span><\/span><br \/>\n<span style=\"color: #000000;\">8x Chaises En Cuir<span style=\"color: #0000ff;\"> <a style=\"color: #0000ff;\" href=\"https:\/\/horecacenter.com\/fr\/produit\/chaise-de-restaurant-tara-simili-cuir-noir\/\">B-TARA-BLACK<\/a><\/span><\/span><br \/>\n<span style=\"color: #000000;\">8x Dessus De Table <span style=\"color: #0000ff;\"><a style=\"color: #0000ff;\" href=\"https:\/\/horecacenter.com\/fr\/produit\/plateau-de-table-de-cafe-restaurant-et-horeca-dublin-noir-5-cm-depaisseur\/\">C-DUBLIN-B-60X60<\/a><\/span><\/span><br \/>\n<span style=\"color: #000000;\">8x Pieds De Table<span style=\"color: #0000ff;\"> <a style=\"color: #0000ff;\" href=\"https:\/\/horecacenter.com\/fr\/produit\/base-de-table-de-cafe-restaurant-et-horeca-carre-noir-hauteur-72-cm\/\">C-339<\/a><\/span><\/span><\/p>\n<p><span style=\"color: #008000;\"><strong><br \/>\nPRIX \u200b\u200bSUR DEMANDE !<\/strong><\/span><\/p>\n<p style=\"text-align: center;\"><span style=\"color: #000000;\"><strong>NOUVEAU ! Nous r\u00e9alisons d\u00e9sormais \u00e9galement des plans 3D pour votre entreprise de restauration, pour plus d&rsquo;informations, vous pouvez envoyer un e-mail \u00e0 info@horecacenter.com ou nous appeler au +32\/3\/685 73 03.<\/strong><\/span><\/p>\n","protected":false},"excerpt":{"rendered":"<p>Le canap\u00e9 Rome est assez compact et convient aux petits espaces. Ce canap\u00e9 est \u00e9conomique et facile \u00e0 entretenir. Il<\/p>\n","protected":false},"featured_media":181678,"comment_status":"closed","ping_status":"closed","template":"","meta":[],"product_brand":[],"product_cat":[9748,9868],"product_tag":[],"class_list":{"0":"post-181685","1":"product","2":"type-product","3":"status-publish","4":"has-post-thumbnail","6":"product_cat-banquettes-de-bistrot","7":"product_cat-rome-banquettes","8":"pa_product-color-color-rouge-fr","9":"pa_product-frame-color-wenge-frame-color-fr","10":"pa_product-more-colors-oui-fr","11":"pa_product-seat-height-cm-48-seat-height-cm-fr","12":"pa_product-seats-2-seats-fr","13":"pa_product-upholstery-upholstery-simili-cuir-fr","14":"pa_product-usage-usage-interieur-fr","16":"first","17":"outofstock","18":"taxable","19":"shipping-taxable","20":"purchasable","21":"product-type-simple"},"_links":{"self":[{"href":"https:\/\/horecacenter.com\/fr\/wp-json\/wp\/v2\/product\/181685","targetHints":{"allow":["GET"]}}],"collection":[{"href":"https:\/\/horecacenter.com\/fr\/wp-json\/wp\/v2\/product"}],"about":[{"href":"https:\/\/horecacenter.com\/fr\/wp-json\/wp\/v2\/types\/product"}],"replies":[{"embeddable":true,"href":"https:\/\/horecacenter.com\/fr\/wp-json\/wp\/v2\/comments?post=181685"}],"version-history":[{"count":4,"href":"https:\/\/horecacenter.com\/fr\/wp-json\/wp\/v2\/product\/181685\/revisions"}],"predecessor-version":[{"id":185214,"href":"https:\/\/horecacenter.com\/fr\/wp-json\/wp\/v2\/product\/181685\/revisions\/185214"}],"wp:featuredmedia":[{"embeddable":true,"href":"https:\/\/horecacenter.com\/fr\/wp-json\/wp\/v2\/media\/181678"}],"wp:attachment":[{"href":"https:\/\/horecacenter.com\/fr\/wp-json\/wp\/v2\/media?parent=181685"}],"wp:term":[{"taxonomy":"product_brand","embeddable":true,"href":"https:\/\/horecacenter.com\/fr\/wp-json\/wp\/v2\/product_brand?post=181685"},{"taxonomy":"product_cat","embeddable":true,"href":"https:\/\/horecacenter.com\/fr\/wp-json\/wp\/v2\/product_cat?post=181685"},{"taxonomy":"product_tag","embeddable":true,"href":"https:\/\/horecacenter.com\/fr\/wp-json\/wp\/v2\/product_tag?post=181685"}],"curies":[{"name":"wp","href":"https:\/\/api.w.org\/{rel}","templated":true}]}}