{"id":181748,"date":"2026-02-14T06:52:14","date_gmt":"2026-02-14T06:52:14","guid":{"rendered":"https:\/\/horecacenter.com\/?post_type=product&#038;p=181748"},"modified":"2026-03-02T08:46:49","modified_gmt":"2026-03-02T08:46:49","slug":"ensemble-de-banquettes-de-restaurant-varenne-simili-cuir-vert","status":"publish","type":"product","link":"https:\/\/horecacenter.com\/fr\/produit\/ensemble-de-banquettes-de-restaurant-varenne-simili-cuir-vert\/","title":{"rendered":"Ensemble de Banquettes de Restaurant &#8211; VARENNE &#8211; Simili Cuir Vert"},"content":{"rendered":"<p><span style=\"color: #000000;\">Les banquettes sont un \u00e9l\u00e9ment de base important dans la conception de votre entreprise. Horeca Center veut fournir un service solide et accorde donc beaucoup d&rsquo;attention \u00e0 une belle finition de ses produits. Les banquettes sont disponibles en diff\u00e9rents mod\u00e8les et sont fabriqu\u00e9es sur mesure pour vous par Horeca Center. Le rapport qualit\u00e9-prix des banquettes fait d&rsquo;Horeca Center l&rsquo;un des leaders de ce secteur.<\/span><\/p>\n<p><span style=\"color: #000000;\">Attention ! Les dimensions des banquettes sont susceptibles de varier de 1 \u00e0 2 cm selon le mat\u00e9riel utilis\u00e9.<\/span><\/p>\n<p><strong><span style=\"color: #000000;\">L&rsquo;ensemble sur l&rsquo;image se compose des produits suivants\u202f:<br \/>\n<\/span><\/strong><span style=\"color: #000000;\">Banquettes <span style=\"color: #0000ff;\"><a style=\"color: #0000ff;\" href=\"https:\/\/horecacenter.com\/fr\/produit\/banquette-de-restaurant-safran-simili-vert-fonce\/\">B-SS120-DARK-GREEN-Z6<\/a><\/span><\/span><br \/>\n<span style=\"color: #000000;\">Chaises En Bois <span style=\"color: #0000ff;\"><a style=\"color: #0000ff;\" href=\"https:\/\/horecacenter.com\/fr\/produit\/chaise-de-restaurant-sofia-simili-cuir-noir\/\">C-SOFIA-BLACK<\/a><\/span><\/span><br \/>\n<span style=\"color: #000000;\">Dessus De Table <span style=\"color: #0000ff;\"><a style=\"color: #0000ff;\" href=\"https:\/\/horecacenter.com\/fr\/produit\/plateau-de-table-de-cafe-restaurant-et-horeca-dublin-wenge-5-cm-depaisseur\/\">C-DUBLIN-WN-R60<\/a><\/span><\/span><br \/>\n<span style=\"color: #000000;\">Dessus De Table <span style=\"color: #0000ff;\"><a style=\"color: #0000ff;\" href=\"https:\/\/horecacenter.com\/fr\/produit\/plateau-de-table-de-cafe-restaurant-et-horeca-dublin-wenge-5-cm-depaisseur\/\">C-DUBLIN-WN-60X60<\/a><\/span><\/span><br \/>\n<span style=\"color: #000000;\">Pieds De Table <span style=\"color: #0000ff;\"><a style=\"color: #0000ff;\" href=\"https:\/\/horecacenter.com\/fr\/produit\/base-de-table-pliante-de-cafe-restaurant-et-horeca-noir-4-pieds-hauteur-72-cm\/\">C-SRD<\/a><\/span><\/span><\/p>\n<p><span style=\"color: #000000;\">Vous pouvez aussi opter pour les tables doubles :<\/span><br \/>\n<span style=\"color: #000000;\">Dessus De Table<span style=\"color: #0000ff;\"> <a style=\"color: #0000ff;\" href=\"https:\/\/horecacenter.com\/fr\/produit\/plateau-de-table-de-cafe-restaurant-et-horeca-dublin-wenge-5-cm-depaisseur\/\">C-DUBLIN-WN-70X120<\/a><\/span><\/span><br \/>\n<span style=\"color: #000000;\">Pieds De Table <span style=\"color: #0000ff;\"><a style=\"color: #0000ff;\" href=\"https:\/\/horecacenter.com\/fr\/produit\/pied-de-table-pliable-de-cafe-restaurant-et-horeca-aluminium-acier-95-x-50-hauteur-72-cm-noir-mat\/\">C-7012\/DOUBLE<\/a><\/span><\/span><\/p>\n<p><span style=\"color: #008000;\"><strong><br \/>\nPRIX \u200b\u200bSUR DEMANDE !<\/strong><\/span><\/p>\n<p style=\"text-align: center;\"><span style=\"color: #000000;\"><strong>NOUVEAU ! Nous r\u00e9alisons d\u00e9sormais \u00e9galement des plans 3D pour votre entreprise de restauration, pour plus d&rsquo;informations, vous pouvez envoyer un e-mail \u00e0 info@horecacenter.com ou nous appeler au +32\/3\/685 73 03.<\/strong><\/span><\/p>\n","protected":false},"excerpt":{"rendered":"<p>Les banquettes sont un \u00e9l\u00e9ment de base important dans la conception de votre entreprise. Horeca Center veut fournir un service<\/p>\n","protected":false},"featured_media":181750,"comment_status":"closed","ping_status":"closed","template":"","meta":[],"product_brand":[],"product_cat":[9752,9748],"product_tag":[],"class_list":{"0":"post-181748","1":"product","2":"type-product","3":"status-publish","4":"has-post-thumbnail","6":"product_cat-safran-banquettes","7":"product_cat-banquettes-de-bistrot","8":"pa_product-color-color-vert-fr","9":"pa_product-frame-color-wenge-frame-color-fr","10":"pa_product-more-colors-oui-fr","11":"pa_product-seat-height-cm-47-seat-height-cm-fr","12":"pa_product-seats-2-seats-fr","13":"pa_product-upholstery-upholstery-simili-cuir-fr","14":"pa_product-usage-usage-interieur-fr","16":"first","17":"outofstock","18":"taxable","19":"shipping-taxable","20":"purchasable","21":"product-type-simple"},"_links":{"self":[{"href":"https:\/\/horecacenter.com\/fr\/wp-json\/wp\/v2\/product\/181748","targetHints":{"allow":["GET"]}}],"collection":[{"href":"https:\/\/horecacenter.com\/fr\/wp-json\/wp\/v2\/product"}],"about":[{"href":"https:\/\/horecacenter.com\/fr\/wp-json\/wp\/v2\/types\/product"}],"replies":[{"embeddable":true,"href":"https:\/\/horecacenter.com\/fr\/wp-json\/wp\/v2\/comments?post=181748"}],"version-history":[{"count":6,"href":"https:\/\/horecacenter.com\/fr\/wp-json\/wp\/v2\/product\/181748\/revisions"}],"predecessor-version":[{"id":185207,"href":"https:\/\/horecacenter.com\/fr\/wp-json\/wp\/v2\/product\/181748\/revisions\/185207"}],"wp:featuredmedia":[{"embeddable":true,"href":"https:\/\/horecacenter.com\/fr\/wp-json\/wp\/v2\/media\/181750"}],"wp:attachment":[{"href":"https:\/\/horecacenter.com\/fr\/wp-json\/wp\/v2\/media?parent=181748"}],"wp:term":[{"taxonomy":"product_brand","embeddable":true,"href":"https:\/\/horecacenter.com\/fr\/wp-json\/wp\/v2\/product_brand?post=181748"},{"taxonomy":"product_cat","embeddable":true,"href":"https:\/\/horecacenter.com\/fr\/wp-json\/wp\/v2\/product_cat?post=181748"},{"taxonomy":"product_tag","embeddable":true,"href":"https:\/\/horecacenter.com\/fr\/wp-json\/wp\/v2\/product_tag?post=181748"}],"curies":[{"name":"wp","href":"https:\/\/api.w.org\/{rel}","templated":true}]}}