{"id":181771,"date":"2026-02-14T07:48:00","date_gmt":"2026-02-14T07:48:00","guid":{"rendered":"https:\/\/horecacenter.com\/?post_type=product&#038;p=181771"},"modified":"2026-03-02T14:14:26","modified_gmt":"2026-03-02T14:14:26","slug":"ensemble-de-banquettes-de-restaurant-belmont-simili-cuir-camel","status":"publish","type":"product","link":"https:\/\/horecacenter.com\/fr\/produit\/ensemble-de-banquettes-de-restaurant-belmont-simili-cuir-camel\/","title":{"rendered":"Ensemble de Banquettes de Restaurant &#8211; BELMONT &#8211; Simili Cuir Camel"},"content":{"rendered":"<div id=\"tw-target\">\n<div id=\"tw-target-text-container\">\n<p><span style=\"color: #000000;\">La banquette Napoli est un classique de premi\u00e8re qualit\u00e9 ! Ce canap\u00e9 est fait de cuir de haute qualit\u00e9 avec une apparence luxueuse. Elle convient pour un int\u00e9rieur \u00e9l\u00e9gant et elle est recouverte de cuir synth\u00e9tique Santiago qui facilite son entretien. Elle convient \u00e0 tous les \u00e9tablissements de restauration et avec sa largeur de 120 cm offre un espace pour deux personnes. La banquette est livr\u00e9e avec une base en MDF noir et un clou de glissement en plastique standard en bas.<\/span><\/p>\n<p><span style=\"color: #000000;\">Attention ! Les dimensions des banquettes sont susceptibles de varier de 1 \u00e0 2 cm selon le mat\u00e9riel utilis\u00e9.<\/span><\/p>\n<\/div>\n<\/div>\n<p><strong><span style=\"color: #000000;\">L&rsquo;ensemble sur l&rsquo;image se compose d<\/span><\/strong><strong><span style=\"color: #000000;\">es produits suivants\u202f:<br \/>\n<\/span><\/strong><span style=\"color: #000000;\">Banquettes <span style=\"color: #0000ff;\"><a style=\"color: #0000ff;\" href=\"https:\/\/horecacenter.com\/fr\/produit\/banquette-de-cafe-restaurant-et-horeca-napoli-simili-cuir-camel\/\">B-NAPOLI-CAMEL-S09-120<\/a><\/span><\/span><br \/>\n<span style=\"color: #000000;\">Dessus De Table <span style=\"color: #0000ff;\"><a style=\"color: #0000ff;\" href=\"https:\/\/horecacenter.com\/fr\/produit\/plateau-de-table-de-cafe-restaurant-et-horeca-dublin-wenge-5-cm-depaisseur\/\">C-DUBLIN-WN-70X120<\/a><\/span><\/span><br \/>\n<span style=\"color: #000000;\">Pieds De Table <span style=\"color: #0000ff;\"><a style=\"color: #0000ff;\" href=\"https:\/\/horecacenter.com\/fr\/produit\/base-de-table-de-cafe-restaurant-et-horeca-ronde-noir-hauteur-72-50-cm\/\">C-320<\/a><\/span><\/span><\/p>\n<p><span style=\"color: #008000;\"><strong><br \/>\nPRIX \u200b\u200bSUR DEMANDE !<\/strong><\/span><\/p>\n<p style=\"text-align: center;\"><span style=\"color: #000000;\"><strong>NOUVEAU ! Nous r\u00e9alisons d\u00e9sormais \u00e9galement des plans 3D pour votre entreprise de restauration, pour plus d&rsquo;informations, vous pouvez envoyer un e-mail \u00e0 info@horecacenter.com ou nous appeler au +32\/3\/685 73 03.<\/strong><\/span><\/p>\n","protected":false},"excerpt":{"rendered":"<p>La banquette Napoli est un classique de premi\u00e8re qualit\u00e9 ! Ce canap\u00e9 est fait de cuir de haute qualit\u00e9 avec<\/p>\n","protected":false},"featured_media":181773,"comment_status":"closed","ping_status":"closed","template":"","meta":[],"product_brand":[],"product_cat":[9748,10056],"product_tag":[],"class_list":{"0":"post-181771","1":"product","2":"type-product","3":"status-publish","4":"has-post-thumbnail","6":"product_cat-banquettes-de-bistrot","7":"product_cat-napoli-banquettes","8":"pa_product-color-color-camel-fr","9":"pa_product-frame-color-wenge-frame-color-fr","10":"pa_product-more-colors-oui-fr","11":"pa_product-seat-height-cm-47-seat-height-cm-fr","12":"pa_product-seats-2-seats-fr","13":"pa_product-upholstery-upholstery-simili-cuir-fr","14":"pa_product-usage-usage-interieur-fr","16":"first","17":"outofstock","18":"taxable","19":"shipping-taxable","20":"purchasable","21":"product-type-simple"},"_links":{"self":[{"href":"https:\/\/horecacenter.com\/fr\/wp-json\/wp\/v2\/product\/181771","targetHints":{"allow":["GET"]}}],"collection":[{"href":"https:\/\/horecacenter.com\/fr\/wp-json\/wp\/v2\/product"}],"about":[{"href":"https:\/\/horecacenter.com\/fr\/wp-json\/wp\/v2\/types\/product"}],"replies":[{"embeddable":true,"href":"https:\/\/horecacenter.com\/fr\/wp-json\/wp\/v2\/comments?post=181771"}],"version-history":[{"count":4,"href":"https:\/\/horecacenter.com\/fr\/wp-json\/wp\/v2\/product\/181771\/revisions"}],"predecessor-version":[{"id":185328,"href":"https:\/\/horecacenter.com\/fr\/wp-json\/wp\/v2\/product\/181771\/revisions\/185328"}],"wp:featuredmedia":[{"embeddable":true,"href":"https:\/\/horecacenter.com\/fr\/wp-json\/wp\/v2\/media\/181773"}],"wp:attachment":[{"href":"https:\/\/horecacenter.com\/fr\/wp-json\/wp\/v2\/media?parent=181771"}],"wp:term":[{"taxonomy":"product_brand","embeddable":true,"href":"https:\/\/horecacenter.com\/fr\/wp-json\/wp\/v2\/product_brand?post=181771"},{"taxonomy":"product_cat","embeddable":true,"href":"https:\/\/horecacenter.com\/fr\/wp-json\/wp\/v2\/product_cat?post=181771"},{"taxonomy":"product_tag","embeddable":true,"href":"https:\/\/horecacenter.com\/fr\/wp-json\/wp\/v2\/product_tag?post=181771"}],"curies":[{"name":"wp","href":"https:\/\/api.w.org\/{rel}","templated":true}]}}