{"id":182102,"date":"2026-02-16T10:32:29","date_gmt":"2026-02-16T10:32:29","guid":{"rendered":"https:\/\/horecacenter.com\/?post_type=product&#038;p=182102"},"modified":"2026-03-02T10:13:55","modified_gmt":"2026-03-02T10:13:55","slug":"ensemble-de-banquette-de-restaurant-rivora-velours-bordeaux","status":"publish","type":"product","link":"https:\/\/horecacenter.com\/fr\/produit\/ensemble-de-banquette-de-restaurant-rivora-velours-bordeaux\/","title":{"rendered":"Ensemble de Banquette de Restaurant &#8211; RIVORA &#8211; Velours Bordeaux"},"content":{"rendered":"<p><span style=\"color: #000000;\">Attention ! Les dimensions des banquettes sont susceptibles de varier de 1 \u00e0 2 cm selon le mat\u00e9riel utilis\u00e9.<\/span><\/p>\n<p><strong><span style=\"color: #000000;\">L&rsquo;ensemble sur l&rsquo;image se compose des produits suivants\u202f:<br \/>\n<\/span><\/strong><span style=\"color: #000000;\">4x Banquettes <span style=\"color: #0000ff;\"><a style=\"color: #0000ff;\" href=\"https:\/\/horecacenter.com\/fr\/produit\/banquette-de-cafe-restaurant-et-horeca-atlas-velours-bordeaux\/\">B-ATLAS-BORDEAUX<\/a><\/span><\/span><br \/>\n<span style=\"color: #000000;\">8x Chaises En Velours<span style=\"color: #0000ff;\"> <a style=\"color: #0000ff;\" href=\"https:\/\/horecacenter.com\/fr\/produit\/chaise-de-restaurant-avec-accoudoirs-flore-velours-anthracite\/\">A-FLORE-ANTHRACITE<\/a><\/span><\/span><br \/>\n<span style=\"color: #000000;\">8x Dessus De Table<span style=\"color: #0000ff;\"> <a style=\"color: #0000ff;\" href=\"https:\/\/horecacenter.com\/fr\/produit\/plateau-de-table-de-cafe-restaurant-et-horeca-dublin-k3-5-cm-depaisseur\/\">C-DUBLIN-K3-70X120<\/a><\/span><\/span><br \/>\n<span style=\"color: #000000;\">8x Pieds De Table <span style=\"color: #0000ff;\"><a style=\"color: #0000ff;\" href=\"https:\/\/horecacenter.com\/fr\/produit\/base-de-table-de-cafe-restaurant-et-horeca-noir-hauteur-72-cm\/\">C-341<\/a><\/span><\/span><\/p>\n<p><span style=\"color: #008000;\"><strong><br \/>\nPRIX \u200b\u200bSUR DEMANDE !<\/strong><\/span><\/p>\n<p style=\"text-align: center;\"><span style=\"color: #000000;\"><strong>NOUVEAU ! Nous r\u00e9alisons d\u00e9sormais \u00e9galement des plans 3D pour votre entreprise de restauration, pour plus d&rsquo;informations, vous pouvez envoyer un e-mail \u00e0 info@horecacenter.com ou nous appeler au +32\/3\/685 73 03.<\/strong><\/span><\/p>\n","protected":false},"excerpt":{"rendered":"<p>Attention ! Les dimensions des banquettes sont susceptibles de varier de 1 \u00e0 2 cm selon le mat\u00e9riel utilis\u00e9. L&rsquo;ensemble<\/p>\n","protected":false},"featured_media":182122,"comment_status":"closed","ping_status":"closed","template":"","meta":[],"product_brand":[],"product_cat":[9748,15814],"product_tag":[],"class_list":{"0":"post-182102","1":"product","2":"type-product","3":"status-publish","4":"has-post-thumbnail","6":"product_cat-banquettes-de-bistrot","7":"product_cat-banquettes-atlas","8":"pa_product-color-color-bordeaux-fr","9":"pa_product-frame-color-wenge-frame-color-fr","10":"pa_product-more-colors-oui-fr","11":"pa_product-seat-height-cm-47-seat-height-cm-fr","12":"pa_product-seats-2-seats-fr","13":"pa_product-upholstery-upholstery-velours-fr","14":"pa_product-usage-usage-interieur-fr","16":"first","17":"outofstock","18":"taxable","19":"shipping-taxable","20":"purchasable","21":"product-type-simple"},"_links":{"self":[{"href":"https:\/\/horecacenter.com\/fr\/wp-json\/wp\/v2\/product\/182102","targetHints":{"allow":["GET"]}}],"collection":[{"href":"https:\/\/horecacenter.com\/fr\/wp-json\/wp\/v2\/product"}],"about":[{"href":"https:\/\/horecacenter.com\/fr\/wp-json\/wp\/v2\/types\/product"}],"replies":[{"embeddable":true,"href":"https:\/\/horecacenter.com\/fr\/wp-json\/wp\/v2\/comments?post=182102"}],"version-history":[{"count":4,"href":"https:\/\/horecacenter.com\/fr\/wp-json\/wp\/v2\/product\/182102\/revisions"}],"predecessor-version":[{"id":185221,"href":"https:\/\/horecacenter.com\/fr\/wp-json\/wp\/v2\/product\/182102\/revisions\/185221"}],"wp:featuredmedia":[{"embeddable":true,"href":"https:\/\/horecacenter.com\/fr\/wp-json\/wp\/v2\/media\/182122"}],"wp:attachment":[{"href":"https:\/\/horecacenter.com\/fr\/wp-json\/wp\/v2\/media?parent=182102"}],"wp:term":[{"taxonomy":"product_brand","embeddable":true,"href":"https:\/\/horecacenter.com\/fr\/wp-json\/wp\/v2\/product_brand?post=182102"},{"taxonomy":"product_cat","embeddable":true,"href":"https:\/\/horecacenter.com\/fr\/wp-json\/wp\/v2\/product_cat?post=182102"},{"taxonomy":"product_tag","embeddable":true,"href":"https:\/\/horecacenter.com\/fr\/wp-json\/wp\/v2\/product_tag?post=182102"}],"curies":[{"name":"wp","href":"https:\/\/api.w.org\/{rel}","templated":true}]}}