{"id":182231,"date":"2026-02-16T11:21:48","date_gmt":"2026-02-16T11:21:48","guid":{"rendered":"https:\/\/horecacenter.com\/?post_type=product&#038;p=182231"},"modified":"2026-03-03T07:14:21","modified_gmt":"2026-03-03T07:14:21","slug":"ensemble-banquette-de-restaurant-nerova-simili-cuir-noir","status":"publish","type":"product","link":"https:\/\/horecacenter.com\/fr\/produit\/ensemble-banquette-de-restaurant-nerova-simili-cuir-noir\/","title":{"rendered":"Ensemble Banquette De Restaurant &#8211; NEROVA &#8211; Simili Cuir Noir"},"content":{"rendered":"<p><span style=\"color: #000000;\">Attention ! Les dimensions des banquettes sont susceptibles de varier de 1 \u00e0 2 cm selon le mat\u00e9riel utilis\u00e9.<\/span><\/p>\n<p><strong><span style=\"color: #000000;\">L&rsquo;ensemble sur l&rsquo;image se compose des produits suivants\u202f:<br \/>\n<\/span><\/strong><span style=\"color: #000000;\">1x Banquettes <span style=\"color: #0000ff;\"><a style=\"color: #0000ff;\" href=\"https:\/\/horecacenter.com\/fr\/produit\/banquette-de-cafe-restaurant-et-horeca-american-up-noir\/\">B-AMERICAN-UP-BLACK<\/a><\/span><\/span><br \/>\n<span style=\"color: #000000;\">2x Chaises de Bar En Cuir <span style=\"color: #0000ff;\"><a style=\"color: #0000ff;\" href=\"https:\/\/horecacenter.com\/fr\/produit\/chaise-de-bar-en-bois-de-cafe-restaurant-et-horeca-tara\/\">B-BARSTOEL-TARA-BLACK<\/a><\/span><\/span><br \/>\n<span style=\"color: #000000;\">1x Dessus De Table <span style=\"color: #0000ff;\"><a style=\"color: #0000ff;\" href=\"https:\/\/horecacenter.com\/fr\/produit\/plateau-de-table-de-cafe-restaurant-et-horeca-dublin-k3-5-cm-depaisseur\/\">C-DUBLIN-K3-70X120<\/a><\/span><\/span><br \/>\n<span style=\"color: #000000;\">1x Pieds De Table <span style=\"color: #0000ff;\"><a style=\"color: #0000ff;\" href=\"https:\/\/horecacenter.com\/fr\/produit\/base-de-table-haute-de-cafe-restaurant-et-horeca-noir-double-hauteur-108-cm\/\">C-341H<\/a><\/span><\/span><\/p>\n<p><span style=\"color: #008000;\"><strong>PRIX \u200b\u200bSUR DEMANDE !<\/strong><\/span><\/p>\n<p style=\"text-align: center;\"><span style=\"color: #000000;\"><strong>NOUVEAU ! Nous r\u00e9alisons d\u00e9sormais \u00e9galement des plans 3D pour votre entreprise de restauration, pour plus d&rsquo;informations, vous pouvez envoyer un e-mail \u00e0 info@horecacenter.com ou nous appeler au +32\/3\/685 73 03.<\/strong><\/span><\/p>\n","protected":false},"excerpt":{"rendered":"<p>Attention ! Les dimensions des banquettes sont susceptibles de varier de 1 \u00e0 2 cm selon le mat\u00e9riel utilis\u00e9. L&rsquo;ensemble<\/p>\n","protected":false},"featured_media":182155,"comment_status":"closed","ping_status":"closed","template":"","meta":[],"product_brand":[],"product_cat":[9800],"product_tag":[],"class_list":{"0":"post-182231","1":"product","2":"type-product","3":"status-publish","4":"has-post-thumbnail","6":"product_cat-banquettes-american-up","7":"pa_frame-non-empilable-frame-fr","8":"pa_product-color-color-noir-fr","9":"pa_product-frame-color-wenge-frame-color-fr","10":"pa_product-material-cadre-en-hetre-material-fr","11":"pa_product-more-colors-oui-fr","12":"pa_product-more-dimensions-oui-fr","13":"pa_product-seat-cm-45x45-seat-cm-fr","14":"pa_product-seat-height-cm-73-seat-height-cm-fr","15":"pa_product-seats-6-seats-fr","16":"pa_product-upholstery-upholstery-simili-cuir-fr","17":"pa_product-usage-usage-interieur-fr","19":"first","20":"outofstock","21":"taxable","22":"shipping-taxable","23":"purchasable","24":"product-type-simple"},"_links":{"self":[{"href":"https:\/\/horecacenter.com\/fr\/wp-json\/wp\/v2\/product\/182231","targetHints":{"allow":["GET"]}}],"collection":[{"href":"https:\/\/horecacenter.com\/fr\/wp-json\/wp\/v2\/product"}],"about":[{"href":"https:\/\/horecacenter.com\/fr\/wp-json\/wp\/v2\/types\/product"}],"replies":[{"embeddable":true,"href":"https:\/\/horecacenter.com\/fr\/wp-json\/wp\/v2\/comments?post=182231"}],"version-history":[{"count":5,"href":"https:\/\/horecacenter.com\/fr\/wp-json\/wp\/v2\/product\/182231\/revisions"}],"predecessor-version":[{"id":185359,"href":"https:\/\/horecacenter.com\/fr\/wp-json\/wp\/v2\/product\/182231\/revisions\/185359"}],"wp:featuredmedia":[{"embeddable":true,"href":"https:\/\/horecacenter.com\/fr\/wp-json\/wp\/v2\/media\/182155"}],"wp:attachment":[{"href":"https:\/\/horecacenter.com\/fr\/wp-json\/wp\/v2\/media?parent=182231"}],"wp:term":[{"taxonomy":"product_brand","embeddable":true,"href":"https:\/\/horecacenter.com\/fr\/wp-json\/wp\/v2\/product_brand?post=182231"},{"taxonomy":"product_cat","embeddable":true,"href":"https:\/\/horecacenter.com\/fr\/wp-json\/wp\/v2\/product_cat?post=182231"},{"taxonomy":"product_tag","embeddable":true,"href":"https:\/\/horecacenter.com\/fr\/wp-json\/wp\/v2\/product_tag?post=182231"}],"curies":[{"name":"wp","href":"https:\/\/api.w.org\/{rel}","templated":true}]}}