{"id":182310,"date":"2026-02-16T12:59:40","date_gmt":"2026-02-16T12:59:40","guid":{"rendered":"https:\/\/horecacenter.com\/?post_type=product&#038;p=182310"},"modified":"2026-03-19T09:40:26","modified_gmt":"2026-03-19T09:40:26","slug":"table-de-restaurant-avec-pied-pliable-dublin-grey-caspio-70x70-cm","status":"publish","type":"product","link":"https:\/\/horecacenter.com\/fr\/produit\/table-de-restaurant-avec-pied-pliable-dublin-grey-caspio-70x70-cm\/","title":{"rendered":"Table de Restaurant Avec Pied Pliable &#8211; DUBLIN GREY CASPIO &#8211; 70&#215;70 cm"},"content":{"rendered":"<p><i class=\"fas fa-check-circle description-icon-green\" aria-hidden=\"true\"><\/i><span style=\"color: #ff6600;\"> Les tables ne sont pas assembl\u00e9es.<\/span><br \/>\n<i class=\"fas fa-check-circle description-icon-green\" aria-hidden=\"true\"><\/i><span style=\"color: #339966;\"> Les plateaux de table ne sont pas pr\u00e9-perc\u00e9s.<\/span><br \/>\n<i class=\"fas fa-check-circle description-icon-green\" aria-hidden=\"true\"><\/i><span style=\"color: #ff6600;\"> Les vis sont incluses si les plateaux de table sont command\u00e9s avec les pieds de table.<\/span><br \/>\n<i class=\"fas fa-check-circle description-icon-green\" aria-hidden=\"true\"><\/i><span style=\"color: #339966;\"> Le mat\u00e9riel n\u00e9cessaire pour l\u2019assemblage est inclus dans la bo\u00eete.<\/span><\/p>\n","protected":false},"excerpt":{"rendered":"<p>Les tables ne sont pas assembl\u00e9es. Les plateaux de table ne sont pas pr\u00e9-perc\u00e9s. Les vis sont incluses si les<\/p>\n","protected":false},"featured_media":183296,"comment_status":"open","ping_status":"closed","template":"","meta":[],"product_brand":[],"product_cat":[10420,18019],"product_tag":[10729,10730,10533,10731,10535,10733,10540,10737,10610,10660,10663,10664,10665,10727],"class_list":{"0":"post-182310","1":"product","2":"type-product","3":"status-publish","4":"has-post-thumbnail","6":"product_cat-tables-pliantes-fr","7":"product_cat-dublin-grey-caspio-assortiment-de-table","8":"product_tag-horeca-tafels","9":"product_tag-tables-5","10":"product_tag-horeca-meubelen","11":"product_tag-tables-horeca","12":"product_tag-horeca-m-bel","13":"product_tag-tische-3","14":"product_tag-horeca-furniture","15":"product_tag-horeca-tische","16":"product_tag-meubles-horeca","17":"product_tag-restaurant-meubelen","18":"product_tag-meubles-de-restaurant","19":"product_tag-restaurant-furniture","20":"product_tag-restaurant-m-bel","21":"product_tag-tafels-3","22":"pa_product-frame-color-noir-framecolor-fr","23":"pa_product-more-colors-oui-fr","24":"pa_product-more-dimensions-oui-fr","25":"pa_product-seats-2-seats-fr","26":"pa_product-tabletop-color-gris-tabletop-color-fr","27":"pa_product-usage-usage-interieur-fr","28":"pa_table-height-cm-74-cm-fr","30":"first","31":"instock","32":"sale","33":"taxable","34":"shipping-taxable","35":"purchasable","36":"product-type-simple"},"_links":{"self":[{"href":"https:\/\/horecacenter.com\/fr\/wp-json\/wp\/v2\/product\/182310","targetHints":{"allow":["GET"]}}],"collection":[{"href":"https:\/\/horecacenter.com\/fr\/wp-json\/wp\/v2\/product"}],"about":[{"href":"https:\/\/horecacenter.com\/fr\/wp-json\/wp\/v2\/types\/product"}],"replies":[{"embeddable":true,"href":"https:\/\/horecacenter.com\/fr\/wp-json\/wp\/v2\/comments?post=182310"}],"version-history":[{"count":2,"href":"https:\/\/horecacenter.com\/fr\/wp-json\/wp\/v2\/product\/182310\/revisions"}],"predecessor-version":[{"id":182329,"href":"https:\/\/horecacenter.com\/fr\/wp-json\/wp\/v2\/product\/182310\/revisions\/182329"}],"wp:featuredmedia":[{"embeddable":true,"href":"https:\/\/horecacenter.com\/fr\/wp-json\/wp\/v2\/media\/183296"}],"wp:attachment":[{"href":"https:\/\/horecacenter.com\/fr\/wp-json\/wp\/v2\/media?parent=182310"}],"wp:term":[{"taxonomy":"product_brand","embeddable":true,"href":"https:\/\/horecacenter.com\/fr\/wp-json\/wp\/v2\/product_brand?post=182310"},{"taxonomy":"product_cat","embeddable":true,"href":"https:\/\/horecacenter.com\/fr\/wp-json\/wp\/v2\/product_cat?post=182310"},{"taxonomy":"product_tag","embeddable":true,"href":"https:\/\/horecacenter.com\/fr\/wp-json\/wp\/v2\/product_tag?post=182310"}],"curies":[{"name":"wp","href":"https:\/\/api.w.org\/{rel}","templated":true}]}}