{"id":182405,"date":"2026-02-17T07:59:02","date_gmt":"2026-02-17T07:59:02","guid":{"rendered":"https:\/\/horecacenter.com\/?post_type=product&#038;p=182405"},"modified":"2026-02-17T08:11:51","modified_gmt":"2026-02-17T08:11:51","slug":"ensemble-de-chaises-de-restaurant-blaxon-simili-cuir-noir","status":"publish","type":"product","link":"https:\/\/horecacenter.com\/fr\/produit\/ensemble-de-chaises-de-restaurant-blaxon-simili-cuir-noir\/","title":{"rendered":"Ensemble de Chaises de Restaurant &#8211; BLAXON &#8211; Simili Cuir Noir"},"content":{"rendered":"<p><strong><span style=\"color: #000000;\">L&rsquo;ensemble sur l&rsquo;image se compose des produits suivants\u202f:<\/span><\/strong><\/p>\n<ul>\n<li><a href=\"https:\/\/horecacenter.com\/fr\/categorie-produit\/chaises\/chaise-avec-accoudoir\/\">Chaises de Restaurant Avec Accoudoirs<\/a><\/li>\n<li><a href=\"https:\/\/horecacenter.com\/fr\/categorie-produit\/tables-2\/tables-4\/\">Tables Horeca<\/a><\/li>\n<li><a href=\"https:\/\/horecacenter.com\/fr\/categorie-produit\/chaises-de-bar\/\">Chaises de Bar<\/a><\/li>\n<\/ul>\n<p><span style=\"color: #0000ff;\"><strong><br \/>\n<span style=\"color: #008000;\">PRIX \u200b\u200bSUR DEMANDE !<\/span><\/strong><\/span><\/p>\n<p style=\"text-align: center;\"><span style=\"color: #000000;\"><strong>NOUVEAU ! Nous r\u00e9alisons d\u00e9sormais \u00e9galement des plans 3D pour votre entreprise de restauration, pour plus d&rsquo;informations, vous pouvez envoyer un e-mail \u00e0 info@horecacenter.com ou nous appeler au +32\/3\/685 73 03.<\/strong><\/span><\/p>\n","protected":false},"excerpt":{"rendered":"<p>L&rsquo;ensemble sur l&rsquo;image se compose des produits suivants\u202f: Chaises de Restaurant Avec Accoudoirs Tables Horeca Chaises de Bar PRIX \u200b\u200bSUR<\/p>\n","protected":false},"featured_media":182407,"comment_status":"closed","ping_status":"closed","template":"","meta":[],"product_brand":[],"product_cat":[17393],"product_tag":[],"class_list":{"0":"post-182405","1":"product","2":"type-product","3":"status-publish","4":"has-post-thumbnail","6":"product_cat-chaises-en-metal-simili-cuir","7":"pa_armrest-armrest-non-fr","8":"pa_frame-non-empilable-frame-fr","9":"pa_product-color-color-noir-fr","10":"pa_product-frame-color-noir-framecolor-fr","11":"pa_product-material-cadre-en-metal-material-fr","12":"pa_product-more-colors-oui-fr","13":"pa_product-seat-height-cm-47-seat-height-cm-fr","14":"pa_product-seat-width-cm-45-seat-width-cm-fr","15":"pa_product-seats-1-seats-fr","16":"pa_product-upholstery-upholstery-simili-cuir-fr","17":"pa_product-usage-usage-interieur-fr","19":"first","20":"outofstock","21":"taxable","22":"shipping-taxable","23":"purchasable","24":"product-type-simple"},"_links":{"self":[{"href":"https:\/\/horecacenter.com\/fr\/wp-json\/wp\/v2\/product\/182405","targetHints":{"allow":["GET"]}}],"collection":[{"href":"https:\/\/horecacenter.com\/fr\/wp-json\/wp\/v2\/product"}],"about":[{"href":"https:\/\/horecacenter.com\/fr\/wp-json\/wp\/v2\/types\/product"}],"replies":[{"embeddable":true,"href":"https:\/\/horecacenter.com\/fr\/wp-json\/wp\/v2\/comments?post=182405"}],"version-history":[{"count":2,"href":"https:\/\/horecacenter.com\/fr\/wp-json\/wp\/v2\/product\/182405\/revisions"}],"predecessor-version":[{"id":182413,"href":"https:\/\/horecacenter.com\/fr\/wp-json\/wp\/v2\/product\/182405\/revisions\/182413"}],"wp:featuredmedia":[{"embeddable":true,"href":"https:\/\/horecacenter.com\/fr\/wp-json\/wp\/v2\/media\/182407"}],"wp:attachment":[{"href":"https:\/\/horecacenter.com\/fr\/wp-json\/wp\/v2\/media?parent=182405"}],"wp:term":[{"taxonomy":"product_brand","embeddable":true,"href":"https:\/\/horecacenter.com\/fr\/wp-json\/wp\/v2\/product_brand?post=182405"},{"taxonomy":"product_cat","embeddable":true,"href":"https:\/\/horecacenter.com\/fr\/wp-json\/wp\/v2\/product_cat?post=182405"},{"taxonomy":"product_tag","embeddable":true,"href":"https:\/\/horecacenter.com\/fr\/wp-json\/wp\/v2\/product_tag?post=182405"}],"curies":[{"name":"wp","href":"https:\/\/api.w.org\/{rel}","templated":true}]}}