{"id":182511,"date":"2026-02-18T12:59:17","date_gmt":"2026-02-18T12:59:17","guid":{"rendered":"https:\/\/horecacenter.com\/?post_type=product&#038;p=182511"},"modified":"2026-02-18T13:04:21","modified_gmt":"2026-02-18T13:04:21","slug":"table-de-restaurant-haute-ronde-avec-pied-dublin-grey-capsio-o70-hauteur-113-cm","status":"publish","type":"product","link":"https:\/\/horecacenter.com\/fr\/produit\/table-de-restaurant-haute-ronde-avec-pied-dublin-grey-capsio-o70-hauteur-113-cm\/","title":{"rendered":"Table de Restaurant Haute Ronde Avec Pied &#8211; DUBLIN GREY CAPSIO &#8211; \u00d870 &#8211; Hauteur 113 cm"},"content":{"rendered":"<p><i class=\"fas fa-check-circle description-icon-green\" aria-hidden=\"true\"><\/i><span style=\"color: #ff6600;\"> Les tables ne sont pas assembl\u00e9es.<\/span><br \/>\n<i class=\"fas fa-check-circle description-icon-green\" aria-hidden=\"true\"><\/i><span style=\"color: #339966;\"> Les plateaux de table ne sont pas pr\u00e9-perc\u00e9s.<\/span><br \/>\n<i class=\"fas fa-check-circle description-icon-green\" aria-hidden=\"true\"><\/i><span style=\"color: #ff6600;\"> Les vis sont incluses si les plateaux de table sont command\u00e9s avec les pieds de table.<\/span><br \/>\n<i class=\"fas fa-check-circle description-icon-green\" aria-hidden=\"true\"><\/i><span style=\"color: #339966;\"> Le mat\u00e9riel n\u00e9cessaire pour l\u2019assemblage est inclus dans la bo\u00eete.<\/span><\/p>\n","protected":false},"excerpt":{"rendered":"<p>Les tables ne sont pas assembl\u00e9es. Les plateaux de table ne sont pas pr\u00e9-perc\u00e9s. Les vis sont incluses si les<\/p>\n","protected":false},"featured_media":182513,"comment_status":"open","ping_status":"closed","template":"","meta":[],"product_brand":[],"product_cat":[10276,18019],"product_tag":[10732,10733,10660,10744,10663,10745,10664,10746,10665,10747,10667,10748,10727,10749,10729,10750,10730,10787,10731],"class_list":{"0":"post-182511","1":"product","2":"type-product","3":"status-publish","4":"has-post-thumbnail","6":"product_cat-tables-hautes-mange-debout","7":"product_cat-dublin-grey-caspio-assortiment-de-table","8":"product_tag-horeca-tables","9":"product_tag-tische-3","10":"product_tag-restaurant-meubelen","11":"product_tag-tafel-onderstel","12":"product_tag-meubles-de-restaurant","13":"product_tag-restaurant-tafels","14":"product_tag-restaurant-furniture","15":"product_tag-tables-de-restaurant","16":"product_tag-restaurant-m-bel","17":"product_tag-pied-de-table","18":"product_tag-tischbasis","19":"product_tag-restaurant-tables","20":"product_tag-tafels-3","21":"product_tag-restaurant-tabellen","22":"product_tag-horeca-tafels","23":"product_tag-horeca-tabellen","24":"product_tag-tables-5","25":"product_tag-table-2","26":"product_tag-tables-horeca","27":"pa_product-frame-color-noir-framecolor-fr","28":"pa_product-more-colors-oui-fr","29":"pa_product-more-dimensions-oui-fr","30":"pa_product-seats-2-seats-fr","31":"pa_product-tabletop-color-gris-tabletop-color-fr","32":"pa_product-usage-usage-interieur-fr","33":"pa_table-height-cm-113-cm-fr","35":"first","36":"instock","37":"sale","38":"taxable","39":"shipping-taxable","40":"purchasable","41":"product-type-simple"},"_links":{"self":[{"href":"https:\/\/horecacenter.com\/fr\/wp-json\/wp\/v2\/product\/182511","targetHints":{"allow":["GET"]}}],"collection":[{"href":"https:\/\/horecacenter.com\/fr\/wp-json\/wp\/v2\/product"}],"about":[{"href":"https:\/\/horecacenter.com\/fr\/wp-json\/wp\/v2\/types\/product"}],"replies":[{"embeddable":true,"href":"https:\/\/horecacenter.com\/fr\/wp-json\/wp\/v2\/comments?post=182511"}],"version-history":[{"count":2,"href":"https:\/\/horecacenter.com\/fr\/wp-json\/wp\/v2\/product\/182511\/revisions"}],"predecessor-version":[{"id":182521,"href":"https:\/\/horecacenter.com\/fr\/wp-json\/wp\/v2\/product\/182511\/revisions\/182521"}],"wp:featuredmedia":[{"embeddable":true,"href":"https:\/\/horecacenter.com\/fr\/wp-json\/wp\/v2\/media\/182513"}],"wp:attachment":[{"href":"https:\/\/horecacenter.com\/fr\/wp-json\/wp\/v2\/media?parent=182511"}],"wp:term":[{"taxonomy":"product_brand","embeddable":true,"href":"https:\/\/horecacenter.com\/fr\/wp-json\/wp\/v2\/product_brand?post=182511"},{"taxonomy":"product_cat","embeddable":true,"href":"https:\/\/horecacenter.com\/fr\/wp-json\/wp\/v2\/product_cat?post=182511"},{"taxonomy":"product_tag","embeddable":true,"href":"https:\/\/horecacenter.com\/fr\/wp-json\/wp\/v2\/product_tag?post=182511"}],"curies":[{"name":"wp","href":"https:\/\/api.w.org\/{rel}","templated":true}]}}