{"id":182757,"date":"2026-02-19T07:35:26","date_gmt":"2026-02-19T07:35:26","guid":{"rendered":"https:\/\/horecacenter.com\/?post_type=product&#038;p=182757"},"modified":"2026-02-27T13:29:00","modified_gmt":"2026-02-27T13:29:00","slug":"table-de-restaurant-avec-pied-dublin-302-oak-70x120-cm","status":"publish","type":"product","link":"https:\/\/horecacenter.com\/fr\/produit\/table-de-restaurant-avec-pied-dublin-302-oak-70x120-cm\/","title":{"rendered":"Table de Restaurant Avec Pied &#8211; DUBLIN 302 OAK &#8211; 70&#215;120 cm"},"content":{"rendered":"<p><i class=\"fas fa-check-circle description-icon-green\" aria-hidden=\"true\"><\/i><span style=\"color: #ff6600;\"> Les tables ne sont pas assembl\u00e9es.<\/span><br \/>\n<i class=\"fas fa-check-circle description-icon-green\" aria-hidden=\"true\"><\/i><span style=\"color: #339966;\"> Les plateaux de table ne sont pas pr\u00e9-perc\u00e9s.<\/span><br \/>\n<i class=\"fas fa-check-circle description-icon-green\" aria-hidden=\"true\"><\/i><span style=\"color: #ff6600;\"> Les vis sont incluses si les plateaux de table sont command\u00e9s avec les pieds de table.<\/span><br \/>\n<i class=\"fas fa-check-circle description-icon-green\" aria-hidden=\"true\"><\/i><span style=\"color: #339966;\"> Le mat\u00e9riel n\u00e9cessaire pour l\u2019assemblage est inclus dans la bo\u00eete.<\/span><\/p>\n","protected":false},"excerpt":{"rendered":"<p>Les tables ne sont pas assembl\u00e9es. Les plateaux de table ne sont pas pr\u00e9-perc\u00e9s. Les vis sont incluses si les<\/p>\n","protected":false},"featured_media":182765,"comment_status":"open","ping_status":"closed","template":"","meta":[],"product_brand":[],"product_cat":[17372],"product_tag":[10731,10732,10660,10733,10663,10744,10664,10745,10665,10746,10666,10747,10667,10748,10727,10749,10729,10750,10730],"class_list":{"0":"post-182757","1":"product","2":"type-product","3":"status-publish","4":"has-post-thumbnail","6":"product_cat-dublin-302-oak-assortiment-de-table","7":"product_tag-tables-horeca","8":"product_tag-horeca-tables","9":"product_tag-restaurant-meubelen","10":"product_tag-tische-3","11":"product_tag-meubles-de-restaurant","12":"product_tag-tafel-onderstel","13":"product_tag-restaurant-furniture","14":"product_tag-restaurant-tafels","15":"product_tag-restaurant-m-bel","16":"product_tag-tables-de-restaurant","17":"product_tag-table-base","18":"product_tag-pied-de-table","19":"product_tag-tischbasis","20":"product_tag-restaurant-tables","21":"product_tag-tafels-3","22":"product_tag-restaurant-tabellen","23":"product_tag-horeca-tafels","24":"product_tag-horeca-tabellen","25":"product_tag-tables-5","26":"pa_product-frame-color-noir-framecolor-fr","27":"pa_product-more-colors-oui-fr","28":"pa_product-more-dimensions-oui-fr","29":"pa_product-seats-4-seats-fr","30":"pa_product-tabletop-color-aspect-bois-tabletop-color-fr","31":"pa_product-usage-usage-interieur-fr","32":"pa_table-height-cm-74-cm-fr","34":"first","35":"instock","36":"sale","37":"taxable","38":"shipping-taxable","39":"purchasable","40":"product-type-simple"},"_links":{"self":[{"href":"https:\/\/horecacenter.com\/fr\/wp-json\/wp\/v2\/product\/182757","targetHints":{"allow":["GET"]}}],"collection":[{"href":"https:\/\/horecacenter.com\/fr\/wp-json\/wp\/v2\/product"}],"about":[{"href":"https:\/\/horecacenter.com\/fr\/wp-json\/wp\/v2\/types\/product"}],"replies":[{"embeddable":true,"href":"https:\/\/horecacenter.com\/fr\/wp-json\/wp\/v2\/comments?post=182757"}],"version-history":[{"count":2,"href":"https:\/\/horecacenter.com\/fr\/wp-json\/wp\/v2\/product\/182757\/revisions"}],"predecessor-version":[{"id":182773,"href":"https:\/\/horecacenter.com\/fr\/wp-json\/wp\/v2\/product\/182757\/revisions\/182773"}],"wp:featuredmedia":[{"embeddable":true,"href":"https:\/\/horecacenter.com\/fr\/wp-json\/wp\/v2\/media\/182765"}],"wp:attachment":[{"href":"https:\/\/horecacenter.com\/fr\/wp-json\/wp\/v2\/media?parent=182757"}],"wp:term":[{"taxonomy":"product_brand","embeddable":true,"href":"https:\/\/horecacenter.com\/fr\/wp-json\/wp\/v2\/product_brand?post=182757"},{"taxonomy":"product_cat","embeddable":true,"href":"https:\/\/horecacenter.com\/fr\/wp-json\/wp\/v2\/product_cat?post=182757"},{"taxonomy":"product_tag","embeddable":true,"href":"https:\/\/horecacenter.com\/fr\/wp-json\/wp\/v2\/product_tag?post=182757"}],"curies":[{"name":"wp","href":"https:\/\/api.w.org\/{rel}","templated":true}]}}