{"id":183251,"date":"2026-02-20T12:47:58","date_gmt":"2026-02-20T12:47:58","guid":{"rendered":"https:\/\/horecacenter.com\/?post_type=product&#038;p=183251"},"modified":"2026-02-23T12:09:39","modified_gmt":"2026-02-23T12:09:39","slug":"banquette-dangle-de-restaurant-troje-simili-cuir-noir","status":"publish","type":"product","link":"https:\/\/horecacenter.com\/fr\/produit\/banquette-dangle-de-restaurant-troje-simili-cuir-noir\/","title":{"rendered":"Banquette d\u2019Angle de Restaurant &#8211; TROJE &#8211; Simili Cuir Noir"},"content":{"rendered":"<p><span style=\"color: #000000;\">Parfait pour les \u00e9tablissements de restauration cherchant \u00e0 enrichir leur int\u00e9rieur avec style et durabilit\u00e9. Un v\u00e9ritable accroche-regard pour tout restaurant ou caf\u00e9 !<\/span><\/p>\n<p><span style=\"color: #000000;\">Attention ! Les dimensions des canap\u00e9s peuvent varier de 1 \u00e0 2 cm en raison des mat\u00e9riaux utilis\u00e9s.<\/span><\/p>\n<p><span style=\"color: #000000;\">Les mod\u00e8les en showroom vous aideront \u00e0 vous inspirer pour votre am\u00e9nagement int\u00e9rieur. Nos conseillers experts \u00e9coutent vos attentes pour vous accompagner au mieux dans l\u2019am\u00e9nagement de votre int\u00e9rieur. Ils se feront un plaisir de prendre le temps de tout discuter en d\u00e9tail. Veuillez prendre rendez-vous au +32\u00a03\u00a0685\u00a073\u00a003.<\/span><\/p>\n","protected":false},"excerpt":{"rendered":"<p>Parfait pour les \u00e9tablissements de restauration cherchant \u00e0 enrichir leur int\u00e9rieur avec style et durabilit\u00e9. Un v\u00e9ritable accroche-regard pour tout<\/p>\n","protected":false},"featured_media":183261,"comment_status":"open","ping_status":"closed","template":"","meta":[],"product_brand":[],"product_cat":[15846],"product_tag":[10540,10549,12550,12551,12552,12553,10533,10534,10535],"class_list":{"0":"post-183251","1":"product","2":"type-product","3":"status-publish","4":"has-post-thumbnail","6":"product_cat-banquettes-troje","7":"product_tag-horeca-furniture","8":"product_tag-nightlock-bank","9":"product_tag-aperitiefzetefl","10":"product_tag-si-ge-ap-ro","11":"product_tag-aperitif-seat","12":"product_tag-aperitif-platz","13":"product_tag-horeca-meubelen","14":"product_tag-meuble-horeca","15":"product_tag-horeca-m-bel","16":"pa_product-color-color-noir-fr","17":"pa_product-frame-color-noir-framecolor-fr","18":"pa_product-more-colors-oui-fr","19":"pa_product-more-dimensions-oui-fr","20":"pa_product-seat-height-cm-45-seat-height-cm-fr","21":"pa_product-seats-1-seats-fr","22":"pa_product-upholstery-upholstery-simili-cuir-fr","23":"pa_product-usage-usage-interieur-fr","25":"first","26":"onbackorder","27":"sale","28":"taxable","29":"shipping-taxable","30":"purchasable","31":"product-type-simple"},"_links":{"self":[{"href":"https:\/\/horecacenter.com\/fr\/wp-json\/wp\/v2\/product\/183251","targetHints":{"allow":["GET"]}}],"collection":[{"href":"https:\/\/horecacenter.com\/fr\/wp-json\/wp\/v2\/product"}],"about":[{"href":"https:\/\/horecacenter.com\/fr\/wp-json\/wp\/v2\/types\/product"}],"replies":[{"embeddable":true,"href":"https:\/\/horecacenter.com\/fr\/wp-json\/wp\/v2\/comments?post=183251"}],"version-history":[{"count":3,"href":"https:\/\/horecacenter.com\/fr\/wp-json\/wp\/v2\/product\/183251\/revisions"}],"predecessor-version":[{"id":183665,"href":"https:\/\/horecacenter.com\/fr\/wp-json\/wp\/v2\/product\/183251\/revisions\/183665"}],"wp:featuredmedia":[{"embeddable":true,"href":"https:\/\/horecacenter.com\/fr\/wp-json\/wp\/v2\/media\/183261"}],"wp:attachment":[{"href":"https:\/\/horecacenter.com\/fr\/wp-json\/wp\/v2\/media?parent=183251"}],"wp:term":[{"taxonomy":"product_brand","embeddable":true,"href":"https:\/\/horecacenter.com\/fr\/wp-json\/wp\/v2\/product_brand?post=183251"},{"taxonomy":"product_cat","embeddable":true,"href":"https:\/\/horecacenter.com\/fr\/wp-json\/wp\/v2\/product_cat?post=183251"},{"taxonomy":"product_tag","embeddable":true,"href":"https:\/\/horecacenter.com\/fr\/wp-json\/wp\/v2\/product_tag?post=183251"}],"curies":[{"name":"wp","href":"https:\/\/api.w.org\/{rel}","templated":true}]}}