{"id":185406,"date":"2026-03-03T08:13:33","date_gmt":"2026-03-03T08:13:33","guid":{"rendered":"https:\/\/horecacenter.com\/?post_type=product&#038;p=185406"},"modified":"2026-03-03T08:26:39","modified_gmt":"2026-03-03T08:26:39","slug":"ensemble-de-banquette-de-restaurant-dyno-simili-cuir-bordeaux","status":"publish","type":"product","link":"https:\/\/horecacenter.com\/fr\/produit\/ensemble-de-banquette-de-restaurant-dyno-simili-cuir-bordeaux\/","title":{"rendered":"Ensemble de Banquette de Restaurant &#8211; DYNO &#8211; Simili Cuir Bordeaux"},"content":{"rendered":"<p><span style=\"color: #000000;\">Attention ! Les dimensions des banquettes sont susceptibles de varier de 1 \u00e0 2 cm selon le mat\u00e9riel utilis\u00e9.<\/span><\/p>\n<p><strong><span style=\"color: #000000;\">L&rsquo;ensemble sur l&rsquo;image se compose des produits suivants\u202f:<br \/>\n<\/span><\/strong><span style=\"color: #000000;\">1x Banquettes <span style=\"color: #0000ff;\"><a style=\"color: #0000ff;\" href=\"https:\/\/horecacenter.com\/fr\/produit\/banquette-de-cafe-restaurant-et-horeca-atlas-velours-bordeaux\/\">B-AMERICAN-CBO10<\/a><\/span><\/span><br \/>\n<span style=\"color: #000000;\">1x Chaises En Simili Cuir<span style=\"color: #0000ff;\"> <a style=\"color: #0000ff;\" href=\"https:\/\/horecacenter.com\/fr\/produit\/chaise-de-restaurant-avec-accoudoirs-flore-velours-anthracite\/\">B-TARA-BORDEAUX<\/a><\/span><\/span><br \/>\n<span style=\"color: #000000;\">1x Dessus De Table<span style=\"color: #0000ff;\"> <a style=\"color: #0000ff;\" href=\"https:\/\/horecacenter.com\/fr\/produit\/plateau-de-table-de-cafe-restaurant-et-horeca-dublin-k3-5-cm-depaisseur\/\">C-MADRID-K3<\/a><\/span><\/span><br \/>\n<span style=\"color: #000000;\">1x Pied De Table <span style=\"color: #0000ff;\"><a style=\"color: #0000ff;\" href=\"https:\/\/horecacenter.com\/fr\/produit\/base-de-table-de-cafe-restaurant-et-horeca-carre-noir-hauteur-72-cm\/\">C-339<\/a><\/span><\/span><\/p>\n<p><span style=\"color: #008000;\"><strong><br \/>\nPRIX \u200b\u200bSUR DEMANDE !<\/strong><\/span><\/p>\n<p style=\"text-align: center;\"><span style=\"color: #000000;\"><strong>NOUVEAU ! Nous r\u00e9alisons d\u00e9sormais \u00e9galement des plans 3D pour votre entreprise de restauration, pour plus d&rsquo;informations, vous pouvez envoyer un e-mail \u00e0 info@horecacenter.com ou nous appeler au +32\/3\/685 73 03.<\/strong><\/span><\/p>\n","protected":false},"excerpt":{"rendered":"<p>Attention ! Les dimensions des banquettes sont susceptibles de varier de 1 \u00e0 2 cm selon le mat\u00e9riel utilis\u00e9. L&rsquo;ensemble<\/p>\n","protected":false},"featured_media":185395,"comment_status":"closed","ping_status":"closed","template":"","meta":[],"product_brand":[],"product_cat":[9792],"product_tag":[10533,10535,10540,10610,13064],"class_list":{"0":"post-185406","1":"product","2":"type-product","3":"status-publish","4":"has-post-thumbnail","6":"product_cat-american-banquettes","7":"product_tag-horeca-meubelen","8":"product_tag-horeca-m-bel","9":"product_tag-horeca-furniture","10":"product_tag-meubles-horeca","11":"product_tag-cafe-inrichting","12":"pa_product-color-color-bordeaux-fr","13":"pa_product-frame-color-wenge-frame-color-fr","14":"pa_product-more-colors-oui-fr","15":"pa_product-seat-height-cm-47-seat-height-cm-fr","16":"pa_product-seats-2-seats-fr","17":"pa_product-upholstery-upholstery-plastique-fr","18":"pa_product-usage-usage-interieur-fr","20":"first","21":"onbackorder","22":"taxable","23":"shipping-taxable","24":"purchasable","25":"product-type-simple"},"_links":{"self":[{"href":"https:\/\/horecacenter.com\/fr\/wp-json\/wp\/v2\/product\/185406","targetHints":{"allow":["GET"]}}],"collection":[{"href":"https:\/\/horecacenter.com\/fr\/wp-json\/wp\/v2\/product"}],"about":[{"href":"https:\/\/horecacenter.com\/fr\/wp-json\/wp\/v2\/types\/product"}],"replies":[{"embeddable":true,"href":"https:\/\/horecacenter.com\/fr\/wp-json\/wp\/v2\/comments?post=185406"}],"version-history":[{"count":3,"href":"https:\/\/horecacenter.com\/fr\/wp-json\/wp\/v2\/product\/185406\/revisions"}],"predecessor-version":[{"id":185418,"href":"https:\/\/horecacenter.com\/fr\/wp-json\/wp\/v2\/product\/185406\/revisions\/185418"}],"wp:featuredmedia":[{"embeddable":true,"href":"https:\/\/horecacenter.com\/fr\/wp-json\/wp\/v2\/media\/185395"}],"wp:attachment":[{"href":"https:\/\/horecacenter.com\/fr\/wp-json\/wp\/v2\/media?parent=185406"}],"wp:term":[{"taxonomy":"product_brand","embeddable":true,"href":"https:\/\/horecacenter.com\/fr\/wp-json\/wp\/v2\/product_brand?post=185406"},{"taxonomy":"product_cat","embeddable":true,"href":"https:\/\/horecacenter.com\/fr\/wp-json\/wp\/v2\/product_cat?post=185406"},{"taxonomy":"product_tag","embeddable":true,"href":"https:\/\/horecacenter.com\/fr\/wp-json\/wp\/v2\/product_tag?post=185406"}],"curies":[{"name":"wp","href":"https:\/\/api.w.org\/{rel}","templated":true}]}}