{"id":185493,"date":"2026-03-03T10:32:59","date_gmt":"2026-03-03T10:32:59","guid":{"rendered":"https:\/\/horecacenter.com\/?post_type=product&#038;p=185493"},"modified":"2026-03-03T10:36:14","modified_gmt":"2026-03-03T10:36:14","slug":"ensemble-de-banquettes-de-restaurant-valento-simili-cuir-noir-avec-boutons-noirs","status":"publish","type":"product","link":"https:\/\/horecacenter.com\/fr\/produit\/ensemble-de-banquettes-de-restaurant-valento-simili-cuir-noir-avec-boutons-noirs\/","title":{"rendered":"Ensemble de Banquettes de Restaurant &#8211; VALENTO &#8211; Simili Cuir Noir Avec Boutons Noirs"},"content":{"rendered":"<div id=\"tw-target\">\n<div id=\"tw-target-text-container\">\n<p><span style=\"color: #000000;\">Le canap\u00e9 Safran est l&rsquo;un de nos canap\u00e9s populaires qui est id\u00e9al pour votre int\u00e9rieur gr\u00e2ce \u00e0 son aspect \u00e9l\u00e9gant. Canap\u00e9 tr\u00e8s confortable et robuste, facile \u00e0 combiner et utilisable pendant des ann\u00e9es. Recouvert de cuir synth\u00e9tique de qualit\u00e9 sup\u00e9rieure facile d&rsquo;entretien. Il convient \u00e0 tous les \u00e9tablissements de restauration et avec sa largeur de 120 cm offre un espace pour deux personnes. Fourni avec une base en MDF weng\u00e9 et avec un clou de glissement en plastique standard au bas.<\/span><\/p>\n<p><span style=\"color: #000000;\">Attention ! Les dimensions des banquettes sont susceptibles de varier de 1 \u00e0 2 cm selon le mat\u00e9riel utilis\u00e9.<\/span><\/p>\n<p><strong><span style=\"color: #000000;\">L&rsquo;ensemble sur l&rsquo;image se compose des produits suivants\u202f:<br \/>\n<\/span><\/strong><span style=\"color: #000000;\">1x Banquettes <span style=\"color: #0000ff;\"><a style=\"color: #0000ff;\" href=\"https:\/\/horecacenter.com\/fr\/produit\/banquette-de-cafe-restaurant-et-horeca-safran-capiton-noir\/\">B-SS120-BLACK-ZK<\/a><\/span><\/span><br \/>\n<span style=\"color: #000000;\">2x Chaises En Velours <span style=\"color: #0000ff;\"><a style=\"color: #0000ff;\" href=\"https:\/\/horecacenter.com\/fr\/produit\/chaise-de-restaurant-cara-velours-noir\/\">A-CARA-BLACK<\/a><\/span><\/span><br \/>\n<span style=\"color: #000000;\">1x Dessus De Table <span style=\"color: #0000ff;\"><a style=\"color: #0000ff;\" href=\"https:\/\/horecacenter.com\/fr\/produit\/plateau-de-table-de-cafe-restaurant-et-horeca-dublin-k3-5-cm-depaisseur\/\">C-DUBLIN-K3-70X120<\/a><\/span><\/span><br \/>\n<span style=\"color: #000000;\">1x Pieds De Table <span style=\"color: #0000ff;\"><a style=\"color: #0000ff;\" href=\"https:\/\/horecacenter.com\/fr\/produit\/base-de-table-de-cafe-restaurant-et-horeca-rectangulaire-noir-hauteur-72-cm\/\">C-343<\/a><\/span><\/span><\/p>\n<p><span style=\"color: #008000;\"><strong><br \/>\nPRIX \u200b\u200bSUR DEMANDE !<\/strong><\/span><\/p>\n<p style=\"text-align: center;\"><span style=\"color: #000000;\"><strong>NOUVEAU ! Nous r\u00e9alisons d\u00e9sormais \u00e9galement des plans 3D pour votre entreprise de restauration, pour plus d&rsquo;informations, vous pouvez envoyer un e-mail \u00e0 info@horecacenter.com ou nous appeler au +32\/3\/685 73 03.<\/strong><\/span><\/p>\n<\/div>\n<\/div>\n","protected":false},"excerpt":{"rendered":"<p>Le canap\u00e9 Safran est l&rsquo;un de nos canap\u00e9s populaires qui est id\u00e9al pour votre int\u00e9rieur gr\u00e2ce \u00e0 son aspect \u00e9l\u00e9gant.<\/p>\n","protected":false},"featured_media":185490,"comment_status":"closed","ping_status":"closed","template":"","meta":[],"product_brand":[],"product_cat":[17320],"product_tag":[10535,10540,10610,10660,10664,10665,10927],"class_list":{"0":"post-185493","1":"product","2":"type-product","3":"status-publish","4":"has-post-thumbnail","6":"product_cat-banquettes-capiton","7":"product_tag-horeca-m-bel","8":"product_tag-horeca-furniture","9":"product_tag-meubles-horeca","10":"product_tag-restaurant-meubelen","11":"product_tag-restaurant-furniture","12":"product_tag-restaurant-m-bel","13":"product_tag-restaurant-inrichting","14":"pa_product-color-color-noir-fr","15":"pa_product-frame-color-wenge-frame-color-fr","16":"pa_product-seat-height-cm-47-seat-height-cm-fr","17":"pa_product-upholstery-upholstery-simili-cuir-fr","18":"pa_product-usage-usage-interieur-fr","20":"first","21":"outofstock","22":"taxable","23":"shipping-taxable","24":"purchasable","25":"product-type-simple"},"_links":{"self":[{"href":"https:\/\/horecacenter.com\/fr\/wp-json\/wp\/v2\/product\/185493","targetHints":{"allow":["GET"]}}],"collection":[{"href":"https:\/\/horecacenter.com\/fr\/wp-json\/wp\/v2\/product"}],"about":[{"href":"https:\/\/horecacenter.com\/fr\/wp-json\/wp\/v2\/types\/product"}],"replies":[{"embeddable":true,"href":"https:\/\/horecacenter.com\/fr\/wp-json\/wp\/v2\/comments?post=185493"}],"version-history":[{"count":2,"href":"https:\/\/horecacenter.com\/fr\/wp-json\/wp\/v2\/product\/185493\/revisions"}],"predecessor-version":[{"id":185495,"href":"https:\/\/horecacenter.com\/fr\/wp-json\/wp\/v2\/product\/185493\/revisions\/185495"}],"wp:featuredmedia":[{"embeddable":true,"href":"https:\/\/horecacenter.com\/fr\/wp-json\/wp\/v2\/media\/185490"}],"wp:attachment":[{"href":"https:\/\/horecacenter.com\/fr\/wp-json\/wp\/v2\/media?parent=185493"}],"wp:term":[{"taxonomy":"product_brand","embeddable":true,"href":"https:\/\/horecacenter.com\/fr\/wp-json\/wp\/v2\/product_brand?post=185493"},{"taxonomy":"product_cat","embeddable":true,"href":"https:\/\/horecacenter.com\/fr\/wp-json\/wp\/v2\/product_cat?post=185493"},{"taxonomy":"product_tag","embeddable":true,"href":"https:\/\/horecacenter.com\/fr\/wp-json\/wp\/v2\/product_tag?post=185493"}],"curies":[{"name":"wp","href":"https:\/\/api.w.org\/{rel}","templated":true}]}}