{"id":185641,"date":"2026-03-04T08:53:23","date_gmt":"2026-03-04T08:53:23","guid":{"rendered":"https:\/\/horecacenter.com\/?post_type=product&#038;p=185641"},"modified":"2026-03-04T09:04:36","modified_gmt":"2026-03-04T09:04:36","slug":"ensemble-de-banquettes-de-restaurant-lunaro-simili-cuir-taupe","status":"publish","type":"product","link":"https:\/\/horecacenter.com\/fr\/produit\/ensemble-de-banquettes-de-restaurant-lunaro-simili-cuir-taupe\/","title":{"rendered":"Ensemble de Banquettes de Restaurant &#8211; LUNARO &#8211; Simili Cuir Taupe"},"content":{"rendered":"<div id=\"tw-target\">\n<div id=\"tw-target-text-container\">\n<p><span style=\"color: #000000;\">Le canap\u00e9 Luna est un canap\u00e9 tr\u00e8s confortable et convivial qui convient \u00e0 toutes les entreprises de restauration. Recouvert de cuir synth\u00e9tique de premi\u00e8re qualit\u00e9 et facile d&rsquo;entretien. Il convient \u00e0 tous les \u00e9tablissements de restauration et avec sa largeur de 120 cm offre un espace pour deux personnes. Fourni avec une base en MDF noir et un clou de glissement en plastique standard en bas.<\/span><\/p>\n<p><span style=\"color: #000000;\">Attention ! Les dimensions des banquettes sont susceptibles de varier de 1 \u00e0 2 cm selon le mat\u00e9riel utilis\u00e9.<\/span><\/p>\n<p><strong><span style=\"color: #000000;\">L&rsquo;ensemble sur l&rsquo;image se compose des produits suivants\u202f:<br \/>\n<\/span><\/strong><span style=\"color: #000000;\">1x Banquettes <span style=\"color: #0000ff;\"><a style=\"color: #0000ff;\" href=\"https:\/\/horecacenter.com\/fr\/produit\/banquette-de-cafe-restaurant-et-horeca-luna-simili-cuir-taupe\/\">B-LUNA-TAUPE-120<\/a><\/span><\/span><br \/>\n<span style=\"color: #000000;\">2x Chaises <span style=\"color: #0000ff;\"><a style=\"color: #0000ff;\" href=\"https:\/\/horecacenter.com\/fr\/produit\/chaise-avec-accoudoirs-de-cafe-restaurant-et-horeca-nelson-vintage\/\">A-NELSON-TOFFEE<\/a><\/span><\/span><br \/>\n<span style=\"color: #000000;\">1x Dessus De Table <span style=\"color: #0000ff;\"><a style=\"color: #0000ff;\" href=\"https:\/\/horecacenter.com\/fr\/produit\/plateau-de-table-en-bois-de-manguier-pour-restaurant-5-cm-depaisseur-latte\/\">A-MANGO-LATTE-70X120<\/a><\/span><\/span><br \/>\n<span style=\"color: #000000;\">1x Pieds De Table <span style=\"color: #0000ff;\"><a style=\"color: #0000ff;\" href=\"https:\/\/horecacenter.com\/fr\/produit\/base-de-table-de-cafe-restaurant-et-horeca-noir-hauteur-72-cm\/\">C-341<\/a><\/span><\/span><\/p>\n<p><span style=\"color: #008000;\"><strong>PRIX \u200b\u200bSUR DEMANDE !<\/strong><\/span><\/p>\n<p style=\"text-align: center;\"><span style=\"color: #000000;\"><strong>NOUVEAU ! Nous r\u00e9alisons d\u00e9sormais \u00e9galement des plans 3D pour votre entreprise de restauration, pour plus d&rsquo;informations, vous pouvez envoyer un e-mail \u00e0 info@horecacenter.com ou nous appeler au +32\/3\/685 73 03.<\/strong><\/span><\/p>\n<\/div>\n<\/div>\n","protected":false},"excerpt":{"rendered":"<p>Le canap\u00e9 Luna est un canap\u00e9 tr\u00e8s confortable et convivial qui convient \u00e0 toutes les entreprises de restauration. Recouvert de<\/p>\n","protected":false},"featured_media":185637,"comment_status":"closed","ping_status":"closed","template":"","meta":[],"product_brand":[],"product_cat":[9844],"product_tag":[10540,10610,13064,10535],"class_list":{"0":"post-185641","1":"product","2":"type-product","3":"status-publish","4":"has-post-thumbnail","6":"product_cat-banquettes-luna","7":"product_tag-horeca-furniture","8":"product_tag-meubles-horeca","9":"product_tag-cafe-inrichting","10":"product_tag-horeca-m-bel","11":"pa_product-color-color-taupe-fr","12":"pa_product-frame-color-wenge-frame-color-fr","13":"pa_product-seat-height-cm-45-seat-height-cm-fr","14":"pa_product-upholstery-upholstery-plastique-fr","15":"pa_product-usage-usage-interieur-fr","17":"first","18":"outofstock","19":"taxable","20":"shipping-taxable","21":"purchasable","22":"product-type-simple"},"_links":{"self":[{"href":"https:\/\/horecacenter.com\/fr\/wp-json\/wp\/v2\/product\/185641","targetHints":{"allow":["GET"]}}],"collection":[{"href":"https:\/\/horecacenter.com\/fr\/wp-json\/wp\/v2\/product"}],"about":[{"href":"https:\/\/horecacenter.com\/fr\/wp-json\/wp\/v2\/types\/product"}],"replies":[{"embeddable":true,"href":"https:\/\/horecacenter.com\/fr\/wp-json\/wp\/v2\/comments?post=185641"}],"version-history":[{"count":2,"href":"https:\/\/horecacenter.com\/fr\/wp-json\/wp\/v2\/product\/185641\/revisions"}],"predecessor-version":[{"id":185650,"href":"https:\/\/horecacenter.com\/fr\/wp-json\/wp\/v2\/product\/185641\/revisions\/185650"}],"wp:featuredmedia":[{"embeddable":true,"href":"https:\/\/horecacenter.com\/fr\/wp-json\/wp\/v2\/media\/185637"}],"wp:attachment":[{"href":"https:\/\/horecacenter.com\/fr\/wp-json\/wp\/v2\/media?parent=185641"}],"wp:term":[{"taxonomy":"product_brand","embeddable":true,"href":"https:\/\/horecacenter.com\/fr\/wp-json\/wp\/v2\/product_brand?post=185641"},{"taxonomy":"product_cat","embeddable":true,"href":"https:\/\/horecacenter.com\/fr\/wp-json\/wp\/v2\/product_cat?post=185641"},{"taxonomy":"product_tag","embeddable":true,"href":"https:\/\/horecacenter.com\/fr\/wp-json\/wp\/v2\/product_tag?post=185641"}],"curies":[{"name":"wp","href":"https:\/\/api.w.org\/{rel}","templated":true}]}}