{"id":192014,"date":"2026-03-31T13:22:27","date_gmt":"2026-03-31T13:22:27","guid":{"rendered":"https:\/\/horecacenter.com\/?post_type=product&#038;p=192014"},"modified":"2026-04-04T09:44:05","modified_gmt":"2026-04-04T09:44:05","slug":"chaise-de-bar-en-metal-pour-restaurant-carmen-microfibre-vintage-pebble","status":"publish","type":"product","link":"https:\/\/horecacenter.com\/fr\/produit\/chaise-de-bar-en-metal-pour-restaurant-carmen-microfibre-vintage-pebble\/","title":{"rendered":"Chaise de Bar en M\u00e9tal Pour Restaurant &#8211; CARMEN &#8211; Microfibre  Pebble"},"content":{"rendered":"<p>Le rev\u00eatement en <strong>microfibre vintage pebble<\/strong> est fabriqu\u00e9 \u00e0 partir de fibres synth\u00e9tiques fines offrant un aspect su\u00e9d\u00e9. Cette mati\u00e8re est douce, r\u00e9sistante et parfaitement adapt\u00e9e \u00e0 un usage intensif en horeca. Son look vintage apporte du caract\u00e8re \u00e0 votre int\u00e9rieur.<\/p>\n<p><strong>Chaise de Bar Industrielle et Confortable<\/strong><\/p>\n<p>La <strong>Chaise de bar Horeca CARMEN \u2013 Microfibre Vintage Pebble<\/strong> combine un design industriel avec un bon confort d\u2019assise. L\u2019assise ergonomique assure un soutien agr\u00e9able pour une utilisation prolong\u00e9e. La structure m\u00e9tallique noire garantit stabilit\u00e9 et solidit\u00e9. Cette chaise de bar est id\u00e9ale pour les \u00e9tablissements souhaitant une ambiance moderne et chaleureuse. Sa couleur neutre s\u2019int\u00e8gre facilement dans diff\u00e9rents styles. Parfaite pour bars, restaurants et caf\u00e9s. Pour l\u2019entretien, nous recommandons un nettoyage r\u00e9gulier avec une brosse douce ou un aspirateur. Les taches peuvent \u00eatre nettoy\u00e9es avec un chiffon l\u00e9g\u00e8rement humide. \u00c9vitez les produits agressifs afin de pr\u00e9server la qualit\u00e9 du tissu.<\/p>\n<p>Vous ouvrez un \u00e9tablissement horeca ou souhaitez r\u00e9nover votre int\u00e9rieur ? Notre \u00e9quipe vous accompagne avec des conseils professionnels. Contactez-nous via <strong>T\u00e9l\u00e9phone<\/strong>, <strong>WhatsApp<\/strong> ou <strong>e-mail<\/strong> ou visitez notre showroom.<\/p>\n<p><strong>Informations suppl\u00e9mentaires :<\/strong><\/p>\n<p>Les chaises sont livr\u00e9es non mont\u00e9es et emball\u00e9es par 2. Le mat\u00e9riel de montage est inclus dans la bo\u00eete. Le montage est simple et rapide.<\/p>\n","protected":false},"excerpt":{"rendered":"<p>Le rev\u00eatement en microfibre vintage pebble est fabriqu\u00e9 \u00e0 partir de fibres synth\u00e9tiques fines offrant un aspect su\u00e9d\u00e9. Cette mati\u00e8re<\/p>\n","protected":false},"featured_media":192019,"comment_status":"closed","ping_status":"closed","template":"","meta":[],"product_brand":[],"product_cat":[10272],"product_tag":[17690,17706,17691,17707,17692,17708,17693,17694,17679,17695,17680,17696,17681,17697,17682,17698,17683,17699,17684,17700,17685,17701,17686,17702,17687,17703,17688,17704,17689,17705],"class_list":{"0":"post-192014","1":"product","2":"type-product","3":"status-publish","4":"has-post-thumbnail","6":"product_cat-chaises-de-bar-en-m-tal","7":"product_tag-chaises-de-bar-pour-lhotellerie","8":"product_tag-cafe-barstuhl","9":"product_tag-chaise-de-bar-de-cafe","10":"product_tag-barhocker-fur-den-innenbereich","11":"product_tag-tabourets-de-bar-dinterieur","12":"product_tag-schwarzer-metallbarhocker","13":"product_tag-tabouret-de-bar-en-metal-noir","14":"product_tag-industrial-bar-stool","15":"product_tag-industriele-barstoel","16":"product_tag-vintage-bar-stool","17":"product_tag-vintage-barstoel","18":"product_tag-modern-metal-bar-stools","19":"product_tag-moderne-metalen-barstoelen","20":"product_tag-hospitality-bar-stools","21":"product_tag-metaal","22":"product_tag-cafe-bar-stool","23":"product_tag-horeca-barstoelen","24":"product_tag-indoor-bar-stools","25":"product_tag-cafe-barstoel","26":"product_tag-black-metal-bar-stool","27":"product_tag-binnen-barkrukken","28":"product_tag-industrieller-barstuhl","29":"product_tag-zwarte-metalen-barkruk","30":"product_tag-vintage-barstuhl","31":"product_tag-chaise-de-bar-industrielle","32":"product_tag-moderne-metallbarstuhle","33":"product_tag-chaise-de-bar-vintage","34":"product_tag-metall","35":"product_tag-chaises-de-bar-en-metal-modernes","36":"product_tag-gastronomie-barstuhle","37":"pa_frame-non-empilable-frame-fr","38":"pa_product-color-color-pebble-fr","39":"pa_product-frame-color-noir-framecolor-fr","40":"pa_product-material-cadre-en-metal-material-fr","41":"pa_product-more-colors-oui-fr","42":"pa_product-more-dimensions-oui-fr","43":"pa_product-seat-height-cm-78-seat-height-cm-fr","44":"pa_product-seat-width-cm-48-seat-width-cm-fr","45":"pa_product-seats-1-seats-fr","46":"pa_product-upholstery-upholstery-microfibre-fr","47":"pa_product-usage-usage-interieur-fr","49":"first","50":"instock","51":"sale","52":"taxable","53":"shipping-taxable","54":"purchasable","55":"product-type-simple"},"_links":{"self":[{"href":"https:\/\/horecacenter.com\/fr\/wp-json\/wp\/v2\/product\/192014","targetHints":{"allow":["GET"]}}],"collection":[{"href":"https:\/\/horecacenter.com\/fr\/wp-json\/wp\/v2\/product"}],"about":[{"href":"https:\/\/horecacenter.com\/fr\/wp-json\/wp\/v2\/types\/product"}],"replies":[{"embeddable":true,"href":"https:\/\/horecacenter.com\/fr\/wp-json\/wp\/v2\/comments?post=192014"}],"version-history":[{"count":3,"href":"https:\/\/horecacenter.com\/fr\/wp-json\/wp\/v2\/product\/192014\/revisions"}],"predecessor-version":[{"id":192130,"href":"https:\/\/horecacenter.com\/fr\/wp-json\/wp\/v2\/product\/192014\/revisions\/192130"}],"wp:featuredmedia":[{"embeddable":true,"href":"https:\/\/horecacenter.com\/fr\/wp-json\/wp\/v2\/media\/192019"}],"wp:attachment":[{"href":"https:\/\/horecacenter.com\/fr\/wp-json\/wp\/v2\/media?parent=192014"}],"wp:term":[{"taxonomy":"product_brand","embeddable":true,"href":"https:\/\/horecacenter.com\/fr\/wp-json\/wp\/v2\/product_brand?post=192014"},{"taxonomy":"product_cat","embeddable":true,"href":"https:\/\/horecacenter.com\/fr\/wp-json\/wp\/v2\/product_cat?post=192014"},{"taxonomy":"product_tag","embeddable":true,"href":"https:\/\/horecacenter.com\/fr\/wp-json\/wp\/v2\/product_tag?post=192014"}],"curies":[{"name":"wp","href":"https:\/\/api.w.org\/{rel}","templated":true}]}}