{"id":193913,"date":"2026-04-11T09:24:15","date_gmt":"2026-04-11T09:24:15","guid":{"rendered":"https:\/\/horecacenter.com\/?post_type=product&#038;p=193913"},"modified":"2026-04-13T09:00:05","modified_gmt":"2026-04-13T09:00:05","slug":"chaise-de-restaurant-avec-accoudoirs-camille-velours-vert-fonce","status":"publish","type":"product","link":"https:\/\/horecacenter.com\/fr\/produit\/chaise-de-restaurant-avec-accoudoirs-camille-velours-vert-fonce\/","title":{"rendered":"Chaise de Restaurant Avec Accoudoirs &#8211; CAMILLE &#8211; Velours Vert Fonc\u00e9"},"content":{"rendered":"<ul>\n<li><span style=\"color: #000000;\">Les chaises ne sont pas assembl\u00e9es et sont toujours emball\u00e9es par 2 dans des bo\u00eetes en carton.<\/span><\/li>\n<li><span style=\"color: #000000;\">Le si\u00e8ge est viss\u00e9 au ch\u00e2ssis au moyen de 4 vis.<\/span><\/li>\n<li><span style=\"color: #000000;\">Le mat\u00e9riel n\u00e9cessaire pour l&rsquo;assemblage est inclus dans la bo\u00eete.<\/span><\/li>\n<li><span style=\"color: #000000;\"> Les chaises sont faciles \u00e0 assembler.<\/span><\/li>\n<\/ul>\n","protected":false},"excerpt":{"rendered":"<p>Les chaises ne sont pas assembl\u00e9es et sont toujours emball\u00e9es par 2 dans des bo\u00eetes en carton. Le si\u00e8ge est<\/p>\n","protected":false},"featured_media":86951,"comment_status":"closed","ping_status":"closed","template":"","meta":[],"product_brand":[],"product_cat":[17402,17399],"product_tag":[],"class_list":{"0":"post-193913","1":"product","2":"type-product","3":"status-publish","4":"has-post-thumbnail","6":"product_cat-chaises-en-metal-tissu-vintage","7":"product_cat-chaises-en-metal-tissu","8":"pa_armrest-armrest-oui-fr","9":"pa_frame-non-empilable-frame-fr","10":"pa_product-arm-height-cm-63-arm-height-cm-fr","11":"pa_product-color-color-vert-fonce-fr","12":"pa_product-frame-color-noir-framecolor-fr","13":"pa_product-material-cadre-en-metal-material-fr","14":"pa_product-more-colors-oui-fr","15":"pa_product-seat-depth-cm-45-seat-depth-cm-fr","16":"pa_product-seat-height-cm-48-seat-height-cm-fr","17":"pa_product-seat-width-cm-40-seat-width-cm-fr","18":"pa_product-seats-1-seats-fr","19":"pa_product-upholstery-upholstery-velours-fr","20":"pa_product-usage-usage-interieur-fr","22":"first","23":"instock","24":"sale","25":"taxable","26":"shipping-taxable","27":"purchasable","28":"product-type-simple"},"_links":{"self":[{"href":"https:\/\/horecacenter.com\/fr\/wp-json\/wp\/v2\/product\/193913","targetHints":{"allow":["GET"]}}],"collection":[{"href":"https:\/\/horecacenter.com\/fr\/wp-json\/wp\/v2\/product"}],"about":[{"href":"https:\/\/horecacenter.com\/fr\/wp-json\/wp\/v2\/types\/product"}],"replies":[{"embeddable":true,"href":"https:\/\/horecacenter.com\/fr\/wp-json\/wp\/v2\/comments?post=193913"}],"version-history":[{"count":2,"href":"https:\/\/horecacenter.com\/fr\/wp-json\/wp\/v2\/product\/193913\/revisions"}],"predecessor-version":[{"id":193918,"href":"https:\/\/horecacenter.com\/fr\/wp-json\/wp\/v2\/product\/193913\/revisions\/193918"}],"wp:featuredmedia":[{"embeddable":true,"href":"https:\/\/horecacenter.com\/fr\/wp-json\/wp\/v2\/media\/86951"}],"wp:attachment":[{"href":"https:\/\/horecacenter.com\/fr\/wp-json\/wp\/v2\/media?parent=193913"}],"wp:term":[{"taxonomy":"product_brand","embeddable":true,"href":"https:\/\/horecacenter.com\/fr\/wp-json\/wp\/v2\/product_brand?post=193913"},{"taxonomy":"product_cat","embeddable":true,"href":"https:\/\/horecacenter.com\/fr\/wp-json\/wp\/v2\/product_cat?post=193913"},{"taxonomy":"product_tag","embeddable":true,"href":"https:\/\/horecacenter.com\/fr\/wp-json\/wp\/v2\/product_tag?post=193913"}],"curies":[{"name":"wp","href":"https:\/\/api.w.org\/{rel}","templated":true}]}}