{"id":69864,"date":"2012-07-27T16:05:46","date_gmt":"2012-07-27T16:05:46","guid":{"rendered":"https:\/\/horecacenter.com\/?post_type=product&#038;p=69864"},"modified":"2026-01-02T14:19:20","modified_gmt":"2026-01-02T14:19:20","slug":"banquette-de-cafe-restaurant-et-horeca-safran-d-angle-rouge-2","status":"publish","type":"product","link":"https:\/\/horecacenter.com\/fr\/produit\/banquette-de-cafe-restaurant-et-horeca-safran-d-angle-rouge-2\/","title":{"rendered":"Banquette d&rsquo;Angle de Restaurant &#8211; SAFRAN &#8211; Simili Cuir Rouge"},"content":{"rendered":"<p><span style=\"color: #000000;\">Les canap\u00e9s d&rsquo;angles repas sont bien s\u00fbr \u00e0 ne pas manquer pour votre entreprise. Il est important de choisir le bon mobilier. Horeca Center propose un assortiment de canap\u00e9s \u00e0 manger.<\/span><br \/>\n<span style=\"color: #000000;\">Ces canap\u00e9s de salle sont faits de mat\u00e9riaux qui garantissent \u00e0 vos invit\u00e9s de manger confortablement.<\/span><\/p>\n<p><span style=\"color: #000000;\">Donnez \u00e0 votre entreprise son propre look en choisissant les couleurs et les mat\u00e9riaux sp\u00e9cifiques pour vos canap\u00e9s de salle \u00e0 manger.<\/span><\/p>\n<p><span style=\"color: #000000;\">Attention ! Les dimensions des banquettes sont susceptibles de varier de 1 \u00e0 2 cm selon le mat\u00e9riel utilis\u00e9.<\/span><\/p>\n<p><strong><span style=\"color: #000000;\">L&rsquo;ensemble sur l&rsquo;image se compose des produits suivants\u202f:<br \/>\n<\/span><\/strong><span style=\"color: #000000;\">1x Banquette d\u2019angle <span style=\"color: #0000ff;\"><a style=\"color: #0000ff;\" href=\"https:\/\/horecacenter.com\/fr\/produit\/banquette-de-cafe-restaurant-et-horeca-safran-d-angle-rouge\/\">SH70-RED<\/a><\/span><br \/>\n2x Banquettes\u00a0<span style=\"color: #0000ff;\"><a style=\"color: #0000ff;\" href=\"https:\/\/horecacenter.com\/fr\/produit\/banquette-de-cafe-restaurant-et-horeca-safran-rouge-2\/\">SS120-RED<\/a><\/span><\/span><\/p>\n","protected":false},"excerpt":{"rendered":"<p>Les canap\u00e9s d&rsquo;angles repas sont bien s\u00fbr \u00e0 ne pas manquer pour votre entreprise. Il est important de choisir le<\/p>\n","protected":false},"featured_media":149558,"comment_status":"open","ping_status":"closed","template":"","meta":[],"product_brand":[],"product_cat":[9752],"product_tag":[10535,10540,10549,10533,10534],"class_list":{"0":"post-69864","1":"product","2":"type-product","3":"status-publish","4":"has-post-thumbnail","6":"product_cat-safran-banquettes","7":"product_tag-horeca-m-bel","8":"product_tag-horeca-furniture","9":"product_tag-nightlock-bank","10":"product_tag-horeca-meubelen","11":"product_tag-meuble-horeca","12":"pa_product-color-color-rouge-fr","13":"pa_product-frame-color-wenge-frame-color-fr","14":"pa_product-more-colors-oui-fr","15":"pa_product-more-dimensions-oui-fr","16":"pa_product-seat-height-cm-47-seat-height-cm-fr","17":"pa_product-seats-5-seats-fr","18":"pa_product-upholstery-upholstery-simili-cuir-fr","19":"pa_product-usage-usage-interieur-fr","21":"first","22":"onbackorder","23":"sale","24":"taxable","25":"shipping-taxable","26":"purchasable","27":"product-type-simple"},"_links":{"self":[{"href":"https:\/\/horecacenter.com\/fr\/wp-json\/wp\/v2\/product\/69864","targetHints":{"allow":["GET"]}}],"collection":[{"href":"https:\/\/horecacenter.com\/fr\/wp-json\/wp\/v2\/product"}],"about":[{"href":"https:\/\/horecacenter.com\/fr\/wp-json\/wp\/v2\/types\/product"}],"replies":[{"embeddable":true,"href":"https:\/\/horecacenter.com\/fr\/wp-json\/wp\/v2\/comments?post=69864"}],"version-history":[{"count":1,"href":"https:\/\/horecacenter.com\/fr\/wp-json\/wp\/v2\/product\/69864\/revisions"}],"predecessor-version":[{"id":175154,"href":"https:\/\/horecacenter.com\/fr\/wp-json\/wp\/v2\/product\/69864\/revisions\/175154"}],"wp:featuredmedia":[{"embeddable":true,"href":"https:\/\/horecacenter.com\/fr\/wp-json\/wp\/v2\/media\/149558"}],"wp:attachment":[{"href":"https:\/\/horecacenter.com\/fr\/wp-json\/wp\/v2\/media?parent=69864"}],"wp:term":[{"taxonomy":"product_brand","embeddable":true,"href":"https:\/\/horecacenter.com\/fr\/wp-json\/wp\/v2\/product_brand?post=69864"},{"taxonomy":"product_cat","embeddable":true,"href":"https:\/\/horecacenter.com\/fr\/wp-json\/wp\/v2\/product_cat?post=69864"},{"taxonomy":"product_tag","embeddable":true,"href":"https:\/\/horecacenter.com\/fr\/wp-json\/wp\/v2\/product_tag?post=69864"}],"curies":[{"name":"wp","href":"https:\/\/api.w.org\/{rel}","templated":true}]}}