{"id":70120,"date":"2012-08-04T14:33:57","date_gmt":"2012-08-04T14:33:57","guid":{"rendered":"https:\/\/horecacenter.com\/?post_type=product&#038;p=70120"},"modified":"2025-12-03T10:55:37","modified_gmt":"2025-12-03T10:55:37","slug":"chaise-de-bar-en-bois-avec-accoudoir-de-cafe-restaurant-et-horeca-omega","status":"publish","type":"product","link":"https:\/\/horecacenter.com\/fr\/produit\/chaise-de-bar-en-bois-avec-accoudoir-de-cafe-restaurant-et-horeca-omega\/","title":{"rendered":"Chaise de Bar en Bois Avec Accoudoir Pour Restaurant &#8211; OMEGA &#8211; Simili Cuir Noir"},"content":{"rendered":"<p><span style=\"color: #000000;\">Apportez confort et style \u00e0 votre int\u00e9rieur avec ce tabouret de bar en similicuir, disponible dans une vari\u00e9t\u00e9 de couleurs tendance. Le design avec accoudoirs offre un soutien et un luxe suppl\u00e9mentaires, tandis que le cadre en h\u00eatre teint\u00e9 weng\u00e9 d\u00e9gage une \u00e9l\u00e9gance naturelle et garantit robustesse et durabilit\u00e9. Le rev\u00eatement en similicuir facile \u00e0 entretenir fait de ce tabouret un choix aussi pratique que raffin\u00e9 pour un usage intensif.<\/span><\/p>\n<p><span style=\"color: #000000;\">Con\u00e7u sp\u00e9cialement pour les restaurants, caf\u00e9s et bars qui souhaitent choyer leurs clients avec une ambiance accueillante et professionnelle. L&rsquo;assise ergonomique et les accoudoirs offrent un confort optimal, incitant les clients \u00e0 prolonger leur s\u00e9jour. Le bois chaleureux et les couleurs modernes cr\u00e9ent une esth\u00e9tique intemporelle qui s&rsquo;adapte parfaitement aux concepts h\u00f4teliers classiques et contemporains. Optez pour un tabouret de bar qui allie luxe, fonctionnalit\u00e9 et style \u2013 un compl\u00e9ment parfait pour un \u00e9tablissement accueillant qui veut impressionner.<\/span><\/p>\n<p><span style=\"color: #000000;\"><strong>Informations suppl\u00e9mentaires :<\/strong><\/span><\/p>\n<ul>\n<li><span style=\"color: #000000;\">Fourni avec un clou de glissement en plastique standard.<\/span><\/li>\n<li><span style=\"color: #000000;\">Livr\u00e9 enti\u00e8rement pr\u00eat \u00e0 l&#8217;emploi.<\/span><\/li>\n<li><span style=\"color: #000000;\">Produit europ\u00e9en garantie.<\/span><\/li>\n<li><span style=\"color: #000000;\">Garantie d&rsquo;usine d&rsquo;un an.<\/span><\/li>\n<\/ul>\n","protected":false},"excerpt":{"rendered":"<p>Apportez confort et style \u00e0 votre int\u00e9rieur avec ce tabouret de bar en similicuir, disponible dans une vari\u00e9t\u00e9 de couleurs<\/p>\n","protected":false},"featured_media":70129,"comment_status":"open","ping_status":"closed","template":"","meta":[],"product_brand":[],"product_cat":[10268],"product_tag":[10533,10540,10579,10580,10584,10585,10588,10589,10592,10593,10609,10610],"class_list":{"0":"post-70120","1":"product","2":"type-product","3":"status-publish","4":"has-post-thumbnail","6":"product_cat-chaises-de-bar-en-bois","7":"product_tag-horeca-meubelen","8":"product_tag-horeca-furniture","9":"product_tag-horeca-stoelen","10":"product_tag-restaurant-stoelen","11":"product_tag-chaises-de-restaurant","12":"product_tag-chaises-horeca","13":"product_tag-restaurant-chairs","14":"product_tag-horeca-chairs","15":"product_tag-restaurantst-hle","16":"product_tag-horeca-st-hle","17":"product_tag-barstoel","18":"product_tag-meubles-horeca","19":"pa_armrest-armrest-oui-fr","20":"pa_frame-non-empilable-frame-fr","21":"pa_product-color-color-noir-fr","22":"pa_product-frame-color-wenge-frame-color-fr","23":"pa_product-material-cadre-en-hetre-material-fr","24":"pa_product-more-colors-oui-fr","25":"pa_product-more-dimensions-oui-fr","26":"pa_product-seat-depth-cm-45-seat-depth-cm-fr","27":"pa_product-seat-height-cm-80-seat-height-cm-fr","28":"pa_product-seat-width-cm-48-seat-width-cm-fr","29":"pa_product-seats-1-seats-fr","30":"pa_product-upholstery-upholstery-simili-cuir-fr","31":"pa_product-usage-usage-interieur-fr","33":"first","34":"onbackorder","35":"sale","36":"taxable","37":"shipping-taxable","38":"purchasable","39":"product-type-simple"},"_links":{"self":[{"href":"https:\/\/horecacenter.com\/fr\/wp-json\/wp\/v2\/product\/70120","targetHints":{"allow":["GET"]}}],"collection":[{"href":"https:\/\/horecacenter.com\/fr\/wp-json\/wp\/v2\/product"}],"about":[{"href":"https:\/\/horecacenter.com\/fr\/wp-json\/wp\/v2\/types\/product"}],"replies":[{"embeddable":true,"href":"https:\/\/horecacenter.com\/fr\/wp-json\/wp\/v2\/comments?post=70120"}],"version-history":[{"count":1,"href":"https:\/\/horecacenter.com\/fr\/wp-json\/wp\/v2\/product\/70120\/revisions"}],"predecessor-version":[{"id":163650,"href":"https:\/\/horecacenter.com\/fr\/wp-json\/wp\/v2\/product\/70120\/revisions\/163650"}],"wp:featuredmedia":[{"embeddable":true,"href":"https:\/\/horecacenter.com\/fr\/wp-json\/wp\/v2\/media\/70129"}],"wp:attachment":[{"href":"https:\/\/horecacenter.com\/fr\/wp-json\/wp\/v2\/media?parent=70120"}],"wp:term":[{"taxonomy":"product_brand","embeddable":true,"href":"https:\/\/horecacenter.com\/fr\/wp-json\/wp\/v2\/product_brand?post=70120"},{"taxonomy":"product_cat","embeddable":true,"href":"https:\/\/horecacenter.com\/fr\/wp-json\/wp\/v2\/product_cat?post=70120"},{"taxonomy":"product_tag","embeddable":true,"href":"https:\/\/horecacenter.com\/fr\/wp-json\/wp\/v2\/product_tag?post=70120"}],"curies":[{"name":"wp","href":"https:\/\/api.w.org\/{rel}","templated":true}]}}