{"id":70244,"date":"2012-08-06T14:51:00","date_gmt":"2012-08-06T14:51:00","guid":{"rendered":"https:\/\/horecacenter.com\/?post_type=product&#038;p=70244"},"modified":"2026-03-24T13:39:36","modified_gmt":"2026-03-24T13:39:36","slug":"fauteuil-de-cafe-restaurant-et-horeca-omega","status":"publish","type":"product","link":"https:\/\/horecacenter.com\/fr\/produit\/fauteuil-de-cafe-restaurant-et-horeca-omega\/","title":{"rendered":"Chaise de Restaurant Avec Accoudoirs &#8211; OMEGA &#8211; Simili Cuir Cr\u00e8me"},"content":{"rendered":"<p>Cette <strong>fauteuil horeca en similicuir cr\u00e8me<\/strong> est fabriqu\u00e9e \u00e0 partir de mat\u00e9riaux synth\u00e9tiques de haute qualit\u00e9 con\u00e7us pour un usage intensif. Le similicuir offre une apparence luxueuse, est r\u00e9sistant \u00e0 l\u2019usure et facile \u00e0 entretenir. Associ\u00e9 \u00e0 un cadre robuste en h\u00eatre weng\u00e9, il garantit durabilit\u00e9 et \u00e9l\u00e9gance.<\/p>\n<p><strong>\u00c9l\u00e9gance et Confort Professionnel<\/strong><\/p>\n<p>Le <strong>Fauteuil Horeca OMEGA \u2013 Similicuir Cr\u00e8me<\/strong> combine design raffin\u00e9 et confort optimal. L\u2019assise ergonomique et les accoudoirs assurent un confort durable pour vos clients. Sa teinte cr\u00e8me apporte une ambiance chaleureuse et \u00e9l\u00e9gante id\u00e9ale pour restaurants, caf\u00e9s et bars. Cette chaise est parfaite pour les \u00e9tablissements recherchant une atmosph\u00e8re accueillante et sophistiqu\u00e9e. Sa construction solide et ses mat\u00e9riaux de qualit\u00e9 assurent une longue dur\u00e9e de vie, m\u00eame en cas d\u2019utilisation intensive. L\u2019entretien est simple : un chiffon humide et un nettoyage doux suffisent. Le similicuir reste propre et \u00e9l\u00e9gant avec un minimum d\u2019effort. \u00c9vitez les produits agressifs afin de pr\u00e9server sa qualit\u00e9.<\/p>\n<p>Vous lancez ou r\u00e9novez un \u00e9tablissement horeca ? Notre \u00e9quipe vous accompagne avec des conseils professionnels. Contactez-nous par <strong>T\u00e9l\u00e9phone<\/strong>, <strong>WhatsApp<\/strong> ou <strong>e-mail<\/strong> ou visitez notre showroom.<\/p>\n<p><strong>Informations suppl\u00e9mentaires :<\/strong> Patins de protection inclus \u2022 Livr\u00e9 pr\u00eat \u00e0 l\u2019emploi \u2022 Fabrication europ\u00e9enne \u2022 Garantie 1 an \u2022 Traitement protecteur inclus<\/p>\n","protected":false},"excerpt":{"rendered":"<p>Cette fauteuil horeca en similicuir cr\u00e8me est fabriqu\u00e9e \u00e0 partir de mat\u00e9riaux synth\u00e9tiques de haute qualit\u00e9 con\u00e7us pour un usage<\/p>\n","protected":false},"featured_media":70245,"comment_status":"open","ping_status":"closed","template":"","meta":[],"product_brand":[],"product_cat":[10052],"product_tag":[10593,10610,10533,10651,10535,10652,10540,10653,10579,10654,10580,10655,10584,10656,10585,10588,10589],"class_list":{"0":"post-70244","1":"product","2":"type-product","3":"status-publish","4":"has-post-thumbnail","6":"product_cat-chaise-avec-accoudoir","7":"product_tag-horeca-st-hle","8":"product_tag-meubles-horeca","9":"product_tag-horeca-meubelen","10":"product_tag-horeca-inrichting","11":"product_tag-horeca-m-bel","12":"product_tag-stoel","13":"product_tag-horeca-furniture","14":"product_tag-stuhl","15":"product_tag-horeca-stoelen","16":"product_tag-restaurant-st-hle","17":"product_tag-restaurant-stoelen","18":"product_tag-chair-2","19":"product_tag-chaises-de-restaurant","20":"product_tag-chaise","21":"product_tag-chaises-horeca","22":"product_tag-restaurant-chairs","23":"product_tag-horeca-chairs","24":"pa_armrest-armrest-oui-fr","25":"pa_frame-non-empilable-frame-fr","26":"pa_product-arm-height-cm-7050-arm-height-cm-fr","27":"pa_product-color-color-creme-fr","28":"pa_product-frame-color-wenge-frame-color-fr","29":"pa_product-material-material-cadre-en-bois-fr","30":"pa_product-more-colors-oui-fr","31":"pa_product-more-dimensions-oui-fr","32":"pa_product-seat-height-cm-49-seat-height-cm-fr","33":"pa_product-seat-width-cm-41-50-seat-width-cm-fr","34":"pa_product-seats-1-seats-fr","35":"pa_product-upholstery-upholstery-simili-cuir-fr","36":"pa_product-usage-usage-interieur-fr","38":"first","39":"onbackorder","40":"sale","41":"taxable","42":"shipping-taxable","43":"purchasable","44":"product-type-simple"},"_links":{"self":[{"href":"https:\/\/horecacenter.com\/fr\/wp-json\/wp\/v2\/product\/70244","targetHints":{"allow":["GET"]}}],"collection":[{"href":"https:\/\/horecacenter.com\/fr\/wp-json\/wp\/v2\/product"}],"about":[{"href":"https:\/\/horecacenter.com\/fr\/wp-json\/wp\/v2\/types\/product"}],"replies":[{"embeddable":true,"href":"https:\/\/horecacenter.com\/fr\/wp-json\/wp\/v2\/comments?post=70244"}],"version-history":[{"count":2,"href":"https:\/\/horecacenter.com\/fr\/wp-json\/wp\/v2\/product\/70244\/revisions"}],"predecessor-version":[{"id":191124,"href":"https:\/\/horecacenter.com\/fr\/wp-json\/wp\/v2\/product\/70244\/revisions\/191124"}],"wp:featuredmedia":[{"embeddable":true,"href":"https:\/\/horecacenter.com\/fr\/wp-json\/wp\/v2\/media\/70245"}],"wp:attachment":[{"href":"https:\/\/horecacenter.com\/fr\/wp-json\/wp\/v2\/media?parent=70244"}],"wp:term":[{"taxonomy":"product_brand","embeddable":true,"href":"https:\/\/horecacenter.com\/fr\/wp-json\/wp\/v2\/product_brand?post=70244"},{"taxonomy":"product_cat","embeddable":true,"href":"https:\/\/horecacenter.com\/fr\/wp-json\/wp\/v2\/product_cat?post=70244"},{"taxonomy":"product_tag","embeddable":true,"href":"https:\/\/horecacenter.com\/fr\/wp-json\/wp\/v2\/product_tag?post=70244"}],"curies":[{"name":"wp","href":"https:\/\/api.w.org\/{rel}","templated":true}]}}