{"id":70495,"date":"2012-08-11T00:43:54","date_gmt":"2012-08-11T00:43:54","guid":{"rendered":"https:\/\/horecacenter.com\/?post_type=product&#038;p=70495"},"modified":"2026-01-06T11:48:24","modified_gmt":"2026-01-06T11:48:24","slug":"chaise-de-terrasse-empilable-de-cafe-restaurant-et-horeca-u507","status":"publish","type":"product","link":"https:\/\/horecacenter.com\/fr\/produit\/chaise-de-terrasse-empilable-de-cafe-restaurant-et-horeca-u507\/","title":{"rendered":"Chaise de Terrasse U507 &#8211; Avec Accoudoirs &#8211; Empilable &#8211; Rotin Noir"},"content":{"rendered":"<p><span style=\"color: #000000;\">D\u00e9couvrez l\u2019allure \u00e9l\u00e9gante et fonctionnelle de ce fauteuil de terrasse en aluminium, con\u00e7u en noir intemporel et avec un aspect rotin naturel. Le cadre en aluminium robuste assure une construction solide, tandis que le style rotin donne \u00e0 la chaise une apparence naturelle et accueillante. Ce fauteuil est r\u00e9sistant \u00e0 l&rsquo;eau, empilable et facile \u00e0 nettoyer, id\u00e9al pour des environnements intensifs tels que caf\u00e9s, bistrots, restaurants et bars.<\/span><\/p>\n<p><span style=\"color: #000000;\">Parfait pour les \u00e9tablissements h\u00f4teliers qui souhaitent cr\u00e9er une atmosph\u00e8re moderne et conviviale o\u00f9 les clients peuvent se d\u00e9tendre confortablement, \u00e0 l&rsquo;int\u00e9rieur comme \u00e0 l&rsquo;ext\u00e9rieur. Ce fauteuil de terrasse allie un design facile d&rsquo;entretien \u00e0 une apparence raffin\u00e9e, rendant imm\u00e9diatement votre espace ext\u00e9rieur attrayant pour les clients.<\/span><\/p>\n<p><span style=\"color: #000000;\"><strong>Informations suppl\u00e9mentaires :<\/strong><\/span><\/p>\n<div>\n<ul>\n<li><span style=\"color: #000000;\">Ch\u00e2ssis en aluminium l\u00e9ger, r\u00e9sistant et \u00e9tanche.<\/span><\/li>\n<li><span style=\"color: #000000;\">Empilable pour un rangement facile (jusqu&rsquo;\u00e0 12 chaises \u00e0 la fois).<\/span><\/li>\n<\/ul>\n<\/div>\n","protected":false},"excerpt":{"rendered":"<p>D\u00e9couvrez l\u2019allure \u00e9l\u00e9gante et fonctionnelle de ce fauteuil de terrasse en aluminium, con\u00e7u en noir intemporel et avec un aspect<\/p>\n","protected":false},"featured_media":70496,"comment_status":"open","ping_status":"closed","template":"","meta":[],"product_brand":[],"product_cat":[9784,17953],"product_tag":[10535,10540,10579,10580,10584,10585,10588,10589,10593,10610,10651,10652,10653,10654,10655,10656],"class_list":{"0":"post-70495","1":"product","2":"type-product","3":"status-publish","4":"has-post-thumbnail","6":"product_cat-chaises-de-terrasse","7":"product_cat-chaises-de-terrasse-indoor-category","8":"product_tag-horeca-m-bel","9":"product_tag-horeca-furniture","10":"product_tag-horeca-stoelen","11":"product_tag-restaurant-stoelen","12":"product_tag-chaises-de-restaurant","13":"product_tag-chaises-horeca","14":"product_tag-restaurant-chairs","15":"product_tag-horeca-chairs","16":"product_tag-horeca-st-hle","17":"product_tag-meubles-horeca","18":"product_tag-horeca-inrichting","19":"product_tag-stoel","20":"product_tag-stuhl","21":"product_tag-restaurant-st-hle","22":"product_tag-chair-2","23":"product_tag-chaise","24":"pa_armrest-armrest-oui-fr","25":"pa_diameter-tube-mm-180-diameter-tube-mm-fr","26":"pa_frame-empilable-frame-fr","27":"pa_product-arm-height-cm-62-arm-height-cm-fr","28":"pa_product-color-color-noir-fr","29":"pa_product-frame-color-argent-frame-color-fr","30":"pa_product-material-material-aluminium-fr","31":"pa_product-material-material-rotin","32":"pa_product-more-colors-oui-fr","33":"pa_product-seat-depth-cm-3650-seat-depth-cm-fr","34":"pa_product-seat-height-cm-43-seat-height-cm-fr","35":"pa_product-seat-width-cm-41-seat-width-cm-fr","36":"pa_product-seats-1-seats-fr","37":"pa_product-usage-usage-interieur-fr","38":"pa_product-usage-usage-exterieur-fr","39":"pa_tube-frame-mm-25-tube-frame-mm-fr","41":"first","42":"instock","43":"sale","44":"taxable","45":"shipping-taxable","46":"purchasable","47":"product-type-simple"},"_links":{"self":[{"href":"https:\/\/horecacenter.com\/fr\/wp-json\/wp\/v2\/product\/70495","targetHints":{"allow":["GET"]}}],"collection":[{"href":"https:\/\/horecacenter.com\/fr\/wp-json\/wp\/v2\/product"}],"about":[{"href":"https:\/\/horecacenter.com\/fr\/wp-json\/wp\/v2\/types\/product"}],"replies":[{"embeddable":true,"href":"https:\/\/horecacenter.com\/fr\/wp-json\/wp\/v2\/comments?post=70495"}],"version-history":[{"count":2,"href":"https:\/\/horecacenter.com\/fr\/wp-json\/wp\/v2\/product\/70495\/revisions"}],"predecessor-version":[{"id":171340,"href":"https:\/\/horecacenter.com\/fr\/wp-json\/wp\/v2\/product\/70495\/revisions\/171340"}],"wp:featuredmedia":[{"embeddable":true,"href":"https:\/\/horecacenter.com\/fr\/wp-json\/wp\/v2\/media\/70496"}],"wp:attachment":[{"href":"https:\/\/horecacenter.com\/fr\/wp-json\/wp\/v2\/media?parent=70495"}],"wp:term":[{"taxonomy":"product_brand","embeddable":true,"href":"https:\/\/horecacenter.com\/fr\/wp-json\/wp\/v2\/product_brand?post=70495"},{"taxonomy":"product_cat","embeddable":true,"href":"https:\/\/horecacenter.com\/fr\/wp-json\/wp\/v2\/product_cat?post=70495"},{"taxonomy":"product_tag","embeddable":true,"href":"https:\/\/horecacenter.com\/fr\/wp-json\/wp\/v2\/product_tag?post=70495"}],"curies":[{"name":"wp","href":"https:\/\/api.w.org\/{rel}","templated":true}]}}