{"id":70637,"date":"2012-08-17T11:11:16","date_gmt":"2012-08-17T11:11:16","guid":{"rendered":"https:\/\/horecacenter.com\/?post_type=product&#038;p=70637"},"modified":"2026-01-02T14:18:05","modified_gmt":"2026-01-02T14:18:05","slug":"banquette-de-cafe-restaurant-et-horeca-rana-ensemble","status":"publish","type":"product","link":"https:\/\/horecacenter.com\/fr\/produit\/banquette-de-cafe-restaurant-et-horeca-rana-ensemble\/","title":{"rendered":"Ensemble de Banquette de Restaurant &#8211; RANA &#8211; Simili Cuir Rouge"},"content":{"rendered":"<p><span style=\"color: #000000;\">Les banquettes sont un \u00e9l\u00e9ment de base important dans la conception de votre entreprise. Horeca Center veut fournir un service solide et accorde donc beaucoup d&rsquo;attention \u00e0 une belle finition de ses produits. Les banquettes sont disponibles en diff\u00e9rents mod\u00e8les et sont fabriqu\u00e9es sur mesure pour vous par Horeca Center. Le rapport qualit\u00e9-prix des banquettes fait d&rsquo;Horeca Center l&rsquo;un des leaders de ce secteur.<\/span><\/p>\n<p><span style=\"color: #000000;\">Attention ! Les dimensions des banquettes sont susceptibles de varier de 1 \u00e0 2 cm selon le mat\u00e9riel utilis\u00e9.<\/span><\/p>\n<p><strong><span style=\"color: #000000;\">L&rsquo;ensemble sur l&rsquo;image se compose des produits suivants\u202f:<br \/>\n<\/span><\/strong><span style=\"color: #000000;\">2x Banquettes\u00a0<span style=\"color: #0000ff;\"><a style=\"color: #0000ff;\" href=\"https:\/\/horecacenter.com\/fr\/produit\/banquette-de-cafe-restaurant-et-horeca-safran-rouge-2\/\">SS120-RED<\/a><\/span><\/span><br \/>\n<span style=\"color: #000000;\">1x Banquette Double <span style=\"color: #0000ff;\"><a style=\"color: #0000ff;\" href=\"https:\/\/horecacenter.com\/fr\/produit\/banquette-de-cafe-restaurant-et-horeca-safran-double-rouge\/\">ST120-RED<\/a><\/span><\/span><br \/>\n<span style=\"color: #000000;\">2x Tables <span style=\"color: #0000ff;\"><a style=\"color: #0000ff;\" href=\"https:\/\/horecacenter.com\/fr\/produit\/table-de-terrasse-de-cafe-restaurant-et-horeca-werzalit-wenge-70x120-cm\/\">WERZALIT-WN-70X120+A-ROMA-DOUBLE<\/a><\/span><\/span><\/p>\n<p><strong><span style=\"color: #0000ff;\"><br \/>\n<span style=\"color: #008000;\">PRIX \u200b\u200bSUR DEMANDE !<\/span><\/span><\/strong><\/p>\n<p style=\"text-align: center;\"><strong><span style=\"color: #000000;\">NOUVEAU ! Nous r\u00e9alisons d\u00e9sormais \u00e9galement des plans 3D pour votre entreprise de restauration, pour plus d&rsquo;informations, vous pouvez envoyer un e-mail \u00e0 info@horecacenter.com ou nous appeler au +32\/3\/685 73 03.<\/span><\/strong><\/p>\n","protected":false},"excerpt":{"rendered":"<p>Les banquettes sont un \u00e9l\u00e9ment de base important dans la conception de votre entreprise. Horeca Center veut fournir un service<\/p>\n","protected":false},"featured_media":70638,"comment_status":"open","ping_status":"closed","template":"","meta":[],"product_brand":[],"product_cat":[9752],"product_tag":[10533,10534,10535,10540,10549],"class_list":{"0":"post-70637","1":"product","2":"type-product","3":"status-publish","4":"has-post-thumbnail","6":"product_cat-safran-banquettes","7":"product_tag-horeca-meubelen","8":"product_tag-meuble-horeca","9":"product_tag-horeca-m-bel","10":"product_tag-horeca-furniture","11":"product_tag-nightlock-bank","12":"pa_product-color-color-rouge-fr","13":"pa_product-frame-color-wenge-frame-color-fr","14":"pa_product-more-colors-oui-fr","15":"pa_product-more-dimensions-oui-fr","16":"pa_product-seats-8-seats-fr","17":"pa_product-upholstery-upholstery-simili-cuir-fr","18":"pa_product-usage-usage-interieur-fr","20":"first","21":"onbackorder","22":"taxable","23":"shipping-taxable","24":"purchasable","25":"product-type-simple"},"_links":{"self":[{"href":"https:\/\/horecacenter.com\/fr\/wp-json\/wp\/v2\/product\/70637","targetHints":{"allow":["GET"]}}],"collection":[{"href":"https:\/\/horecacenter.com\/fr\/wp-json\/wp\/v2\/product"}],"about":[{"href":"https:\/\/horecacenter.com\/fr\/wp-json\/wp\/v2\/types\/product"}],"replies":[{"embeddable":true,"href":"https:\/\/horecacenter.com\/fr\/wp-json\/wp\/v2\/comments?post=70637"}],"version-history":[{"count":1,"href":"https:\/\/horecacenter.com\/fr\/wp-json\/wp\/v2\/product\/70637\/revisions"}],"predecessor-version":[{"id":175152,"href":"https:\/\/horecacenter.com\/fr\/wp-json\/wp\/v2\/product\/70637\/revisions\/175152"}],"wp:featuredmedia":[{"embeddable":true,"href":"https:\/\/horecacenter.com\/fr\/wp-json\/wp\/v2\/media\/70638"}],"wp:attachment":[{"href":"https:\/\/horecacenter.com\/fr\/wp-json\/wp\/v2\/media?parent=70637"}],"wp:term":[{"taxonomy":"product_brand","embeddable":true,"href":"https:\/\/horecacenter.com\/fr\/wp-json\/wp\/v2\/product_brand?post=70637"},{"taxonomy":"product_cat","embeddable":true,"href":"https:\/\/horecacenter.com\/fr\/wp-json\/wp\/v2\/product_cat?post=70637"},{"taxonomy":"product_tag","embeddable":true,"href":"https:\/\/horecacenter.com\/fr\/wp-json\/wp\/v2\/product_tag?post=70637"}],"curies":[{"name":"wp","href":"https:\/\/api.w.org\/{rel}","templated":true}]}}