{"id":70657,"date":"2012-08-17T11:23:14","date_gmt":"2012-08-17T11:23:14","guid":{"rendered":"https:\/\/horecacenter.com\/?post_type=product&#038;p=70657"},"modified":"2026-01-02T14:17:29","modified_gmt":"2026-01-02T14:17:29","slug":"banquette-de-cafe-restaurant-et-horeca-destan-ensemble","status":"publish","type":"product","link":"https:\/\/horecacenter.com\/fr\/produit\/banquette-de-cafe-restaurant-et-horeca-destan-ensemble\/","title":{"rendered":"Ensemble de Banquettes de Restaurant &#8211; DESTAN &#8211; Simili Cuir Rouge"},"content":{"rendered":"<p><span style=\"color: #000000;\">Les banquettes murales sont une pi\u00e8ce de base importante pour l&rsquo;ameublement de votre entreprise. Horeca Center veut fournir un service de qualit\u00e9 et accorde donc beaucoup d&rsquo;attention \u00e0 une belle finition de ses produits. Les banquettes murales sont disponibles en diff\u00e9rents mod\u00e8les et sont fabriqu\u00e9es sur mesure par Horeca Center pour vous. Le rapport qualit\u00e9-prix des banquettes fait d&rsquo;Horeca Center l&rsquo;un des leaders de ce secteur.<\/span><\/p>\n<p><span style=\"color: #000000;\">Attention ! Les dimensions des banquettes sont susceptibles de varier de 1 \u00e0 2 cm selon le mat\u00e9riel utilis\u00e9.<\/span><\/p>\n<p><strong><span style=\"color: #000000;\">L&rsquo;ensemble sur l&rsquo;image se compose des produits suivants\u202f:<br \/>\n<\/span><\/strong><span style=\"color: #000000;\">2x Banquettes\u00a0<span style=\"color: #0000ff;\"><a style=\"color: #0000ff;\" href=\"https:\/\/horecacenter.com\/fr\/produit\/banquette-de-cafe-restaurant-et-horeca-safran-rouge-2\/\">SS120-RED<\/a><\/span><\/span><br \/>\n<span style=\"color: #000000;\">2x Dessus De Table <span style=\"color: #0000ff;\"><a style=\"color: #0000ff;\" href=\"https:\/\/horecacenter.com\/fr\/produit\/plateau-de-table-de-cafe-restaurant-et-horeca-wenge-werzalit-3-cm-depaisseur\/\">WERZALIT-WN-70X120<\/a><\/span><\/span><br \/>\n<span style=\"color: #000000;\">2x Pieds De Table <span style=\"color: #0000ff;\"><a style=\"color: #0000ff;\" href=\"https:\/\/horecacenter.com\/fr\/?post_type=product&#038;p=70295\">B-325<\/a><\/span><\/span><\/p>\n<p><span style=\"color: #008000;\"><strong><br \/>\nPRIX \u200b\u200bSUR DEMANDE !<\/strong><\/span><\/p>\n<p style=\"text-align: center;\"><span style=\"color: #000000;\"><strong>NOUVEAU ! Nous r\u00e9alisons d\u00e9sormais \u00e9galement des plans 3D pour votre entreprise de restauration, pour plus d&rsquo;informations, vous pouvez envoyer un e-mail \u00e0 info@horecacenter.com ou nous appeler au +32\/3\/685 73 03.<\/strong><\/span><\/p>\n","protected":false},"excerpt":{"rendered":"<p>Les banquettes murales sont une pi\u00e8ce de base importante pour l&rsquo;ameublement de votre entreprise. Horeca Center veut fournir un service<\/p>\n","protected":false},"featured_media":70658,"comment_status":"open","ping_status":"closed","template":"","meta":[],"product_brand":[],"product_cat":[9752],"product_tag":[10534,10535,10540,10549,10533],"class_list":{"0":"post-70657","1":"product","2":"type-product","3":"status-publish","4":"has-post-thumbnail","6":"product_cat-safran-banquettes","7":"product_tag-meuble-horeca","8":"product_tag-horeca-m-bel","9":"product_tag-horeca-furniture","10":"product_tag-nightlock-bank","11":"product_tag-horeca-meubelen","12":"pa_product-color-color-rouge-fr","13":"pa_product-frame-color-wenge-frame-color-fr","14":"pa_product-more-colors-oui-fr","15":"pa_product-more-dimensions-oui-fr","16":"pa_product-seats-8-seats-fr","17":"pa_product-upholstery-upholstery-simili-cuir-fr","18":"pa_product-usage-usage-interieur-fr","20":"first","21":"onbackorder","22":"taxable","23":"shipping-taxable","24":"purchasable","25":"product-type-simple"},"_links":{"self":[{"href":"https:\/\/horecacenter.com\/fr\/wp-json\/wp\/v2\/product\/70657","targetHints":{"allow":["GET"]}}],"collection":[{"href":"https:\/\/horecacenter.com\/fr\/wp-json\/wp\/v2\/product"}],"about":[{"href":"https:\/\/horecacenter.com\/fr\/wp-json\/wp\/v2\/types\/product"}],"replies":[{"embeddable":true,"href":"https:\/\/horecacenter.com\/fr\/wp-json\/wp\/v2\/comments?post=70657"}],"version-history":[{"count":1,"href":"https:\/\/horecacenter.com\/fr\/wp-json\/wp\/v2\/product\/70657\/revisions"}],"predecessor-version":[{"id":175146,"href":"https:\/\/horecacenter.com\/fr\/wp-json\/wp\/v2\/product\/70657\/revisions\/175146"}],"wp:featuredmedia":[{"embeddable":true,"href":"https:\/\/horecacenter.com\/fr\/wp-json\/wp\/v2\/media\/70658"}],"wp:attachment":[{"href":"https:\/\/horecacenter.com\/fr\/wp-json\/wp\/v2\/media?parent=70657"}],"wp:term":[{"taxonomy":"product_brand","embeddable":true,"href":"https:\/\/horecacenter.com\/fr\/wp-json\/wp\/v2\/product_brand?post=70657"},{"taxonomy":"product_cat","embeddable":true,"href":"https:\/\/horecacenter.com\/fr\/wp-json\/wp\/v2\/product_cat?post=70657"},{"taxonomy":"product_tag","embeddable":true,"href":"https:\/\/horecacenter.com\/fr\/wp-json\/wp\/v2\/product_tag?post=70657"}],"curies":[{"name":"wp","href":"https:\/\/api.w.org\/{rel}","templated":true}]}}