{"id":70892,"date":"2012-08-18T01:43:12","date_gmt":"2012-08-18T01:43:12","guid":{"rendered":"https:\/\/horecacenter.com\/?post_type=product&#038;p=70892"},"modified":"2025-10-21T11:04:48","modified_gmt":"2025-10-21T11:04:48","slug":"table-de-terrasse-ronde-de-cafe-restaurant-et-horeca-werzalit-noir-60-cm-2","status":"publish","type":"product","link":"https:\/\/horecacenter.com\/fr\/produit\/table-de-terrasse-ronde-de-cafe-restaurant-et-horeca-werzalit-noir-60-cm-2\/","title":{"rendered":"Table Ronde Pour Terrasse de Restaurant &#8211; WERZALIT NOIR &#8211; \u00d860 cm"},"content":{"rendered":"<p><span style=\"color: #000000\">Convient \u00e0 la terrasse, r\u00e9sistant \u00e0 la pluie.<\/span><\/p>\n<p><i class=\"fas fa-check-circle description-icon-green\" aria-hidden=\"true\"><\/i><span style=\"color: #ff6600\"> Les tables ne sont pas assembl\u00e9es.<\/span><br \/>\n<i class=\"fas fa-check-circle description-icon-green\" aria-hidden=\"true\"><\/i><span style=\"color: #339966\"> Les plateaux de table ne sont pas pr\u00e9-perc\u00e9s.<\/span><br \/>\n<i class=\"fas fa-check-circle description-icon-green\" aria-hidden=\"true\"><\/i><span style=\"color: #ff6600\"> Les vis sont incluses si les plateaux de table sont command\u00e9s avec les pieds de table.<\/span><br \/>\n<i class=\"fas fa-check-circle description-icon-green\" aria-hidden=\"true\"><\/i><span style=\"color: #339966\"> Le mat\u00e9riel n\u00e9cessaire pour l\u2019assemblage est inclus dans la bo\u00eete.<\/span><\/p>\n","protected":false},"excerpt":{"rendered":"<p>Convient \u00e0 la terrasse, r\u00e9sistant \u00e0 la pluie. Les tables ne sont pas assembl\u00e9es. Les plateaux de table ne sont<\/p>\n","protected":false},"featured_media":70893,"comment_status":"open","ping_status":"closed","template":"","meta":[],"product_brand":[],"product_cat":[9936],"product_tag":[10737,10664,10738,10665,10727,10728,10729,10533,10730,10535,10731,10540,10732,10610,10733,10660,10736,10663],"class_list":{"0":"post-70892","1":"product","2":"type-product","3":"status-publish","4":"has-post-thumbnail","6":"product_cat-werzalit-noir-assortiment-de-table-2","7":"product_tag-horeca-tische","8":"product_tag-restaurant-furniture","9":"product_tag-terrastafels-2","10":"product_tag-restaurant-m-bel","11":"product_tag-tafels-3","12":"product_tag-werzalit","13":"product_tag-horeca-tafels","14":"product_tag-horeca-meubelen","15":"product_tag-tables-5","16":"product_tag-horeca-m-bel","17":"product_tag-tables-horeca","18":"product_tag-horeca-furniture","19":"product_tag-horeca-tables","20":"product_tag-meubles-horeca","21":"product_tag-tische-3","22":"product_tag-restaurant-meubelen","23":"product_tag-terrassentisch-2","24":"product_tag-meubles-de-restaurant","25":"pa_frame-non-empilable-frame-fr","26":"pa_product-frame-color-aluminium-color-fr","27":"pa_product-more-colors-oui-fr","28":"pa_product-more-dimensions-oui-fr","29":"pa_product-tabletop-color-noir-tabletop-color-fr","30":"pa_product-usage-usage-interieur-fr","31":"pa_product-usage-usage-exterieur-fr","32":"pa_table-height-cm-75-cm-fr","34":"first","35":"instock","36":"sale","37":"taxable","38":"shipping-taxable","39":"purchasable","40":"product-type-simple"},"_links":{"self":[{"href":"https:\/\/horecacenter.com\/fr\/wp-json\/wp\/v2\/product\/70892","targetHints":{"allow":["GET"]}}],"collection":[{"href":"https:\/\/horecacenter.com\/fr\/wp-json\/wp\/v2\/product"}],"about":[{"href":"https:\/\/horecacenter.com\/fr\/wp-json\/wp\/v2\/types\/product"}],"replies":[{"embeddable":true,"href":"https:\/\/horecacenter.com\/fr\/wp-json\/wp\/v2\/comments?post=70892"}],"version-history":[{"count":0,"href":"https:\/\/horecacenter.com\/fr\/wp-json\/wp\/v2\/product\/70892\/revisions"}],"wp:featuredmedia":[{"embeddable":true,"href":"https:\/\/horecacenter.com\/fr\/wp-json\/wp\/v2\/media\/70893"}],"wp:attachment":[{"href":"https:\/\/horecacenter.com\/fr\/wp-json\/wp\/v2\/media?parent=70892"}],"wp:term":[{"taxonomy":"product_brand","embeddable":true,"href":"https:\/\/horecacenter.com\/fr\/wp-json\/wp\/v2\/product_brand?post=70892"},{"taxonomy":"product_cat","embeddable":true,"href":"https:\/\/horecacenter.com\/fr\/wp-json\/wp\/v2\/product_cat?post=70892"},{"taxonomy":"product_tag","embeddable":true,"href":"https:\/\/horecacenter.com\/fr\/wp-json\/wp\/v2\/product_tag?post=70892"}],"curies":[{"name":"wp","href":"https:\/\/api.w.org\/{rel}","templated":true}]}}