{"id":71432,"date":"2014-04-09T13:44:30","date_gmt":"2014-04-09T13:44:30","guid":{"rendered":"https:\/\/horecacenter.com\/?post_type=product&#038;p=71432"},"modified":"2025-12-31T07:44:32","modified_gmt":"2025-12-31T07:44:32","slug":"base-de-table-haute-de-cafe-restaurant-et-horeca-noir-hauteur-108-cm","status":"publish","type":"product","link":"https:\/\/horecacenter.com\/fr\/produit\/base-de-table-haute-de-cafe-restaurant-et-horeca-noir-hauteur-108-cm\/","title":{"rendered":"Pied de Table Pour Restaurant &#8211; 40&#215;40 Hauteur 108 cm &#8211; Acier"},"content":{"rendered":"<p><span style=\"color: #ff0000;\"><strong>Attention: Ce produit ne peut \u00eatre achet\u00e9 avec un plateau de table que pour une dur\u00e9e limit\u00e9e.<\/strong><\/span><\/p>\n<ul>\n<li><span style=\"color: #000000;\">Vis de r\u00e9glage pour pied.<\/span><\/li>\n<li><span style=\"color: #000000;\">Protection du sol.<\/span><\/li>\n<li><span style=\"color: #000000;\">Livr\u00e9 dans un emballage plat.<\/span><\/li>\n<li><span style=\"color: #000000;\">Garantie d&rsquo;usine d&rsquo;un an.<\/span><\/li>\n<li><span style=\"color: #000000;\">Les pieds de table ne sont pas assembl\u00e9es.<\/span><\/li>\n<li><span style=\"color: #000000;\">Le mat\u00e9riel n\u00e9cessaire pour l\u2019assemblage est inclus dans la bo\u00eete.<\/span><\/li>\n<\/ul>\n<p><span style=\"color: #000000;\"><strong>Convient aux plateaux de dimensions suivantes :<\/strong><\/span><\/p>\n<ul>\n<li><span style=\"color: #000000;\">60&#215;60 cm<\/span><\/li>\n<li><span style=\"color: #000000;\">70&#215;70 cm<\/span><\/li>\n<li><span style=\"color: #000000;\">\u00d8 70 cm<\/span><\/li>\n<li><span style=\"color: #000000;\">\u00d8 80 cm<\/span><\/li>\n<\/ul>\n<p><span style=\"color: #000000;\"><strong>Convient pour une utilisation avec tous nos plateaux de table d&rsquo;int\u00e9rieur.<\/strong><\/span><\/p>\n","protected":false},"excerpt":{"rendered":"<p>Attention: Ce produit ne peut \u00eatre achet\u00e9 avec un plateau de table que pour une dur\u00e9e limit\u00e9e. Vis de r\u00e9glage<\/p>\n","protected":false},"featured_media":71433,"comment_status":"open","ping_status":"closed","template":"","meta":[],"product_brand":[],"product_cat":[9812,10276],"product_tag":[10610,10660,10663,10664,10665,10666,10667,10533,10535,10540],"class_list":{"0":"post-71432","1":"product","2":"type-product","3":"status-publish","4":"has-post-thumbnail","6":"product_cat-pieds-de-table","7":"product_cat-tables-hautes-mange-debout","8":"product_tag-meubles-horeca","9":"product_tag-restaurant-meubelen","10":"product_tag-meubles-de-restaurant","11":"product_tag-restaurant-furniture","12":"product_tag-restaurant-m-bel","13":"product_tag-table-base","14":"product_tag-tischbasis","15":"product_tag-horeca-meubelen","16":"product_tag-horeca-m-bel","17":"product_tag-horeca-furniture","18":"pa_product-color-color-noir-fr","19":"pa_product-diameter-tube-cm-8x8-diameter-tube-cm-fr","20":"pa_product-dimensions-bottom-pl-40x40-dimensions-bottom-plate-cm-fr","21":"pa_product-material-acier-material-fr","22":"pa_product-more-colors-oui-fr","23":"pa_product-more-dimensions-oui-fr","24":"pa_product-usage-usage-interieur-fr","25":"pa_table-base-height-cm-108-cm-fr","27":"first","28":"instock","29":"sale","30":"taxable","31":"shipping-taxable","32":"purchasable","33":"product-type-simple"},"_links":{"self":[{"href":"https:\/\/horecacenter.com\/fr\/wp-json\/wp\/v2\/product\/71432","targetHints":{"allow":["GET"]}}],"collection":[{"href":"https:\/\/horecacenter.com\/fr\/wp-json\/wp\/v2\/product"}],"about":[{"href":"https:\/\/horecacenter.com\/fr\/wp-json\/wp\/v2\/types\/product"}],"replies":[{"embeddable":true,"href":"https:\/\/horecacenter.com\/fr\/wp-json\/wp\/v2\/comments?post=71432"}],"version-history":[{"count":1,"href":"https:\/\/horecacenter.com\/fr\/wp-json\/wp\/v2\/product\/71432\/revisions"}],"predecessor-version":[{"id":173437,"href":"https:\/\/horecacenter.com\/fr\/wp-json\/wp\/v2\/product\/71432\/revisions\/173437"}],"wp:featuredmedia":[{"embeddable":true,"href":"https:\/\/horecacenter.com\/fr\/wp-json\/wp\/v2\/media\/71433"}],"wp:attachment":[{"href":"https:\/\/horecacenter.com\/fr\/wp-json\/wp\/v2\/media?parent=71432"}],"wp:term":[{"taxonomy":"product_brand","embeddable":true,"href":"https:\/\/horecacenter.com\/fr\/wp-json\/wp\/v2\/product_brand?post=71432"},{"taxonomy":"product_cat","embeddable":true,"href":"https:\/\/horecacenter.com\/fr\/wp-json\/wp\/v2\/product_cat?post=71432"},{"taxonomy":"product_tag","embeddable":true,"href":"https:\/\/horecacenter.com\/fr\/wp-json\/wp\/v2\/product_tag?post=71432"}],"curies":[{"name":"wp","href":"https:\/\/api.w.org\/{rel}","templated":true}]}}