{"id":71490,"date":"2014-11-10T12:05:54","date_gmt":"2014-11-10T12:05:54","guid":{"rendered":"https:\/\/horecacenter.com\/?post_type=product&#038;p=71490"},"modified":"2026-01-02T14:17:15","modified_gmt":"2026-01-02T14:17:15","slug":"banquette-de-cafe-restaurant-et-horeca-american","status":"publish","type":"product","link":"https:\/\/horecacenter.com\/fr\/produit\/banquette-de-cafe-restaurant-et-horeca-american\/","title":{"rendered":"Banquette de Restaurant &#8211; AMERICAN &#8211; Simili Cuir Rouge"},"content":{"rendered":"<p><span style=\"color: #000000;\">Canap\u00e9 am\u00e9ricain old-school avec une fine bordure qui offre un contraste. De plus, il est \u00e9galement facile \u00e0 entretenir. Il convient \u00e0 tous les \u00e9tablissements de restauration et avec sa largeur de 120 cm il peut accueillir deux personnes.<\/span><\/p>\n<p><span style=\"color: #000000;\">Attention ! Les dimensions des banquettes sont susceptibles de varier de 1 \u00e0 2 cm selon le mat\u00e9riel utilis\u00e9.<\/span><\/p>\n","protected":false},"excerpt":{"rendered":"<p>Canap\u00e9 am\u00e9ricain old-school avec une fine bordure qui offre un contraste. De plus, il est \u00e9galement facile \u00e0 entretenir. Il<\/p>\n","protected":false},"featured_media":71491,"comment_status":"open","ping_status":"closed","template":"","meta":[],"product_brand":[],"product_cat":[9792],"product_tag":[10549,10533,10534,10535,10540],"class_list":{"0":"post-71490","1":"product","2":"type-product","3":"status-publish","4":"has-post-thumbnail","6":"product_cat-american-banquettes","7":"product_tag-nightlock-bank","8":"product_tag-horeca-meubelen","9":"product_tag-meuble-horeca","10":"product_tag-horeca-m-bel","11":"product_tag-horeca-furniture","12":"pa_product-color-color-rouge-fr","13":"pa_product-frame-color-wenge-frame-color-fr","14":"pa_product-more-colors-oui-fr","15":"pa_product-more-dimensions-oui-fr","16":"pa_product-seat-height-cm-44-seat-height-cm-fr","17":"pa_product-seats-2-seats-fr","18":"pa_product-upholstery-upholstery-simili-cuir-fr","19":"pa_product-usage-usage-interieur-fr","21":"first","22":"onbackorder","23":"sale","24":"taxable","25":"shipping-taxable","26":"purchasable","27":"product-type-simple"},"_links":{"self":[{"href":"https:\/\/horecacenter.com\/fr\/wp-json\/wp\/v2\/product\/71490","targetHints":{"allow":["GET"]}}],"collection":[{"href":"https:\/\/horecacenter.com\/fr\/wp-json\/wp\/v2\/product"}],"about":[{"href":"https:\/\/horecacenter.com\/fr\/wp-json\/wp\/v2\/types\/product"}],"replies":[{"embeddable":true,"href":"https:\/\/horecacenter.com\/fr\/wp-json\/wp\/v2\/comments?post=71490"}],"version-history":[{"count":1,"href":"https:\/\/horecacenter.com\/fr\/wp-json\/wp\/v2\/product\/71490\/revisions"}],"predecessor-version":[{"id":175134,"href":"https:\/\/horecacenter.com\/fr\/wp-json\/wp\/v2\/product\/71490\/revisions\/175134"}],"wp:featuredmedia":[{"embeddable":true,"href":"https:\/\/horecacenter.com\/fr\/wp-json\/wp\/v2\/media\/71491"}],"wp:attachment":[{"href":"https:\/\/horecacenter.com\/fr\/wp-json\/wp\/v2\/media?parent=71490"}],"wp:term":[{"taxonomy":"product_brand","embeddable":true,"href":"https:\/\/horecacenter.com\/fr\/wp-json\/wp\/v2\/product_brand?post=71490"},{"taxonomy":"product_cat","embeddable":true,"href":"https:\/\/horecacenter.com\/fr\/wp-json\/wp\/v2\/product_cat?post=71490"},{"taxonomy":"product_tag","embeddable":true,"href":"https:\/\/horecacenter.com\/fr\/wp-json\/wp\/v2\/product_tag?post=71490"}],"curies":[{"name":"wp","href":"https:\/\/api.w.org\/{rel}","templated":true}]}}