{"id":71740,"date":"2015-06-01T13:50:27","date_gmt":"2015-06-01T13:50:27","guid":{"rendered":"https:\/\/horecacenter.com\/?post_type=product&#038;p=71740"},"modified":"2026-03-19T09:48:38","modified_gmt":"2026-03-19T09:48:38","slug":"table-de-cafe-restaurant-et-horeca-dublin-wenge-70x70-cm-avec-base-2","status":"publish","type":"product","link":"https:\/\/horecacenter.com\/fr\/produit\/table-de-cafe-restaurant-et-horeca-dublin-wenge-70x70-cm-avec-base-2\/","title":{"rendered":"Table de Restaurant Avec Pied &#8211; DUBLIN WENG\u00c9 &#8211; 70&#215;70 cm"},"content":{"rendered":"<p><i class=\"fas fa-check-circle description-icon-green\" aria-hidden=\"true\"><\/i><span style=\"color: #ff6600;\"> Les tables ne sont pas assembl\u00e9es.<\/span><br \/>\n<i class=\"fas fa-check-circle description-icon-green\" aria-hidden=\"true\"><\/i><span style=\"color: #339966;\"> Les plateaux de table ne sont pas pr\u00e9-perc\u00e9s.<\/span><br \/>\n<i class=\"fas fa-check-circle description-icon-green\" aria-hidden=\"true\"><\/i><span style=\"color: #ff6600;\"> Les vis sont incluses si les plateaux de table sont command\u00e9s avec les pieds de table.<\/span><br \/>\n<i class=\"fas fa-check-circle description-icon-green\" aria-hidden=\"true\"><\/i><span style=\"color: #339966;\"> Le mat\u00e9riel n\u00e9cessaire pour l\u2019assemblage est inclus dans la bo\u00eete.<\/span><\/p>\n","protected":false},"excerpt":{"rendered":"<p>Les tables ne sont pas assembl\u00e9es. Les plateaux de table ne sont pas pr\u00e9-perc\u00e9s. Les vis sont incluses si les<\/p>\n","protected":false},"featured_media":71741,"comment_status":"open","ping_status":"closed","template":"","meta":[],"product_brand":[],"product_cat":[9896],"product_tag":[10745,10746,10747,10660,10748,10663,10749,10664,10750,10665,10787,10666,10667,10727,10729,10730,10731,10732,10733,10744],"class_list":{"0":"post-71740","1":"product","2":"type-product","3":"status-publish","4":"has-post-thumbnail","6":"product_cat-dublin-wenge-assortiment-de-table","7":"product_tag-restaurant-tafels","8":"product_tag-tables-de-restaurant","9":"product_tag-pied-de-table","10":"product_tag-restaurant-meubelen","11":"product_tag-restaurant-tables","12":"product_tag-meubles-de-restaurant","13":"product_tag-restaurant-tabellen","14":"product_tag-restaurant-furniture","15":"product_tag-horeca-tabellen","16":"product_tag-restaurant-m-bel","17":"product_tag-table-2","18":"product_tag-table-base","19":"product_tag-tischbasis","20":"product_tag-tafels-3","21":"product_tag-horeca-tafels","22":"product_tag-tables-5","23":"product_tag-tables-horeca","24":"product_tag-horeca-tables","25":"product_tag-tische-3","26":"product_tag-tafel-onderstel","27":"pa_product-frame-color-noir-framecolor-fr","28":"pa_product-more-colors-oui-fr","29":"pa_product-more-dimensions-oui-fr","30":"pa_product-seats-2-seats-fr","31":"pa_product-tabletop-color-wenge-tabletop-color-fr","32":"pa_product-usage-usage-interieur-fr","33":"pa_table-height-cm-74-cm-fr","35":"first","36":"instock","37":"sale","38":"taxable","39":"shipping-taxable","40":"purchasable","41":"product-type-simple"},"_links":{"self":[{"href":"https:\/\/horecacenter.com\/fr\/wp-json\/wp\/v2\/product\/71740","targetHints":{"allow":["GET"]}}],"collection":[{"href":"https:\/\/horecacenter.com\/fr\/wp-json\/wp\/v2\/product"}],"about":[{"href":"https:\/\/horecacenter.com\/fr\/wp-json\/wp\/v2\/types\/product"}],"replies":[{"embeddable":true,"href":"https:\/\/horecacenter.com\/fr\/wp-json\/wp\/v2\/comments?post=71740"}],"version-history":[{"count":1,"href":"https:\/\/horecacenter.com\/fr\/wp-json\/wp\/v2\/product\/71740\/revisions"}],"predecessor-version":[{"id":173641,"href":"https:\/\/horecacenter.com\/fr\/wp-json\/wp\/v2\/product\/71740\/revisions\/173641"}],"wp:featuredmedia":[{"embeddable":true,"href":"https:\/\/horecacenter.com\/fr\/wp-json\/wp\/v2\/media\/71741"}],"wp:attachment":[{"href":"https:\/\/horecacenter.com\/fr\/wp-json\/wp\/v2\/media?parent=71740"}],"wp:term":[{"taxonomy":"product_brand","embeddable":true,"href":"https:\/\/horecacenter.com\/fr\/wp-json\/wp\/v2\/product_brand?post=71740"},{"taxonomy":"product_cat","embeddable":true,"href":"https:\/\/horecacenter.com\/fr\/wp-json\/wp\/v2\/product_cat?post=71740"},{"taxonomy":"product_tag","embeddable":true,"href":"https:\/\/horecacenter.com\/fr\/wp-json\/wp\/v2\/product_tag?post=71740"}],"curies":[{"name":"wp","href":"https:\/\/api.w.org\/{rel}","templated":true}]}}