{"id":71748,"date":"2015-06-01T14:02:51","date_gmt":"2015-06-01T14:02:51","guid":{"rendered":"https:\/\/horecacenter.com\/?post_type=product&#038;p=71748"},"modified":"2026-03-19T07:58:45","modified_gmt":"2026-03-19T07:58:45","slug":"table-de-cafe-restaurant-et-horeca-dublin-noir-60x60-cm-avec-base-4","status":"publish","type":"product","link":"https:\/\/horecacenter.com\/fr\/produit\/table-de-cafe-restaurant-et-horeca-dublin-noir-60x60-cm-avec-base-4\/","title":{"rendered":"Table de Restaurant Avec Pied &#8211; DUBLIN NOIR &#8211; 60&#215;60 cm"},"content":{"rendered":"<p><i class=\"fas fa-check-circle description-icon-green\" aria-hidden=\"true\"><\/i><span style=\"color: #ff6600;\"> Les tables ne sont pas assembl\u00e9es.<\/span><br \/>\n<i class=\"fas fa-check-circle description-icon-green\" aria-hidden=\"true\"><\/i><span style=\"color: #339966;\"> Les plateaux de table ne sont pas pr\u00e9-perc\u00e9s.<\/span><br \/>\n<i class=\"fas fa-check-circle description-icon-green\" aria-hidden=\"true\"><\/i><span style=\"color: #ff6600;\"> Les vis sont incluses si les plateaux de table sont command\u00e9s avec les pieds de table.<\/span><br \/>\n<i class=\"fas fa-check-circle description-icon-green\" aria-hidden=\"true\"><\/i><span style=\"color: #339966;\"> Le mat\u00e9riel n\u00e9cessaire pour l\u2019assemblage est inclus dans la bo\u00eete.<\/span><\/p>\n","protected":false},"excerpt":{"rendered":"<p>Les tables ne sont pas assembl\u00e9es. Les plateaux de table ne sont pas pr\u00e9-perc\u00e9s. Les vis sont incluses si les<\/p>\n","protected":false},"featured_media":71749,"comment_status":"open","ping_status":"closed","template":"","meta":[],"product_brand":[],"product_cat":[9900],"product_tag":[10746,10666,10747,10667,10748,10727,10749,10729,10750,10730,10787,10731,10732,10660,10733,10663,10744,10664,10745,10665],"class_list":{"0":"post-71748","1":"product","2":"type-product","3":"status-publish","4":"has-post-thumbnail","6":"product_cat-dublin-noir-assortiment-de-table","7":"product_tag-tables-de-restaurant","8":"product_tag-table-base","9":"product_tag-pied-de-table","10":"product_tag-tischbasis","11":"product_tag-restaurant-tables","12":"product_tag-tafels-3","13":"product_tag-restaurant-tabellen","14":"product_tag-horeca-tafels","15":"product_tag-horeca-tabellen","16":"product_tag-tables-5","17":"product_tag-table-2","18":"product_tag-tables-horeca","19":"product_tag-horeca-tables","20":"product_tag-restaurant-meubelen","21":"product_tag-tische-3","22":"product_tag-meubles-de-restaurant","23":"product_tag-tafel-onderstel","24":"product_tag-restaurant-furniture","25":"product_tag-restaurant-tafels","26":"product_tag-restaurant-m-bel","27":"pa_product-frame-color-noir-framecolor-fr","28":"pa_product-more-colors-oui-fr","29":"pa_product-more-dimensions-oui-fr","30":"pa_product-seats-2-seats-fr","31":"pa_product-tabletop-color-noir-tabletop-color-fr","32":"pa_product-usage-usage-interieur-fr","33":"pa_table-height-cm-74-cm-fr","35":"first","36":"instock","37":"sale","38":"taxable","39":"shipping-taxable","40":"purchasable","41":"product-type-simple"},"_links":{"self":[{"href":"https:\/\/horecacenter.com\/fr\/wp-json\/wp\/v2\/product\/71748","targetHints":{"allow":["GET"]}}],"collection":[{"href":"https:\/\/horecacenter.com\/fr\/wp-json\/wp\/v2\/product"}],"about":[{"href":"https:\/\/horecacenter.com\/fr\/wp-json\/wp\/v2\/types\/product"}],"replies":[{"embeddable":true,"href":"https:\/\/horecacenter.com\/fr\/wp-json\/wp\/v2\/comments?post=71748"}],"version-history":[{"count":3,"href":"https:\/\/horecacenter.com\/fr\/wp-json\/wp\/v2\/product\/71748\/revisions"}],"predecessor-version":[{"id":190317,"href":"https:\/\/horecacenter.com\/fr\/wp-json\/wp\/v2\/product\/71748\/revisions\/190317"}],"wp:featuredmedia":[{"embeddable":true,"href":"https:\/\/horecacenter.com\/fr\/wp-json\/wp\/v2\/media\/71749"}],"wp:attachment":[{"href":"https:\/\/horecacenter.com\/fr\/wp-json\/wp\/v2\/media?parent=71748"}],"wp:term":[{"taxonomy":"product_brand","embeddable":true,"href":"https:\/\/horecacenter.com\/fr\/wp-json\/wp\/v2\/product_brand?post=71748"},{"taxonomy":"product_cat","embeddable":true,"href":"https:\/\/horecacenter.com\/fr\/wp-json\/wp\/v2\/product_cat?post=71748"},{"taxonomy":"product_tag","embeddable":true,"href":"https:\/\/horecacenter.com\/fr\/wp-json\/wp\/v2\/product_tag?post=71748"}],"curies":[{"name":"wp","href":"https:\/\/api.w.org\/{rel}","templated":true}]}}