{"id":72038,"date":"2015-10-09T13:33:39","date_gmt":"2015-10-09T13:33:39","guid":{"rendered":"https:\/\/horecacenter.com\/?post_type=product&#038;p=72038"},"modified":"2025-12-04T08:39:38","modified_gmt":"2025-12-04T08:39:38","slug":"table-de-terrasse-pliante-de-cafe-restaurant-et-horeca-gj765-60x60-cm","status":"publish","type":"product","link":"https:\/\/horecacenter.com\/fr\/produit\/table-de-terrasse-pliante-de-cafe-restaurant-et-horeca-gj765-60x60-cm\/","title":{"rendered":"Table Pour Terrasse de Restaurant Pliable  &#8211; Gj765 &#8211; 60&#215;60 cm"},"content":{"rendered":"<p><span style=\"color: #000000;\">Cette table de la marque Bolero est une table traditionnelle avec d&rsquo;\u00e9l\u00e9gants pieds en m\u00e9tal noir et un plateau en planches en plastique. <\/span><\/p>\n<p><span style=\"color: #000000;\">En raison de sa petite taille, la table peut \u00eatre utilis\u00e9e l\u00e0 o\u00f9 l&rsquo;espace est limit\u00e9 et peut \u00eatre pli\u00e9e pour \u00e9conomiser de l&rsquo;espace lorsqu&rsquo;elle n&rsquo;est pas utilis\u00e9e. <\/span><\/p>\n<p><span style=\"color: #000000;\">La structure robuste et fiable, rend la table id\u00e9al pour une utilisation professionnelle par les caf\u00e9s et les restaurants.<\/span><\/p>\n<p><i class=\"fas fa-check-circle description-icon-green\" aria-hidden=\"true\"><\/i><span style=\"color: #ff6600;\"> Les tables ne sont pas assembl\u00e9es.<\/span><br \/>\n<i class=\"fas fa-check-circle description-icon-green\" aria-hidden=\"true\"><\/i><span style=\"color: #339966;\"> Les plateaux de table ne sont pas pr\u00e9-perc\u00e9s.<\/span><br \/>\n<i class=\"fas fa-check-circle description-icon-green\" aria-hidden=\"true\"><\/i><span style=\"color: #ff6600;\"> Les vis sont incluses si les plateaux de table sont command\u00e9s avec les pieds de table.<\/span><br \/>\n<i class=\"fas fa-check-circle description-icon-green\" aria-hidden=\"true\"><\/i><span style=\"color: #339966;\"> Le mat\u00e9riel n\u00e9cessaire pour l\u2019assemblage est inclus dans la bo\u00eete.<\/span><\/p>\n","protected":false},"excerpt":{"rendered":"<p>Cette table de la marque Bolero est une table traditionnelle avec d&rsquo;\u00e9l\u00e9gants pieds en m\u00e9tal noir et un plateau en<\/p>\n","protected":false},"featured_media":72039,"comment_status":"open","ping_status":"closed","template":"","meta":[],"product_brand":[],"product_cat":[10360,17652],"product_tag":[10891,10892,10894,10896,10663,10666,10667,10729,10731,10744,10745,10746,10747,10748,10749,10750],"class_list":{"0":"post-72038","1":"product","2":"type-product","3":"status-publish","4":"has-post-thumbnail","6":"product_cat-tables-pliantes","7":"product_cat-outlet-fr","8":"product_tag-terrastafel","9":"product_tag-opklapbaar-tafel","10":"product_tag-table-de-terrasse-2","11":"product_tag-terrace-table-2","12":"product_tag-meubles-de-restaurant","13":"product_tag-table-base","14":"product_tag-tischbasis","15":"product_tag-horeca-tafels","16":"product_tag-tables-horeca","17":"product_tag-tafel-onderstel","18":"product_tag-restaurant-tafels","19":"product_tag-tables-de-restaurant","20":"product_tag-pied-de-table","21":"product_tag-restaurant-tables","22":"product_tag-restaurant-tabellen","23":"product_tag-horeca-tabellen","24":"pa_frame-non-empilable-frame-fr","25":"pa_product-frame-color-noir-framecolor-fr","26":"pa_product-more-colors-oui-fr","27":"pa_product-more-dimensions-oui-fr","28":"pa_product-tabletop-color-aspect-bois-tabletop-color-fr","29":"pa_product-usage-usage-interieur-fr","30":"pa_product-usage-usage-exterieur-fr","32":"first","33":"instock","34":"sale","35":"taxable","36":"shipping-taxable","37":"purchasable","38":"product-type-simple"},"_links":{"self":[{"href":"https:\/\/horecacenter.com\/fr\/wp-json\/wp\/v2\/product\/72038","targetHints":{"allow":["GET"]}}],"collection":[{"href":"https:\/\/horecacenter.com\/fr\/wp-json\/wp\/v2\/product"}],"about":[{"href":"https:\/\/horecacenter.com\/fr\/wp-json\/wp\/v2\/types\/product"}],"replies":[{"embeddable":true,"href":"https:\/\/horecacenter.com\/fr\/wp-json\/wp\/v2\/comments?post=72038"}],"version-history":[{"count":1,"href":"https:\/\/horecacenter.com\/fr\/wp-json\/wp\/v2\/product\/72038\/revisions"}],"predecessor-version":[{"id":169981,"href":"https:\/\/horecacenter.com\/fr\/wp-json\/wp\/v2\/product\/72038\/revisions\/169981"}],"wp:featuredmedia":[{"embeddable":true,"href":"https:\/\/horecacenter.com\/fr\/wp-json\/wp\/v2\/media\/72039"}],"wp:attachment":[{"href":"https:\/\/horecacenter.com\/fr\/wp-json\/wp\/v2\/media?parent=72038"}],"wp:term":[{"taxonomy":"product_brand","embeddable":true,"href":"https:\/\/horecacenter.com\/fr\/wp-json\/wp\/v2\/product_brand?post=72038"},{"taxonomy":"product_cat","embeddable":true,"href":"https:\/\/horecacenter.com\/fr\/wp-json\/wp\/v2\/product_cat?post=72038"},{"taxonomy":"product_tag","embeddable":true,"href":"https:\/\/horecacenter.com\/fr\/wp-json\/wp\/v2\/product_tag?post=72038"}],"curies":[{"name":"wp","href":"https:\/\/api.w.org\/{rel}","templated":true}]}}