{"id":72158,"date":"2016-06-06T17:16:57","date_gmt":"2016-06-06T17:16:57","guid":{"rendered":"https:\/\/horecacenter.com\/?post_type=product&#038;p=72158"},"modified":"2025-12-31T07:56:38","modified_gmt":"2025-12-31T07:56:38","slug":"base-de-table-pliante-de-cafe-restaurant-et-horeca-noir-4-pieds-hauteur-72-cm","status":"publish","type":"product","link":"https:\/\/horecacenter.com\/fr\/produit\/base-de-table-pliante-de-cafe-restaurant-et-horeca-noir-4-pieds-hauteur-72-cm\/","title":{"rendered":"Pied de Table Pliable Pour Restaurant &#8211; 35&#215;60 Hauteur 72 cm &#8211; Aluminium"},"content":{"rendered":"<ul>\n<li id=\"tw-target-text\" class=\"tw-data-text tw-text-large XcVN5d tw-ta\" dir=\"ltr\" data-placeholder=\"\u00c7eviri\"><span style=\"color: #000000;\">Vis de r\u00e9glage pour pied.<\/span><\/li>\n<li class=\"tw-data-text tw-text-large XcVN5d tw-ta\" dir=\"ltr\" data-placeholder=\"\u00c7eviri\"><span lang=\"fr\" style=\"color: #000000;\">Protection du sol.<\/span><\/li>\n<li class=\"tw-data-text tw-text-large XcVN5d tw-ta\" dir=\"ltr\" data-placeholder=\"\u00c7eviri\"><span lang=\"fr\" style=\"color: #000000;\">Livr\u00e9 dans un emballage plat.<\/span><\/li>\n<li dir=\"ltr\" data-placeholder=\"\u00c7eviri\"><span lang=\"fr\" style=\"color: #000000;\">1 an de garantie.<\/span><\/li>\n<li><span style=\"color: #000000;\">Montage vid\u00e9o : <a style=\"color: #000000;\" href=\"https:\/\/fb.watch\/5T528yV7bv\/\" rel=\"nofollow noopener\" target=\"_blank\">https:\/\/fb.watch\/5T528yV7bv\/<\/a><\/span><\/li>\n<li><span style=\"color: #000000;\">Les pieds de table ne sont pas assembl\u00e9es.<\/span><\/li>\n<li><span style=\"color: #000000;\">Le mat\u00e9riel n\u00e9cessaire pour l\u2019assemblage est inclus dans la bo\u00eete.<\/span><\/li>\n<\/ul>\n<p class=\"tw-data-text tw-text-large XcVN5d tw-ta\" dir=\"ltr\" data-placeholder=\"\u00c7eviri\"><span style=\"color: #000000;\"><strong><span lang=\"fr\">Convient aux plateaux de dimensions suivantes : <\/span><\/strong><\/span><\/p>\n<ul>\n<li class=\"tw-data-text tw-text-large XcVN5d tw-ta\" dir=\"ltr\" data-placeholder=\"\u00c7eviri\"><span lang=\"fr\" style=\"color: #000000;\">60&#215;60 cm<\/span><\/li>\n<li class=\"tw-data-text tw-text-large XcVN5d tw-ta\" dir=\"ltr\" data-placeholder=\"\u00c7eviri\"><span lang=\"fr\" style=\"color: #000000;\">70&#215;70 cm<\/span><\/li>\n<li class=\"tw-data-text tw-text-large XcVN5d tw-ta\" dir=\"ltr\" data-placeholder=\"\u00c7eviri\"><span lang=\"fr\" style=\"color: #000000;\">\u00d8 70 cm<\/span><\/li>\n<\/ul>\n","protected":false},"excerpt":{"rendered":"<p>Vis de r\u00e9glage pour pied. Protection du sol. Livr\u00e9 dans un emballage plat. 1 an de garantie. Montage vid\u00e9o :<\/p>\n","protected":false},"featured_media":72159,"comment_status":"open","ping_status":"closed","template":"","meta":[],"product_brand":[],"product_cat":[9812,9852],"product_tag":[10664,10665,10666,10667,10533,10535,10540,10610,10660,10663],"class_list":{"0":"post-72158","1":"product","2":"type-product","3":"status-publish","4":"has-post-thumbnail","6":"product_cat-pieds-de-table","7":"product_cat-terrasse-table-pied","8":"product_tag-restaurant-furniture","9":"product_tag-restaurant-m-bel","10":"product_tag-table-base","11":"product_tag-tischbasis","12":"product_tag-horeca-meubelen","13":"product_tag-horeca-m-bel","14":"product_tag-horeca-furniture","15":"product_tag-meubles-horeca","16":"product_tag-restaurant-meubelen","17":"product_tag-meubles-de-restaurant","18":"pa_frame-non-empilable-frame-fr","19":"pa_product-color-color-noir-fr","20":"pa_product-dimensions-bottom-pl-35x60-dimensions-bottom-plate-cm-fr","21":"pa_product-material-material-aluminium-fr","22":"pa_product-more-dimensions-oui-fr","23":"pa_product-package-dimension-cm-59x62x10-package-dimension-cm-fr","24":"pa_product-usage-usage-interieur-fr","25":"pa_product-usage-usage-exterieur-fr","26":"pa_table-base-height-cm-72-cm-fr","28":"first","29":"instock","30":"sale","31":"taxable","32":"shipping-taxable","33":"purchasable","34":"product-type-simple"},"_links":{"self":[{"href":"https:\/\/horecacenter.com\/fr\/wp-json\/wp\/v2\/product\/72158","targetHints":{"allow":["GET"]}}],"collection":[{"href":"https:\/\/horecacenter.com\/fr\/wp-json\/wp\/v2\/product"}],"about":[{"href":"https:\/\/horecacenter.com\/fr\/wp-json\/wp\/v2\/types\/product"}],"replies":[{"embeddable":true,"href":"https:\/\/horecacenter.com\/fr\/wp-json\/wp\/v2\/comments?post=72158"}],"version-history":[{"count":1,"href":"https:\/\/horecacenter.com\/fr\/wp-json\/wp\/v2\/product\/72158\/revisions"}],"predecessor-version":[{"id":173256,"href":"https:\/\/horecacenter.com\/fr\/wp-json\/wp\/v2\/product\/72158\/revisions\/173256"}],"wp:featuredmedia":[{"embeddable":true,"href":"https:\/\/horecacenter.com\/fr\/wp-json\/wp\/v2\/media\/72159"}],"wp:attachment":[{"href":"https:\/\/horecacenter.com\/fr\/wp-json\/wp\/v2\/media?parent=72158"}],"wp:term":[{"taxonomy":"product_brand","embeddable":true,"href":"https:\/\/horecacenter.com\/fr\/wp-json\/wp\/v2\/product_brand?post=72158"},{"taxonomy":"product_cat","embeddable":true,"href":"https:\/\/horecacenter.com\/fr\/wp-json\/wp\/v2\/product_cat?post=72158"},{"taxonomy":"product_tag","embeddable":true,"href":"https:\/\/horecacenter.com\/fr\/wp-json\/wp\/v2\/product_tag?post=72158"}],"curies":[{"name":"wp","href":"https:\/\/api.w.org\/{rel}","templated":true}]}}