{"id":72279,"date":"2017-03-31T17:26:29","date_gmt":"2017-03-31T17:26:29","guid":{"rendered":"https:\/\/horecacenter.com\/?post_type=product&#038;p=72279"},"modified":"2026-04-17T07:15:06","modified_gmt":"2026-04-17T07:15:06","slug":"banquette-de-cafe-restaurant-et-horeca-rome","status":"publish","type":"product","link":"https:\/\/horecacenter.com\/fr\/produit\/banquette-de-cafe-restaurant-et-horeca-rome\/","title":{"rendered":"Banquette de Restaurant &#8211; ROME ECO &#8211; Simili Cuir Noir"},"content":{"rendered":"<p><span style=\"color: #000000;\">Le canap\u00e9 Rome est assez compact et convient aux petits espaces. Ce canap\u00e9 est \u00e9conomique et facile \u00e0 entretenir. Il convient \u00e0 tous les \u00e9tablissements de restauration et avec sa largeur de 120 cm offre un espace pour deux personnes.<\/span><\/p>\n<p><span style=\"color: #000000;\">Attention ! Les dimensions des banquettes sont susceptibles de varier de 1 \u00e0 2 cm selon le mat\u00e9riel utilis\u00e9.<\/span><\/p>\n","protected":false},"excerpt":{"rendered":"<p>Le canap\u00e9 Rome est assez compact et convient aux petits espaces. Ce canap\u00e9 est \u00e9conomique et facile \u00e0 entretenir. Il<\/p>\n","protected":false},"featured_media":148852,"comment_status":"open","ping_status":"closed","template":"","meta":[],"product_brand":[],"product_cat":[9868],"product_tag":[10549,10533,10534,10535,10540],"class_list":{"0":"post-72279","1":"product","2":"type-product","3":"status-publish","4":"has-post-thumbnail","6":"product_cat-rome-banquettes","7":"product_tag-nightlock-bank","8":"product_tag-horeca-meubelen","9":"product_tag-meuble-horeca","10":"product_tag-horeca-m-bel","11":"product_tag-horeca-furniture","12":"pa_product-color-color-noir-fr","13":"pa_product-frame-color-wenge-frame-color-fr","14":"pa_product-more-colors-oui-fr","15":"pa_product-seat-height-cm-48-seat-height-cm-fr","16":"pa_product-seats-2-seats-fr","17":"pa_product-upholstery-upholstery-simili-cuir-fr","18":"pa_product-usage-usage-interieur-fr","20":"first","21":"instock","22":"sale","23":"taxable","24":"shipping-taxable","25":"purchasable","26":"product-type-simple"},"_links":{"self":[{"href":"https:\/\/horecacenter.com\/fr\/wp-json\/wp\/v2\/product\/72279","targetHints":{"allow":["GET"]}}],"collection":[{"href":"https:\/\/horecacenter.com\/fr\/wp-json\/wp\/v2\/product"}],"about":[{"href":"https:\/\/horecacenter.com\/fr\/wp-json\/wp\/v2\/types\/product"}],"replies":[{"embeddable":true,"href":"https:\/\/horecacenter.com\/fr\/wp-json\/wp\/v2\/comments?post=72279"}],"version-history":[{"count":1,"href":"https:\/\/horecacenter.com\/fr\/wp-json\/wp\/v2\/product\/72279\/revisions"}],"predecessor-version":[{"id":175123,"href":"https:\/\/horecacenter.com\/fr\/wp-json\/wp\/v2\/product\/72279\/revisions\/175123"}],"wp:featuredmedia":[{"embeddable":true,"href":"https:\/\/horecacenter.com\/fr\/wp-json\/wp\/v2\/media\/148852"}],"wp:attachment":[{"href":"https:\/\/horecacenter.com\/fr\/wp-json\/wp\/v2\/media?parent=72279"}],"wp:term":[{"taxonomy":"product_brand","embeddable":true,"href":"https:\/\/horecacenter.com\/fr\/wp-json\/wp\/v2\/product_brand?post=72279"},{"taxonomy":"product_cat","embeddable":true,"href":"https:\/\/horecacenter.com\/fr\/wp-json\/wp\/v2\/product_cat?post=72279"},{"taxonomy":"product_tag","embeddable":true,"href":"https:\/\/horecacenter.com\/fr\/wp-json\/wp\/v2\/product_tag?post=72279"}],"curies":[{"name":"wp","href":"https:\/\/api.w.org\/{rel}","templated":true}]}}