{"id":72403,"date":"2018-03-27T09:37:12","date_gmt":"2018-03-27T09:37:12","guid":{"rendered":"https:\/\/horecacenter.com\/?post_type=product&#038;p=72403"},"modified":"2026-03-16T12:29:45","modified_gmt":"2026-03-16T12:29:45","slug":"chaise-de-cafe-restaurant-et-horeca-basic","status":"publish","type":"product","link":"https:\/\/horecacenter.com\/fr\/produit\/chaise-de-cafe-restaurant-et-horeca-basic\/","title":{"rendered":"Chaise de Restaurant &#8211; BASIC &#8211; Simili Cuir Taupe"},"content":{"rendered":"<p>Cette chaise \u00e9l\u00e9gante est rev\u00eatue de <strong>simili cuir Bronco<\/strong>, un mat\u00e9riau qui combine l\u2019esth\u00e9tique du cuir v\u00e9ritable avec les avantages pratiques des mat\u00e9riaux synth\u00e9tiques. Le tissu Bronco est reconnu pour sa durabilit\u00e9, sa facilit\u00e9 d\u2019entretien et son confort. Il est largement utilis\u00e9 pour le rev\u00eatement de meubles tels que chaises, canap\u00e9s et t\u00eates de lit. Ce mat\u00e9riau apporte une touche luxueuse \u00e0 tout int\u00e9rieur.<\/p>\n<p><strong>Chaise Horeca \u00c9l\u00e9gante avec Confort Moderne<\/strong><\/p>\n<p>La <strong>Chaise Horeca BASIC \u2013 Simili cuir Taupe<\/strong> associe un design \u00e9pur\u00e9 \u00e0 une assise confortable. La couleur taupe \u00e9l\u00e9gante cr\u00e9e une atmosph\u00e8re chaleureuse et moderne dans les restaurants, caf\u00e9s et h\u00f4tels. Le cadre en h\u00eatre noir offre une base solide et une finition raffin\u00e9e. Gr\u00e2ce \u00e0 son design intemporel, cette chaise s\u2019int\u00e8gre facilement dans diff\u00e9rents styles d\u2019int\u00e9rieur. Le similicuir de haute qualit\u00e9 assure une assise douce et durable qui invite les clients \u00e0 rester plus longtemps. Les chaises pour votre \u00e9tablissement existent dans de nombreuses formes, tailles et couleurs. Horeca Center propose une large s\u00e9lection de mod\u00e8les avec diff\u00e9rents mat\u00e9riaux et options de confort. Vous souhaitez un mobilier sur mesure ou avez des questions sur l\u2019am\u00e9nagement de votre \u00e9tablissement ? Horeca Center vous accompagne avec des conseils professionnels. Contactez-nous par <strong>T\u00e9l\u00e9phone<\/strong>, <strong>WhatsApp<\/strong> ou <strong>e-mail<\/strong> ou visitez notre showroom.<\/p>\n<p><span style=\"color: #000000;\"><strong>Informations suppl\u00e9mentaires :<\/strong><\/span><\/p>\n<ul>\n<li><span style=\"color: #000000;\">Livr\u00e9 avec un clou de glissement en plastique standard.<\/span><\/li>\n<li><span style=\"color: #000000;\">Livr\u00e9 enti\u00e8rement pr\u00eat \u00e0 l&#8217;emploi.<\/span><\/li>\n<li><span style=\"color: #000000;\">Produit europ\u00e9en garantie.<\/span><\/li>\n<li><span style=\"color: #000000;\">1 an de garantie.<\/span><\/li>\n<\/ul>\n","protected":false},"excerpt":{"rendered":"<p>Cette chaise \u00e9l\u00e9gante est rev\u00eatue de simili cuir Bronco, un mat\u00e9riau qui combine l\u2019esth\u00e9tique du cuir v\u00e9ritable avec les avantages<\/p>\n","protected":false},"featured_media":72404,"comment_status":"open","ping_status":"closed","template":"","meta":[],"product_brand":[],"product_cat":[9856],"product_tag":[10585,10588,10589,10593,10610,10533,10651,10535,10652,10540,10653,10579,10654,10580,10655,10584,10656],"class_list":{"0":"post-72403","1":"product","2":"type-product","3":"status-publish","4":"has-post-thumbnail","6":"product_cat-chaises-en-cuir","7":"product_tag-chaises-horeca","8":"product_tag-restaurant-chairs","9":"product_tag-horeca-chairs","10":"product_tag-horeca-st-hle","11":"product_tag-meubles-horeca","12":"product_tag-horeca-meubelen","13":"product_tag-horeca-inrichting","14":"product_tag-horeca-m-bel","15":"product_tag-stoel","16":"product_tag-horeca-furniture","17":"product_tag-stuhl","18":"product_tag-horeca-stoelen","19":"product_tag-restaurant-st-hle","20":"product_tag-restaurant-stoelen","21":"product_tag-chair-2","22":"product_tag-chaises-de-restaurant","23":"product_tag-chaise","24":"pa_armrest-armrest-non-fr","25":"pa_frame-non-empilable-frame-fr","26":"pa_product-color-color-taupe-fr","27":"pa_product-frame-color-noir-framecolor-fr","28":"pa_product-material-material-cadre-en-bois-fr","29":"pa_product-more-colors-oui-fr","30":"pa_product-seat-cm-42x42-seat-cm-fr","31":"pa_product-seat-height-cm-50-seat-height-cm-fr","32":"pa_product-seat-width-cm-42-seat-width-cm-fr","33":"pa_product-seats-1-seats-fr","34":"pa_product-upholstery-upholstery-simili-cuir-fr","35":"pa_product-usage-usage-interieur-fr","37":"first","38":"instock","39":"sale","40":"taxable","41":"shipping-taxable","42":"purchasable","43":"product-type-simple"},"_links":{"self":[{"href":"https:\/\/horecacenter.com\/fr\/wp-json\/wp\/v2\/product\/72403","targetHints":{"allow":["GET"]}}],"collection":[{"href":"https:\/\/horecacenter.com\/fr\/wp-json\/wp\/v2\/product"}],"about":[{"href":"https:\/\/horecacenter.com\/fr\/wp-json\/wp\/v2\/types\/product"}],"replies":[{"embeddable":true,"href":"https:\/\/horecacenter.com\/fr\/wp-json\/wp\/v2\/comments?post=72403"}],"version-history":[{"count":2,"href":"https:\/\/horecacenter.com\/fr\/wp-json\/wp\/v2\/product\/72403\/revisions"}],"predecessor-version":[{"id":189842,"href":"https:\/\/horecacenter.com\/fr\/wp-json\/wp\/v2\/product\/72403\/revisions\/189842"}],"wp:featuredmedia":[{"embeddable":true,"href":"https:\/\/horecacenter.com\/fr\/wp-json\/wp\/v2\/media\/72404"}],"wp:attachment":[{"href":"https:\/\/horecacenter.com\/fr\/wp-json\/wp\/v2\/media?parent=72403"}],"wp:term":[{"taxonomy":"product_brand","embeddable":true,"href":"https:\/\/horecacenter.com\/fr\/wp-json\/wp\/v2\/product_brand?post=72403"},{"taxonomy":"product_cat","embeddable":true,"href":"https:\/\/horecacenter.com\/fr\/wp-json\/wp\/v2\/product_cat?post=72403"},{"taxonomy":"product_tag","embeddable":true,"href":"https:\/\/horecacenter.com\/fr\/wp-json\/wp\/v2\/product_tag?post=72403"}],"curies":[{"name":"wp","href":"https:\/\/api.w.org\/{rel}","templated":true}]}}